{"id":8801,"date":"2025-09-17T12:15:10","date_gmt":"2025-09-17T10:15:10","guid":{"rendered":"https:\/\/boreait.com\/hu\/?post_type=product&#038;p=8801"},"modified":"2025-09-17T12:16:20","modified_gmt":"2025-09-17T10:16:20","slug":"eredeti-lenovo-thinkpad-t410s-cpu-ventilator-hutoborda-e233037-laptop-alkatreszek","status":"publish","type":"product","link":"https:\/\/boreait.com\/hu\/termek\/eredeti-lenovo-thinkpad-t410s-cpu-ventilator-hutoborda-e233037-laptop-alkatreszek\/","title":{"rendered":"Eredeti Lenovo ThinkPad T410s CPU ventil\u00e1tor\/h\u0171t\u0151borda E233037 laptop alkatr\u00e9szek"},"content":{"rendered":"<p>Gy\u0151z\u0151dj\u00f6n meg arr\u00f3l, hogy Lenovo ThinkPad T410s h\u0171v\u00f6s \u00e9s hat\u00e9kony marad az eredeti Lenovo ThinkPad T410s CPU VENTIL\u00c1TOR E233037 h\u0171t\u0151bord\u00e1val. Ezt a kiv\u00e1l\u00f3 min\u0151s\u00e9g\u0171 cserealkatr\u00e9szt kifejezetten \u00fagy tervezt\u00e9k, hogy optim\u00e1lis h\u0151elvezet\u00e9st biztos\u00edtson, \u00e9s fenntartsa laptopja teljes\u00edtm\u00e9ny\u00e9t \u00e9s \u00e9lettartam\u00e1t.<\/p>\n<p>Az eredeti Lenovo ventil\u00e1torral \u00e9s h\u0171t\u0151bord\u00e1val rendelkez\u0151 cserealkatr\u00e9sz \u00fagy k\u00e9sz\u00fclt, hogy megfeleljen a ThinkPad T410s pontos specifik\u00e1ci\u00f3inak, t\u00f6k\u00e9letes illeszked\u00e9st \u00e9s megb\u00edzhat\u00f3 m\u0171k\u00f6d\u00e9st biztos\u00edtva. Ak\u00e1r t\u00falmeleged\u00e9si probl\u00e9m\u00e1kkal k\u00fczd, ak\u00e1r egyszer\u0171en cser\u00e9re van sz\u00fcks\u00e9ge az elhaszn\u00e1l\u00f3dott ventil\u00e1torra, ez a h\u0171t\u0151bord\u00e1val ell\u00e1tott CPU-ventil\u00e1tor az ide\u00e1lis megold\u00e1s.<\/p>\n<p>A telep\u00edt\u00e9s egyszer\u0171, lehet\u0151v\u00e9 teszi a megl\u00e9v\u0151 ventil\u00e1tor \u00e9s h\u0171t\u0151borda gyors \u00e9s egyszer\u0171 cser\u00e9j\u00e9t. A strapab\u00edr\u00f3 konstrukci\u00f3 hosszan tart\u00f3 teljes\u00edtm\u00e9nyt biztos\u00edt, h\u0171v\u00f6sen tartja laptopj\u00e1t intenz\u00edv haszn\u00e1lat mellett is. Ezzel az eredeti Lenovo alkatr\u00e9szrel b\u00edzhat abban, hogy ThinkPad T410s tov\u00e1bbra is z\u00f6kken\u0151mentesen \u00e9s hat\u00e9konyan fog m\u0171k\u00f6dni.<\/p>\n<p>Ne k\u00f6ss\u00f6n kompromisszumot a min\u0151s\u00e9g ter\u00e9n, ha laptopja h\u0171t\u0151rendszer\u00e9r\u0151l van sz\u00f3. Fektessen be az eredeti Lenovo ThinkPad T410s CPU VENTIL\u00c1TOR E233037 h\u0171t\u0151bord\u00e1val, \u00e9s \u00e9lvezze azt a nyugalmat, amely azzal j\u00e1r, hogy k\u00e9sz\u00fcl\u00e9ke v\u00e9dett a t\u00falmeleged\u00e9s ellen. Rendelje meg saj\u00e1tj\u00e1t m\u00e9g ma, \u00e9s biztos\u00edtsa a Lenovo ThinkPad T410s legjobb teljes\u00edtm\u00e9ny\u00e9t.<\/p>\n","protected":false},"excerpt":{"rendered":"<p>Tartsa h\u0171v\u00f6sen Lenovo ThinkPad T410-eit ezzel az eredeti h\u0171t\u0151bord\u00e1val ell\u00e1tott CPU ventil\u00e1torral. Az optim\u00e1lis h\u0151elvezet\u00e9sre \u00e9s hat\u00e9kony h\u0171t\u00e9sre tervezett kiv\u00e1l\u00f3 min\u0151s\u00e9g\u0171 cserealkatr\u00e9sz biztos\u00edtja a laptop z\u00f6kken\u0151mentes \u00e9s megb\u00edzhat\u00f3 m\u0171k\u00f6d\u00e9s\u00e9t.<\/p>\n","protected":false},"featured_media":8856,"template":"","meta":[],"product_brand":[],"product_cat":[33],"product_tag":[26],"class_list":{"0":"post-8801","1":"product","2":"type-product","3":"status-publish","4":"has-post-thumbnail","6":"product_cat-cpu-fans-heatsinks","7":"product_tag-lenovo","9":"first","10":"instock","11":"taxable","12":"shipping-taxable","13":"purchasable","14":"product-type-simple"},"_links":{"self":[{"href":"https:\/\/boreait.com\/hu\/wp-json\/wp\/v2\/product\/8801","targetHints":{"allow":["GET"]}}],"collection":[{"href":"https:\/\/boreait.com\/hu\/wp-json\/wp\/v2\/product"}],"about":[{"href":"https:\/\/boreait.com\/hu\/wp-json\/wp\/v2\/types\/product"}],"wp:featuredmedia":[{"embeddable":true,"href":"https:\/\/boreait.com\/hu\/wp-json\/wp\/v2\/media\/8856"}],"wp:attachment":[{"href":"https:\/\/boreait.com\/hu\/wp-json\/wp\/v2\/media?parent=8801"}],"wp:term":[{"taxonomy":"product_brand","embeddable":true,"href":"https:\/\/boreait.com\/hu\/wp-json\/wp\/v2\/product_brand?post=8801"},{"taxonomy":"product_cat","embeddable":true,"href":"https:\/\/boreait.com\/hu\/wp-json\/wp\/v2\/product_cat?post=8801"},{"taxonomy":"product_tag","embeddable":true,"href":"https:\/\/boreait.com\/hu\/wp-json\/wp\/v2\/product_tag?post=8801"}],"curies":[{"name":"wp","href":"https:\/\/api.w.org\/{rel}","templated":true}]}}