{"id":8800,"date":"2025-09-17T12:15:09","date_gmt":"2025-09-17T10:15:09","guid":{"rendered":"https:\/\/boreait.com\/hu\/?post_type=product&#038;p=8800"},"modified":"2026-01-30T08:29:26","modified_gmt":"2026-01-30T07:29:26","slug":"eredeti-lenovo-thinkpad-t430s-t430si-t420si-t420s-lcd-video-kabel-04w1686-laptop-alkatreszek","status":"publish","type":"product","link":"https:\/\/boreait.com\/hu\/termek\/eredeti-lenovo-thinkpad-t430s-t430si-t420si-t420s-lcd-video-kabel-04w1686-laptop-alkatreszek\/","title":{"rendered":"EREDETI LENOVO THINKPAD T430S T430Si T420Si T420S LCD VIDE\u00d3 K\u00c1BEL 04W1686 Laptop alkatr\u00e9szek"},"content":{"rendered":"<p>\u00c1ll\u00edtsa vissza Lenovo ThinkPad kijelz\u0151j\u00e9nek teljes\u00edtm\u00e9ny\u00e9t az Eredeti Lenovo ThinkPad T430S T430Si T420Si T420S 04W1686 LCD VIDEOK\u00c1BEL seg\u00edts\u00e9g\u00e9vel. A prec\u00edz kompatibilit\u00e1sra \u00e9s az optim\u00e1lis funkcionalit\u00e1sra tervezett kiv\u00e1l\u00f3 min\u0151s\u00e9g\u0171 videok\u00e1bel-csere biztos\u00edtja, hogy laptopja k\u00e9perny\u0151je hib\u00e1tlanul m\u0171k\u00f6dj\u00f6n.<\/p>\n<p>Ak\u00e1r megjelen\u00edt\u00e9si probl\u00e9m\u00e1kkal szembes\u00fcl, ak\u00e1r egyszer\u0171en friss\u00edti laptopj\u00e1t, ez az eredeti Lenovo alkatr\u00e9sz biztos\u00edtja a sz\u00fcks\u00e9ges megb\u00edzhat\u00f3s\u00e1got \u00e9s teljes\u00edtm\u00e9nyt. A legmagasabb szabv\u00e1nyoknak megfelel\u0151en tervezett k\u00e1bel tiszta \u00e9s megszak\u00edt\u00e1s n\u00e9lk\u00fcli videokimenetet biztos\u00edt, meg\u0151rizve a ThinkPad kijelz\u0151j\u00e9nek integrit\u00e1s\u00e1t.<\/p>\n<p>Ennek az LCD videok\u00e1belnek a felszerel\u00e9se egyszer\u0171, \u00edgy t\u00f6k\u00e9letes megold\u00e1st jelent a bark\u00e1csol\u00e1s szerelmeseinek \u00e9s a professzion\u00e1lis technikusoknak egyar\u00e1nt. Strapab\u00edr\u00f3 konstrukci\u00f3ja hossz\u00fa \u00e9lettartamot garant\u00e1l, \u00edgy b\u00edzhat abban, hogy laptopja kijelz\u0151je kiv\u00e1l\u00f3 \u00e1llapotban marad.<\/p>\n<p>Tapasztalja meg az eredeti Lenovo alkatr\u00e9szek min\u0151s\u00e9g\u00e9t \u00e9s megb\u00edzhat\u00f3s\u00e1g\u00e1t a Lenovo ThinkPad T430S T430Si T420Si T420S LCD VIDE\u00d3K\u00c1BEL 04W1686 seg\u00edts\u00e9g\u00e9vel. Gy\u0151z\u0151dj\u00f6n meg arr\u00f3l, hogy laptopja kijelz\u0151je t\u00f6k\u00e9letesen m\u0171k\u00f6dik, ha ezt az eredeti cserealkatr\u00e9szt v\u00e1lasztja. Rendeljen most, \u00e9s \u00e9lvezze a z\u00f6kken\u0151mentes vizu\u00e1lis \u00e9lm\u00e9nyt Lenovo ThinkPadj\u00e9n.<\/p>\n","protected":false},"excerpt":{"rendered":"<p>Cser\u00e9lje ki a s\u00e9r\u00fclt vagy hib\u00e1s LCD videok\u00e1belt erre az eredeti Lenovo ThinkPad T430S, T430Si, T420Si \u00e9s T420S k\u00e1belre. Gondoskodjon tiszta, megszak\u00edt\u00e1s n\u00e9lk\u00fcli megjelen\u00edt\u00e9sr\u0151l ezzel a kiv\u00e1l\u00f3 min\u0151s\u00e9g\u0171, k\u00f6nnyen telep\u00edthet\u0151 cserealkatr\u00e9szsel.<\/p>\n","protected":false},"featured_media":8855,"template":"","meta":[],"product_brand":[],"product_cat":[20],"product_tag":[26],"class_list":{"0":"post-8800","1":"product","2":"type-product","3":"status-publish","4":"has-post-thumbnail","6":"product_cat-cables","7":"product_tag-lenovo","9":"first","10":"instock","11":"taxable","12":"shipping-taxable","13":"purchasable","14":"product-type-simple"},"_links":{"self":[{"href":"https:\/\/boreait.com\/hu\/wp-json\/wp\/v2\/product\/8800","targetHints":{"allow":["GET"]}}],"collection":[{"href":"https:\/\/boreait.com\/hu\/wp-json\/wp\/v2\/product"}],"about":[{"href":"https:\/\/boreait.com\/hu\/wp-json\/wp\/v2\/types\/product"}],"wp:featuredmedia":[{"embeddable":true,"href":"https:\/\/boreait.com\/hu\/wp-json\/wp\/v2\/media\/8855"}],"wp:attachment":[{"href":"https:\/\/boreait.com\/hu\/wp-json\/wp\/v2\/media?parent=8800"}],"wp:term":[{"taxonomy":"product_brand","embeddable":true,"href":"https:\/\/boreait.com\/hu\/wp-json\/wp\/v2\/product_brand?post=8800"},{"taxonomy":"product_cat","embeddable":true,"href":"https:\/\/boreait.com\/hu\/wp-json\/wp\/v2\/product_cat?post=8800"},{"taxonomy":"product_tag","embeddable":true,"href":"https:\/\/boreait.com\/hu\/wp-json\/wp\/v2\/product_tag?post=8800"}],"curies":[{"name":"wp","href":"https:\/\/api.w.org\/{rel}","templated":true}]}}