{"id":8798,"date":"2025-09-17T12:15:09","date_gmt":"2025-09-17T10:15:09","guid":{"rendered":"https:\/\/boreait.com\/hu\/?post_type=product&#038;p=8798"},"modified":"2026-01-30T08:18:42","modified_gmt":"2026-01-30T07:18:42","slug":"eredeti-lenovo-thinkpad-t530-t530i-wwan-mobil-szelessavu-kartyakartya-04w3786-2","status":"publish","type":"product","link":"https:\/\/boreait.com\/hu\/termek\/eredeti-lenovo-thinkpad-t530-t530i-wwan-mobil-szelessavu-kartyakartya-04w3786-2\/","title":{"rendered":"Eredeti Lenovo Thinkpad T530 T530i WWAN mobil sz\u00e9less\u00e1v\u00fa k\u00e1rtyak\u00e1rtya 04W3786"},"content":{"rendered":"<p>Fokozza Lenovo Thinkpad T530 T530i laptopja csatlakoztathat\u00f3s\u00e1g\u00e1t az eredeti WWAN mobil sz\u00e9less\u00e1v\u00fa k\u00e1rtyalappal, cikksz\u00e1m: 04W3786. Ez a z\u00f6kken\u0151mentes kompatibilit\u00e1sra \u00e9s megb\u00edzhat\u00f3 teljes\u00edtm\u00e9nyre tervezett eredeti cserealkatr\u00e9sz egyszer\u0171 telep\u00edt\u00e9st \u00e9s tov\u00e1bbfejlesztett mobil sz\u00e9less\u00e1v\u00fa lehet\u0151s\u00e9geket biztos\u00edt.<\/p>\n<p>F\u0151bb jellemz\u0151k:<\/p>\n<p>&#8211; Eredeti Lenovo csere: A kompatibilit\u00e1s \u00e9s a megb\u00edzhat\u00f3s\u00e1g biztos\u00edt\u00e1sa hiteles cserealkatr\u00e9szekkel.<\/p>\n<p>&#8211; K\u00f6nny\u0171 telep\u00edt\u00e9s: Egyszer\u0171 telep\u00edt\u00e9ssel k\u00f6nnyed\u00e9n friss\u00edtheti eszk\u00f6ze csatlakoztathat\u00f3s\u00e1g\u00e1t.<\/p>\n<p>&#8211; Tov\u00e1bbfejlesztett mobil sz\u00e9less\u00e1v\u00fa k\u00e9pess\u00e9gek: Jav\u00edtsa laptopja mobil sz\u00e9less\u00e1v\u00fa k\u00e9pess\u00e9geit a fokozott termel\u00e9kenys\u00e9g \u00e9rdek\u00e9ben \u00fatk\u00f6zben.<\/p>\n<p>&#8211; Tart\u00f3s konstrukci\u00f3: Tart\u00f3sra tervezve, amely biztos\u00edtja a hossz\u00fa \u00e9lettartamot \u00e9s a megb\u00edzhat\u00f3s\u00e1got.<\/p>\n<p>Friss\u00edtse Lenovo Thinkpad T530 T530i laptopj\u00e1t m\u00e9g ma az eredeti WWAN mobil sz\u00e9less\u00e1v\u00fa k\u00e1rtyak\u00e1rty\u00e1val. V\u00e1s\u00e1roljon bizalommal, tudva, hogy min\u0151s\u00e9gi cserealkatr\u00e9szekbe fektet be k\u00e9sz\u00fcl\u00e9k\u00e9hez. Ha k\u00e9rd\u00e9se van, vagy seg\u00edts\u00e9gre van sz\u00fcks\u00e9ge, ne habozzon kapcsolatba l\u00e9pni vel\u00fcnk. Az\u00e9rt vagyunk itt, hogy seg\u00edts\u00fcnk eszk\u00f6ze csatlakoztathat\u00f3s\u00e1g\u00e1nak jav\u00edt\u00e1s\u00e1ban.<\/p>\n","protected":false},"excerpt":{"rendered":"<p>Fokozza Lenovo Thinkpad T530 T530i csatlakoztathat\u00f3s\u00e1g\u00e1t ezzel az eredeti WWAN mobil sz\u00e9less\u00e1v\u00fa k\u00e1rtyak\u00e1rty\u00e1val. K\u00f6nnyen telep\u00edthet\u0151 \u00e9s kompatibilis a 04W3786 cikksz\u00e1mmal. Friss\u00edtse eszk\u00f6ze mobil sz\u00e9less\u00e1v\u00fa k\u00e9pess\u00e9geit m\u00e9g ma!<\/p>\n","protected":false},"featured_media":8853,"template":"","meta":[],"product_brand":[],"product_cat":[27],"product_tag":[26],"class_list":{"0":"post-8798","1":"product","2":"type-product","3":"status-publish","4":"has-post-thumbnail","6":"product_cat-motherboards-board-parts","7":"product_tag-lenovo","9":"first","10":"instock","11":"taxable","12":"shipping-taxable","13":"purchasable","14":"product-type-simple"},"_links":{"self":[{"href":"https:\/\/boreait.com\/hu\/wp-json\/wp\/v2\/product\/8798","targetHints":{"allow":["GET"]}}],"collection":[{"href":"https:\/\/boreait.com\/hu\/wp-json\/wp\/v2\/product"}],"about":[{"href":"https:\/\/boreait.com\/hu\/wp-json\/wp\/v2\/types\/product"}],"wp:featuredmedia":[{"embeddable":true,"href":"https:\/\/boreait.com\/hu\/wp-json\/wp\/v2\/media\/8853"}],"wp:attachment":[{"href":"https:\/\/boreait.com\/hu\/wp-json\/wp\/v2\/media?parent=8798"}],"wp:term":[{"taxonomy":"product_brand","embeddable":true,"href":"https:\/\/boreait.com\/hu\/wp-json\/wp\/v2\/product_brand?post=8798"},{"taxonomy":"product_cat","embeddable":true,"href":"https:\/\/boreait.com\/hu\/wp-json\/wp\/v2\/product_cat?post=8798"},{"taxonomy":"product_tag","embeddable":true,"href":"https:\/\/boreait.com\/hu\/wp-json\/wp\/v2\/product_tag?post=8798"}],"curies":[{"name":"wp","href":"https:\/\/api.w.org\/{rel}","templated":true}]}}