{"id":8797,"date":"2025-09-17T12:15:08","date_gmt":"2025-09-17T10:15:08","guid":{"rendered":"https:\/\/boreait.com\/hu\/?post_type=product&#038;p=8797"},"modified":"2025-09-17T12:16:14","modified_gmt":"2025-09-17T10:16:14","slug":"eredeti-lenovo-thinkpad-t430si-t430s-t420si-t420s-dc-tapcsatlakozo-kartya-csatlakozo-laptop-alkatreszek","status":"publish","type":"product","link":"https:\/\/boreait.com\/hu\/termek\/eredeti-lenovo-thinkpad-t430si-t430s-t420si-t420s-dc-tapcsatlakozo-kartya-csatlakozo-laptop-alkatreszek\/","title":{"rendered":"Eredeti Lenovo ThinkPad T430SI T430S T420si T420S DC t\u00e1pcsatlakoz\u00f3 k\u00e1rtya csatlakoz\u00f3 laptop alkatr\u00e9szek"},"content":{"rendered":"<p>Gondoskodjon arr\u00f3l, hogy Lenovo ThinkPad T430SI, T430S, T420si vagy T420S laptopja folyamatosan \u00e1ram alatt maradjon, \u00e9s haszn\u00e1latra k\u00e9szen \u00e1lljon az eredeti Lenovo ThinkPad T430SI T430S T420si T420S egyen\u00e1ram\u00fa t\u00e1pcsatlakoz\u00f3 k\u00e1rtyacsatlakoz\u00f3val. Ezt a kiv\u00e1l\u00f3 min\u0151s\u00e9g\u0171 cserealkatr\u00e9szt \u00fagy tervezt\u00e9k, hogy stabil \u00e9s megb\u00edzhat\u00f3 t\u00e1pcsatlakoz\u00e1st biztos\u00edtson, biztos\u00edtva a laptop z\u00f6kken\u0151mentes \u00e9s hat\u00e9kony m\u0171k\u00f6d\u00e9s\u00e9t.<\/p>\n<p>A Lenovo szigor\u00fa min\u0151s\u00e9gi \u00e9s kompatibilit\u00e1si el\u0151\u00edr\u00e1sainak megfelel\u0151en kialak\u00edtott egyen\u00e1ram\u00fa t\u00e1pcsatlakoz\u00f3 a t\u00f6k\u00e9letes megold\u00e1s a ThinkPad jav\u00edt\u00e1s\u00e1ra vagy friss\u00edt\u00e9s\u00e9re. Ak\u00e1r megs\u00e9r\u00fclt a jelenlegi csatlakoz\u00f3, ak\u00e1r \u00e1ramell\u00e1t\u00e1si probl\u00e9m\u00e1k mer\u00fclnek fel, ez az eredeti cserealkatr\u00e9sz helyre\u00e1ll\u00edtja laptopja m\u0171k\u00f6d\u00e9s\u00e9t.<\/p>\n<p>A telep\u00edt\u00e9s egyszer\u0171, \u00edgy gyorsan \u00e9s egyszer\u0171en kicser\u00e9lheti a hib\u00e1s csatlakoz\u00f3t, \u00e9s vissza\u00e1ll\u00edthatja laptopja optim\u00e1lis teljes\u00edtm\u00e9ny\u00e9t. A strapab\u00edr\u00f3 fel\u00e9p\u00edt\u00e9snek \u00e9s a prec\u00edz tervez\u00e9snek k\u00f6sz\u00f6nhet\u0151en ez az er\u0151s\u00e1ram\u00fa csatlakoz\u00f3k\u00e1rtya hosszan tart\u00f3 megb\u00edzhat\u00f3s\u00e1got \u00e9s nyugalmat k\u00edn\u00e1l.<\/p>\n<p>Rendelje meg az eredeti Lenovo ThinkPad T430SI T430S T420si T420S egyen\u00e1ram\u00fa t\u00e1pcsatlakoz\u00f3t m\u00e9g ma, \u00e9s tartsa laptopj\u00e1t \u00e1ram alatt \u00e9s k\u00e9szen \u00e1ll a haszn\u00e1latra. \u00c9lvezze az eredeti Lenovo alkatr\u00e9szek haszn\u00e1lat\u00e1val j\u00e1r\u00f3 magabiztoss\u00e1got, \u00e9s gondoskodjon arr\u00f3l, hogy a ThinkPad tov\u00e1bbra is az elv\u00e1rt teljes\u00edtm\u00e9nyt ny\u00fajtsa.<\/p>\n","protected":false},"excerpt":{"rendered":"<p>Cser\u00e9lje ki a s\u00e9r\u00fclt egyen\u00e1ram\u00fa t\u00e1pcsatlakoz\u00f3 k\u00e1rtya csatlakoz\u00f3j\u00e1t erre az eredeti Lenovo alkatr\u00e9szre. A ThinkPad T430SI, T430S, T420si \u00e9s T420S modellekhez tervezett csatlakoz\u00f3 megb\u00edzhat\u00f3 t\u00e1pell\u00e1t\u00e1st biztos\u00edt, \u00e9s k\u00f6nnyen telep\u00edthet\u0151.<\/p>\n","protected":false},"featured_media":8852,"template":"","meta":[],"product_brand":[],"product_cat":[27],"product_tag":[26],"class_list":{"0":"post-8797","1":"product","2":"type-product","3":"status-publish","4":"has-post-thumbnail","6":"product_cat-motherboards-board-parts","7":"product_tag-lenovo","9":"first","10":"instock","11":"taxable","12":"shipping-taxable","13":"purchasable","14":"product-type-simple"},"_links":{"self":[{"href":"https:\/\/boreait.com\/hu\/wp-json\/wp\/v2\/product\/8797","targetHints":{"allow":["GET"]}}],"collection":[{"href":"https:\/\/boreait.com\/hu\/wp-json\/wp\/v2\/product"}],"about":[{"href":"https:\/\/boreait.com\/hu\/wp-json\/wp\/v2\/types\/product"}],"wp:featuredmedia":[{"embeddable":true,"href":"https:\/\/boreait.com\/hu\/wp-json\/wp\/v2\/media\/8852"}],"wp:attachment":[{"href":"https:\/\/boreait.com\/hu\/wp-json\/wp\/v2\/media?parent=8797"}],"wp:term":[{"taxonomy":"product_brand","embeddable":true,"href":"https:\/\/boreait.com\/hu\/wp-json\/wp\/v2\/product_brand?post=8797"},{"taxonomy":"product_cat","embeddable":true,"href":"https:\/\/boreait.com\/hu\/wp-json\/wp\/v2\/product_cat?post=8797"},{"taxonomy":"product_tag","embeddable":true,"href":"https:\/\/boreait.com\/hu\/wp-json\/wp\/v2\/product_tag?post=8797"}],"curies":[{"name":"wp","href":"https:\/\/api.w.org\/{rel}","templated":true}]}}