{"id":8784,"date":"2025-09-17T12:14:42","date_gmt":"2025-09-17T10:14:42","guid":{"rendered":"https:\/\/boreait.com\/hu\/?post_type=product&#038;p=8784"},"modified":"2025-09-17T12:16:11","modified_gmt":"2025-09-17T10:16:11","slug":"eredeti-lenovo-thinkpad-x1-ujjlenyomat-olvaso-bd-55-4qe03-011-48-4qe18-011-laptop-alkatreszek","status":"publish","type":"product","link":"https:\/\/boreait.com\/hu\/termek\/eredeti-lenovo-thinkpad-x1-ujjlenyomat-olvaso-bd-55-4qe03-011-48-4qe18-011-laptop-alkatreszek\/","title":{"rendered":"Eredeti Lenovo ThinkPad X1 ujjlenyomat-olvas\u00f3 BD 55.4QE03.011 48.4QE18.011 laptop alkatr\u00e9szek"},"content":{"rendered":"<p>N\u00f6velje Lenovo ThinkPad X1 biztons\u00e1g\u00e1t \u00e9s funkcionalit\u00e1s\u00e1t az eredeti Lenovo ThinkPad X1 BD 55.4QE03.011 48.4QE18.011 ujjlenyomat-olvas\u00f3val. A pontoss\u00e1gra \u00e9s kompatibilit\u00e1sra tervezett ujjlenyomat-olvas\u00f3k\u00e1rtya-csere \u00fagy lett kialak\u00edtva, hogy z\u00f6kken\u0151mentesen integr\u00e1l\u00f3djon az \u00d6n k\u00e9sz\u00fcl\u00e9k\u00e9be, megb\u00edzhat\u00f3 \u00e9s pontos ujjlenyomat-felismer\u00e9st biztos\u00edtva a fokozott biztons\u00e1g \u00e9rdek\u00e9ben.<\/p>\n<p>Az eredeti Lenovo min\u0151s\u00e9ggel rendelkez\u0151 ujjlenyomat-olvas\u00f3 k\u00e1rtya t\u00f6k\u00e9letes megold\u00e1s laptopja ujjlenyomat-leolvas\u00f3 funkci\u00f3inak eredeti \u00e1llapot\u00e1nak vissza\u00e1ll\u00edt\u00e1s\u00e1ra. Ak\u00e1r hib\u00e1s olvas\u00f3t cser\u00e9l, ak\u00e1r a fejlett biztons\u00e1gi funkci\u00f3k kihaszn\u00e1l\u00e1sa \u00e9rdek\u00e9ben friss\u00edt, ezt az eredeti cserealkatr\u00e9szt \u00fagy tervezt\u00e9k, hogy megfeleljen a legmagasabb min\u0151s\u00e9gi \u00e9s teljes\u00edtm\u00e9nyi k\u00f6vetelm\u00e9nyeknek.<\/p>\n<p>A telep\u00edt\u00e9s gyors \u00e9s egyszer\u0171, \u00edgy pillanatok alatt \u00e9lvezheti a fokozott biztons\u00e1g \u00e9s k\u00e9nyelem el\u0151nyeit. Strapab\u00edr\u00f3 fel\u00e9p\u00edt\u00e9s\u00e9nek \u00e9s megb\u00edzhat\u00f3 teljes\u00edtm\u00e9ny\u00e9nek k\u00f6sz\u00f6nhet\u0151en megb\u00edzhat abban, hogy Lenovo ThinkPad X1 k\u00e9sz\u00fcl\u00e9ke v\u00e9dve lesz az illet\u00e9ktelen hozz\u00e1f\u00e9r\u00e9s ellen, \u00e9s b\u00e1rmikor k\u00e9szen \u00e1ll a haszn\u00e1latra.<\/p>\n<p>Tapasztalja meg az eredeti Lenovo alkatr\u00e9szek \u00e1ltal ny\u00fajtott k\u00fcl\u00f6nbs\u00e9get, \u00e9s gondoskodjon arr\u00f3l, hogy laptopja tov\u00e1bbra is megb\u00edzhat\u00f3 biztons\u00e1got \u00e9s teljes\u00edtm\u00e9nyt ny\u00fajtson az eredeti Lenovo ThinkPad X1 BD 55.4QE03.011 48.4QE18.011 ujjlenyomat-olvas\u00f3val. Rendelje meg saj\u00e1tj\u00e1t m\u00e9g ma, \u00e9s \u00e9lvezze a nyugalmat, tudva, hogy k\u00e9sz\u00fcl\u00e9ke v\u00e9dett.<\/p>\n","protected":false},"excerpt":{"rendered":"<p>\u00c1ll\u00edtsa vissza Lenovo ThinkPad X1 biztons\u00e1g\u00e1t \u00e9s k\u00e9nyelm\u00e9t ezzel az eredeti ujjlenyomat-olvas\u00f3 k\u00e1rty\u00e1val. A z\u00f6kken\u0151mentes integr\u00e1ci\u00f3ra tervezett kiv\u00e1l\u00f3 min\u0151s\u00e9g\u0171 csere biztos\u00edtja a pontos ujjlenyomat-felismer\u00e9st \u00e9s az eszk\u00f6zh\u00f6z val\u00f3 k\u00f6nny\u0171 hozz\u00e1f\u00e9r\u00e9st. Friss\u00edtse laptopj\u00e1t m\u00e9g ma!<\/p>\n","protected":false},"featured_media":8850,"template":"","meta":[],"product_brand":[],"product_cat":[27],"product_tag":[26],"class_list":{"0":"post-8784","1":"product","2":"type-product","3":"status-publish","4":"has-post-thumbnail","6":"product_cat-motherboards-board-parts","7":"product_tag-lenovo","9":"first","10":"instock","11":"taxable","12":"shipping-taxable","13":"purchasable","14":"product-type-simple"},"_links":{"self":[{"href":"https:\/\/boreait.com\/hu\/wp-json\/wp\/v2\/product\/8784","targetHints":{"allow":["GET"]}}],"collection":[{"href":"https:\/\/boreait.com\/hu\/wp-json\/wp\/v2\/product"}],"about":[{"href":"https:\/\/boreait.com\/hu\/wp-json\/wp\/v2\/types\/product"}],"wp:featuredmedia":[{"embeddable":true,"href":"https:\/\/boreait.com\/hu\/wp-json\/wp\/v2\/media\/8850"}],"wp:attachment":[{"href":"https:\/\/boreait.com\/hu\/wp-json\/wp\/v2\/media?parent=8784"}],"wp:term":[{"taxonomy":"product_brand","embeddable":true,"href":"https:\/\/boreait.com\/hu\/wp-json\/wp\/v2\/product_brand?post=8784"},{"taxonomy":"product_cat","embeddable":true,"href":"https:\/\/boreait.com\/hu\/wp-json\/wp\/v2\/product_cat?post=8784"},{"taxonomy":"product_tag","embeddable":true,"href":"https:\/\/boreait.com\/hu\/wp-json\/wp\/v2\/product_tag?post=8784"}],"curies":[{"name":"wp","href":"https:\/\/api.w.org\/{rel}","templated":true}]}}