{"id":8783,"date":"2025-09-17T12:14:42","date_gmt":"2025-09-17T10:14:42","guid":{"rendered":"https:\/\/boreait.com\/hu\/?post_type=product&#038;p=8783"},"modified":"2025-09-17T12:16:09","modified_gmt":"2025-09-17T10:16:09","slug":"eredeti-lenovo-thinkpad-t430s-14-laptop-csuklotamasz-fru-04w3495-cserealkatreszek","status":"publish","type":"product","link":"https:\/\/boreait.com\/hu\/termek\/eredeti-lenovo-thinkpad-t430s-14-laptop-csuklotamasz-fru-04w3495-cserealkatreszek\/","title":{"rendered":"Eredeti Lenovo ThinkPad T430s 14&#8243; laptop csukl\u00f3t\u00e1masz FRU 04W3495 cserealkatr\u00e9szek"},"content":{"rendered":"<p>\u00dajra\u00e9leszti Lenovo ThinkPad T430s megjelen\u00e9s\u00e9t \u00e9s haszn\u00e1lhat\u00f3s\u00e1g\u00e1t az Eredeti Lenovo ThinkPad T430s 14 h\u00fcvelykes FRU 04W3495 laptop csukl\u00f3t\u00e1maszsal. A szigor\u00fa Lenovo szabv\u00e1nyoknak megfelel\u0151en kialak\u00edtott csukl\u00f3t\u00e1masz-csere prec\u00edzen k\u00e9sz\u00fclt, hogy t\u00f6k\u00e9letes illeszked\u00e9st \u00e9s z\u00f6kken\u0151mentes integr\u00e1ci\u00f3t biztos\u00edtson laptopj\u00e1val.<\/p>\n<p>A tart\u00f3s fel\u00e9p\u00edt\u00e9snek \u00e9s az eredeti Lenovo min\u0151s\u00e9gnek k\u00f6sz\u00f6nhet\u0151en ez a csukl\u00f3t\u00e1masz-csere ide\u00e1lis megold\u00e1s a laptop eredeti \u00e1llapot\u00e1nak vissza\u00e1ll\u00edt\u00e1s\u00e1ra. Ak\u00e1r s\u00e9r\u00fclt csukl\u00f3t\u00e1maszr\u00f3l van sz\u00f3, ak\u00e1r egyszer\u0171en csak felfriss\u00edteni szeretn\u00e9 k\u00e9sz\u00fcl\u00e9ke megjelen\u00e9s\u00e9t, ez az eredeti cserealkatr\u00e9sz biztos\u00edtja a sz\u00fcks\u00e9ges teljes\u00edtm\u00e9nyt \u00e9s megb\u00edzhat\u00f3s\u00e1got.<\/p>\n<p>A csukl\u00f3t\u00e1masz-csere felhaszn\u00e1l\u00f3bar\u00e1t kialak\u00edt\u00e1s\u00e1nak k\u00f6sz\u00f6nhet\u0151en a telep\u00edt\u00e9s gyerekj\u00e1t\u00e9k. A k\u00f6nnyen k\u00f6vethet\u0151 utas\u00edt\u00e1soknak \u00e9s a probl\u00e9mamentes telep\u00edt\u00e9snek k\u00f6sz\u00f6nhet\u0151en Lenovo ThinkPad T430 k\u00e9sz\u00fcl\u00e9ke pillanatok alatt \u00fajszer\u0171 megjelen\u00e9st \u00e9s m\u0171k\u00f6d\u00e9st biztos\u00edt.<\/p>\n<p>Fektessen be az eredeti Lenovo alkatr\u00e9szek min\u0151s\u00e9g\u00e9be \u00e9s megb\u00edzhat\u00f3s\u00e1g\u00e1ba, \u00e9s gondoskodjon arr\u00f3l, hogy laptopja tov\u00e1bbra is a legjobb teljes\u00edtm\u00e9nyt ny\u00fajtsa. Ne hagyja, hogy a s\u00e9r\u00fclt csukl\u00f3t\u00e1masz rontsa a sz\u00e1m\u00edt\u00e1stechnikai \u00e9lm\u00e9nyt \u2013 friss\u00edtsen az eredeti Lenovo ThinkPad T430s 14&#8243; FRU 04W3495 laptop csukl\u00f3t\u00e1maszra m\u00e9g ma.<\/p>\n","protected":false},"excerpt":{"rendered":"<p>Ezzel az eredeti csukl\u00f3t\u00e1masz cser\u00e9vel \u00e1ll\u00edtsa vissza Lenovo ThinkPad T430s eleg\u00e1ns megjelen\u00e9s\u00e9t \u00e9s funkcionalit\u00e1s\u00e1t. A pontos specifik\u00e1ci\u00f3k szerint kialak\u00edtott, kiv\u00e1l\u00f3 min\u0151s\u00e9g\u0171 FRU 04W3495 csukl\u00f3t\u00e1masz k\u00f6nnyen felszerelhet\u0151, z\u00f6kken\u0151mentes jav\u00edt\u00e1si \u00e9lm\u00e9nyt biztos\u00edtva laptopja sz\u00e1m\u00e1ra.<\/p>\n","protected":false},"featured_media":8848,"template":"","meta":[],"product_brand":[],"product_cat":[16],"product_tag":[26],"class_list":{"0":"post-8783","1":"product","2":"type-product","3":"status-publish","4":"has-post-thumbnail","6":"product_cat-laptop-housing","7":"product_tag-lenovo","9":"first","10":"instock","11":"taxable","12":"shipping-taxable","13":"purchasable","14":"product-type-simple"},"_links":{"self":[{"href":"https:\/\/boreait.com\/hu\/wp-json\/wp\/v2\/product\/8783","targetHints":{"allow":["GET"]}}],"collection":[{"href":"https:\/\/boreait.com\/hu\/wp-json\/wp\/v2\/product"}],"about":[{"href":"https:\/\/boreait.com\/hu\/wp-json\/wp\/v2\/types\/product"}],"wp:featuredmedia":[{"embeddable":true,"href":"https:\/\/boreait.com\/hu\/wp-json\/wp\/v2\/media\/8848"}],"wp:attachment":[{"href":"https:\/\/boreait.com\/hu\/wp-json\/wp\/v2\/media?parent=8783"}],"wp:term":[{"taxonomy":"product_brand","embeddable":true,"href":"https:\/\/boreait.com\/hu\/wp-json\/wp\/v2\/product_brand?post=8783"},{"taxonomy":"product_cat","embeddable":true,"href":"https:\/\/boreait.com\/hu\/wp-json\/wp\/v2\/product_cat?post=8783"},{"taxonomy":"product_tag","embeddable":true,"href":"https:\/\/boreait.com\/hu\/wp-json\/wp\/v2\/product_tag?post=8783"}],"curies":[{"name":"wp","href":"https:\/\/api.w.org\/{rel}","templated":true}]}}