{"id":8772,"date":"2025-09-17T12:13:59","date_gmt":"2025-09-17T10:13:59","guid":{"rendered":"https:\/\/boreait.com\/hu\/?post_type=product&#038;p=8772"},"modified":"2026-01-30T08:18:12","modified_gmt":"2026-01-30T07:18:12","slug":"fujitsu-lifebook-ah552-laptop-ram-4-gb-2rx8-pc3-12800s-11-11-f3-memoriamodul","status":"publish","type":"product","link":"https:\/\/boreait.com\/hu\/termek\/fujitsu-lifebook-ah552-laptop-ram-4-gb-2rx8-pc3-12800s-11-11-f3-memoriamodul\/","title":{"rendered":"Fujitsu LifeBook AH552 laptop RAM 4 GB 2Rx8 PC3-12800S-11-11-F3 mem\u00f3riamodul"},"content":{"rendered":"<p>N\u00f6velje Fujitsu LifeBook AH552 laptopja teljes\u00edtm\u00e9ny\u00e9t \u00e9s multitasking k\u00e9pess\u00e9geit a Fujitsu LifeBook AH552 laptop RAM 4 GB 2Rx8 PC3-12800S-11-11-F3 mem\u00f3riamodullal. Ezt a kiv\u00e1l\u00f3 min\u0151s\u00e9g\u0171 RAM-modult \u00fagy tervezt\u00e9k, hogy nagyobb sebess\u00e9get \u00e9s reakci\u00f3k\u00e9pess\u00e9get biztos\u00edtson, lehet\u0151v\u00e9 t\u00e9ve t\u00f6bb alkalmaz\u00e1s z\u00f6kken\u0151mentes \u00e9s hat\u00e9kony futtat\u00e1s\u00e1t.<\/p>\n<p>A 4 GB-os kapacit\u00e1ssal \u00e9s a PC3-12800S-11-11-F3 mem\u00f3riasebess\u00e9ggel rendelkez\u0151 RAM-modul b\u0151s\u00e9ges t\u00e1rhelyet k\u00edn\u00e1l az adatok \u00e9s alkalmaz\u00e1sok sz\u00e1m\u00e1ra, mik\u00f6zben gyors \u00e9s megb\u00edzhat\u00f3 teljes\u00edtm\u00e9nyt biztos\u00edt. Ak\u00e1r az interneten b\u00f6ng\u00e9szik, ak\u00e1r HD vide\u00f3kat streamel, vagy megterhel\u0151 feladatokon dolgozik, ez a mem\u00f3riamodul biztos\u00edtja a termel\u00e9kenys\u00e9g fenntart\u00e1s\u00e1hoz sz\u00fcks\u00e9ges teljes\u00edtm\u00e9nyt.<\/p>\n<p>K\u00f6nnyen telep\u00edthet\u0151 \u00e9s tart\u00f3san fel\u00e9p\u00edtett Fujitsu LifeBook AH552 RAM modul a t\u00f6k\u00e9letes friss\u00edt\u00e9s laptopj\u00e1hoz. Egyszer\u0171en helyezze be a modult laptopja mem\u00f3riany\u00edl\u00e1s\u00e1ba, \u00e9s azonnali teljes\u00edtm\u00e9nyn\u00f6veked\u00e9st tapasztal. R\u00e1ad\u00e1sul megb\u00edzhat\u00f3 fel\u00e9p\u00edt\u00e9s\u00e9nek \u00e9s Fujitsu LifeBook AH552-vel val\u00f3 kompatibilit\u00e1s\u00e1nak k\u00f6sz\u00f6nhet\u0151en b\u00edzhat benne, hogy ez a mem\u00f3riamodul egyenletes \u00e9s megb\u00edzhat\u00f3 teljes\u00edtm\u00e9nyt ny\u00fajt az elk\u00f6vetkez\u0151 \u00e9vekben.<\/p>\n<p>Friss\u00edtse Fujitsu LifeBook AH552 laptopj\u00e1t m\u00e9g ma a Fujitsu LifeBook AH552 laptop RAM 4 GB 2Rx8 PC3-12800S-11-11-F3 mem\u00f3riamodullal, \u00e9s akn\u00e1zza ki teljes potenci\u00e1lj\u00e1t. Rendelje meg most, \u00e9s emelje laptopj\u00e1t a teljes\u00edtm\u00e9ny \u00e9s a termel\u00e9kenys\u00e9g k\u00f6vetkez\u0151 szintj\u00e9re.<\/p>\n","protected":false},"excerpt":{"rendered":"<p>N\u00f6velje Fujitsu LifeBook AH552 laptopja teljes\u00edtm\u00e9ny\u00e9t ezzel a 4 GB RAM modullal. A z\u00f6kken\u0151mentes kompatibilit\u00e1sra \u00e9s megb\u00edzhat\u00f3 teljes\u00edtm\u00e9nyre tervezett mem\u00f3riamodul egyszer\u0171 \u00e9s k\u00f6lts\u00e9ghat\u00e9kony m\u00f3dja laptopja sebess\u00e9g\u00e9nek \u00e9s t\u00f6bbfeladatos k\u00e9pess\u00e9geinek n\u00f6vel\u00e9s\u00e9re.<\/p>\n","protected":false},"featured_media":8831,"template":"","meta":[],"product_brand":[],"product_cat":[37,36],"product_tag":[60],"class_list":{"0":"post-8772","1":"product","2":"type-product","3":"status-publish","4":"has-post-thumbnail","6":"product_cat-ddr3-ddr3l","7":"product_cat-ram-memory","8":"product_tag-samsung","10":"first","11":"instock","12":"taxable","13":"shipping-taxable","14":"purchasable","15":"product-type-simple"},"_links":{"self":[{"href":"https:\/\/boreait.com\/hu\/wp-json\/wp\/v2\/product\/8772","targetHints":{"allow":["GET"]}}],"collection":[{"href":"https:\/\/boreait.com\/hu\/wp-json\/wp\/v2\/product"}],"about":[{"href":"https:\/\/boreait.com\/hu\/wp-json\/wp\/v2\/types\/product"}],"wp:featuredmedia":[{"embeddable":true,"href":"https:\/\/boreait.com\/hu\/wp-json\/wp\/v2\/media\/8831"}],"wp:attachment":[{"href":"https:\/\/boreait.com\/hu\/wp-json\/wp\/v2\/media?parent=8772"}],"wp:term":[{"taxonomy":"product_brand","embeddable":true,"href":"https:\/\/boreait.com\/hu\/wp-json\/wp\/v2\/product_brand?post=8772"},{"taxonomy":"product_cat","embeddable":true,"href":"https:\/\/boreait.com\/hu\/wp-json\/wp\/v2\/product_cat?post=8772"},{"taxonomy":"product_tag","embeddable":true,"href":"https:\/\/boreait.com\/hu\/wp-json\/wp\/v2\/product_tag?post=8772"}],"curies":[{"name":"wp","href":"https:\/\/api.w.org\/{rel}","templated":true}]}}