{"id":8764,"date":"2025-09-17T12:13:28","date_gmt":"2025-09-17T10:13:28","guid":{"rendered":"https:\/\/boreait.com\/hu\/?post_type=product&#038;p=8764"},"modified":"2025-09-17T12:15:44","modified_gmt":"2025-09-17T10:15:44","slug":"fujitsu-lifebook-ah552-hdd-caddy-merevlemezre-szerelheto-laptop-alkatreszek","status":"publish","type":"product","link":"https:\/\/boreait.com\/hu\/termek\/fujitsu-lifebook-ah552-hdd-caddy-merevlemezre-szerelheto-laptop-alkatreszek\/","title":{"rendered":"Fujitsu LifeBook AH552 HDD Caddy merevlemezre szerelhet\u0151 laptop alkatr\u00e9szek"},"content":{"rendered":"<p>N\u00f6velje Fujitsu LifeBook AH552 t\u00e1rol\u00f3kapacit\u00e1s\u00e1t \u00e9s teljes\u00edtm\u00e9ny\u00e9t a Fujitsu LifeBook AH552 HDD Caddy merevlemez-tart\u00f3val. Ez a k\u00e9nyelmes caddy lehet\u0151v\u00e9 teszi, hogy tov\u00e1bbi merevlemezt adjon laptopj\u00e1hoz, \u00edgy t\u00f6bb t\u00e1rhelyet biztos\u00edt f\u00e1jljainak, dokumentumainak \u00e9s multim\u00e9di\u00e1j\u00e1nak.<\/p>\n<p>A pontoss\u00e1g \u00e9s a tart\u00f3ss\u00e1g szem el\u0151tt tart\u00e1s\u00e1val k\u00e9sz\u00fclt, ezt a merevlemezes burkolatot \u00fagy tervezt\u00e9k, hogy z\u00f6kken\u0151mentesen illeszkedjen Fujitsu LifeBook AH552-h\u00f6z, \u00edgy biztos\u00edtva a biztons\u00e1gos \u00e9s stabil illeszked\u00e9st. A telep\u00edt\u00e9s gyors \u00e9s egyszer\u0171, \u00edgy pillanatok alatt b\u0151v\u00edtheti laptopja t\u00e1rol\u00f3kapacit\u00e1s\u00e1t.<\/p>\n<p>Ak\u00e1r t\u00f6bb helyre van sz\u00fcks\u00e9ge a n\u00f6vekv\u0151 f\u00e1jlgy\u0171jtem\u00e9nyhez, ak\u00e1r laptopja teljes\u00edtm\u00e9ny\u00e9t szeretn\u00e9 jav\u00edtani egy dedik\u00e1lt t\u00e1rol\u00e1si megold\u00e1ssal, a Fujitsu LifeBook AH552 HDD Caddy merevlemez-meghajt\u00f3 a t\u00f6k\u00e9letes v\u00e1laszt\u00e1s. Fektessen be ebbe a kiv\u00e1l\u00f3 min\u0151s\u00e9g\u0171 caddy-be m\u00e9g ma, \u00e9s emelje laptopj\u00e1t a k\u00f6vetkez\u0151 szintre.<\/p>\n","protected":false},"excerpt":{"rendered":"<p>Friss\u00edtse Fujitsu LifeBook AH552 k\u00e9sz\u00fcl\u00e9k\u00e9t ezzel a HDD caddy merevlemez-tart\u00f3val. Az egyszer\u0171 telep\u00edt\u00e9sre tervezett, kiv\u00e1l\u00f3 min\u0151s\u00e9g\u0171 caddy lehet\u0151v\u00e9 teszi, hogy tov\u00e1bbi merevlemezt adjon laptopj\u00e1hoz, n\u00f6velve ezzel a t\u00e1rol\u00f3kapacit\u00e1st \u00e9s a teljes\u00edtm\u00e9nyt.<\/p>\n","protected":false},"featured_media":8830,"template":"","meta":[],"product_brand":[],"product_cat":[27],"product_tag":[28],"class_list":{"0":"post-8764","1":"product","2":"type-product","3":"status-publish","4":"has-post-thumbnail","6":"product_cat-motherboards-board-parts","7":"product_tag-fujitsu","9":"first","10":"instock","11":"taxable","12":"shipping-taxable","13":"purchasable","14":"product-type-simple"},"_links":{"self":[{"href":"https:\/\/boreait.com\/hu\/wp-json\/wp\/v2\/product\/8764","targetHints":{"allow":["GET"]}}],"collection":[{"href":"https:\/\/boreait.com\/hu\/wp-json\/wp\/v2\/product"}],"about":[{"href":"https:\/\/boreait.com\/hu\/wp-json\/wp\/v2\/types\/product"}],"wp:featuredmedia":[{"embeddable":true,"href":"https:\/\/boreait.com\/hu\/wp-json\/wp\/v2\/media\/8830"}],"wp:attachment":[{"href":"https:\/\/boreait.com\/hu\/wp-json\/wp\/v2\/media?parent=8764"}],"wp:term":[{"taxonomy":"product_brand","embeddable":true,"href":"https:\/\/boreait.com\/hu\/wp-json\/wp\/v2\/product_brand?post=8764"},{"taxonomy":"product_cat","embeddable":true,"href":"https:\/\/boreait.com\/hu\/wp-json\/wp\/v2\/product_cat?post=8764"},{"taxonomy":"product_tag","embeddable":true,"href":"https:\/\/boreait.com\/hu\/wp-json\/wp\/v2\/product_tag?post=8764"}],"curies":[{"name":"wp","href":"https:\/\/api.w.org\/{rel}","templated":true}]}}