{"id":8763,"date":"2025-09-17T12:13:27","date_gmt":"2025-09-17T10:13:27","guid":{"rendered":"https:\/\/boreait.com\/hu\/?post_type=product&#038;p=8763"},"modified":"2025-09-17T12:15:43","modified_gmt":"2025-09-17T10:15:43","slug":"fujitsu-lifebook-ah552-hdd-caddy-merevlemez-boritas-laptop-alkatresz-csere","status":"publish","type":"product","link":"https:\/\/boreait.com\/hu\/termek\/fujitsu-lifebook-ah552-hdd-caddy-merevlemez-boritas-laptop-alkatresz-csere\/","title":{"rendered":"Fujitsu LifeBook AH552 HDD Caddy merevlemez bor\u00edt\u00e1s laptop alkatr\u00e9sz csere"},"content":{"rendered":"<p>Friss\u00edtse \u00e9s v\u00e9dje meg Fujitsu LifeBook AH552 k\u00e9sz\u00fcl\u00e9k\u00e9t a HDD Caddy merevlemez-fed\u00e9l cser\u00e9j\u00e9vel. Ez a prec\u00edzi\u00f3s kialak\u00edt\u00e1s\u00fa burkolat t\u00f6k\u00e9letes illeszked\u00e9st \u00e9s z\u00f6kken\u0151mentes integr\u00e1ci\u00f3t biztos\u00edt laptopja merevlemez-tart\u00f3j\u00e1val, megb\u00edzhat\u00f3 v\u00e9delmet \u00e9s stabilit\u00e1st k\u00edn\u00e1lva.<\/p>\n<p>Ezt a csereburkolatot kifejezetten a Fujitsu LifeBook AH552-h\u00f6z tervezt\u00e9k, biztons\u00e1gos burkolatot biztos\u00edtva merevlemez\u00e9nek, mik\u00f6zben meg\u0151rzi laptopja bels\u0151 alkatr\u00e9szeinek \u00e9ps\u00e9g\u00e9t. Ak\u00e1r egy s\u00e9r\u00fclt burkolatot cser\u00e9l, ak\u00e1r egy tart\u00f3sabb opci\u00f3ra friss\u00edt, ez az eredeti cserealkatr\u00e9sz t\u00f6k\u00e9letes megold\u00e1s laptopja jav\u00edt\u00e1si ig\u00e9nyeire.<\/p>\n<p>A telep\u00edt\u00e9s gyors \u00e9s egyszer\u0171, lehet\u0151v\u00e9 t\u00e9ve, hogy pillanatok alatt \u00fajra \u00fczembe helyezze laptopj\u00e1t. Egyszer\u0171en t\u00e1vol\u00edtsa el a r\u00e9gi fedelet, \u00e9s cser\u00e9lje ki erre, hogy vissza\u00e1ll\u00edtsa Fujitsu LifeBook AH552 funkcionalit\u00e1s\u00e1t \u00e9s v\u00e9delm\u00e9t.<\/p>\n<p>Gy\u0151z\u0151dj\u00f6n meg Fujitsu LifeBook AH552 hossz\u00fa \u00e9lettartam\u00e1r\u00f3l \u00e9s teljes\u00edtm\u00e9ny\u00e9r\u0151l a HDD Caddy merevlemez-fed\u00e9l cser\u00e9j\u00e9vel. Rendelje meg saj\u00e1tj\u00e1t m\u00e9g ma, \u00e9s nyugodt sz\u00edvvel tudhatja meg, hogy laptopja merevlemeze biztons\u00e1gosan v\u00e9dett.<\/p>\n","protected":false},"excerpt":{"rendered":"<p>Cser\u00e9lje ki Fujitsu LifeBook AH552 merevlemez-meghajt\u00f3j\u00e1nak fedel\u00e9t erre a kiv\u00e1l\u00f3 min\u0151s\u00e9g\u0171 cserealkatr\u00e9szre. A t\u00f6k\u00e9letes illeszked\u00e9sre \u00e9s az egyszer\u0171 telep\u00edt\u00e9sre tervezett burkolat biztos\u00edtja a laptop merevlemez\u00e9nek v\u00e9delm\u00e9t \u00e9s stabilit\u00e1s\u00e1t.<\/p>\n","protected":false},"featured_media":8828,"template":"","meta":[],"product_brand":[],"product_cat":[16],"product_tag":[28],"class_list":{"0":"post-8763","1":"product","2":"type-product","3":"status-publish","4":"has-post-thumbnail","6":"product_cat-laptop-housing","7":"product_tag-fujitsu","9":"first","10":"instock","11":"taxable","12":"shipping-taxable","13":"purchasable","14":"product-type-simple"},"_links":{"self":[{"href":"https:\/\/boreait.com\/hu\/wp-json\/wp\/v2\/product\/8763","targetHints":{"allow":["GET"]}}],"collection":[{"href":"https:\/\/boreait.com\/hu\/wp-json\/wp\/v2\/product"}],"about":[{"href":"https:\/\/boreait.com\/hu\/wp-json\/wp\/v2\/types\/product"}],"wp:featuredmedia":[{"embeddable":true,"href":"https:\/\/boreait.com\/hu\/wp-json\/wp\/v2\/media\/8828"}],"wp:attachment":[{"href":"https:\/\/boreait.com\/hu\/wp-json\/wp\/v2\/media?parent=8763"}],"wp:term":[{"taxonomy":"product_brand","embeddable":true,"href":"https:\/\/boreait.com\/hu\/wp-json\/wp\/v2\/product_brand?post=8763"},{"taxonomy":"product_cat","embeddable":true,"href":"https:\/\/boreait.com\/hu\/wp-json\/wp\/v2\/product_cat?post=8763"},{"taxonomy":"product_tag","embeddable":true,"href":"https:\/\/boreait.com\/hu\/wp-json\/wp\/v2\/product_tag?post=8763"}],"curies":[{"name":"wp","href":"https:\/\/api.w.org\/{rel}","templated":true}]}}