{"id":8762,"date":"2025-09-17T12:13:26","date_gmt":"2025-09-17T10:13:26","guid":{"rendered":"https:\/\/boreait.com\/hu\/?post_type=product&#038;p=8762"},"modified":"2026-01-30T08:17:53","modified_gmt":"2026-01-30T07:17:53","slug":"eredeti-fujitsu-lifebook-ah552-webkamera-kameralap-cserealkatreszek-laptophoz","status":"publish","type":"product","link":"https:\/\/boreait.com\/hu\/termek\/eredeti-fujitsu-lifebook-ah552-webkamera-kameralap-cserealkatreszek-laptophoz\/","title":{"rendered":"Eredeti Fujitsu LifeBook AH552 webkamera kameralap cserealkatr\u00e9szek laptophoz"},"content":{"rendered":"<p>Fokozza Fujitsu LifeBook AH552 laptopja funkcionalit\u00e1s\u00e1t az Eredeti Fujitsu LifeBook AH552 webkamera kameralap cser\u00e9j\u00e9vel. A pontoss\u00e1g \u00e9s a kompatibilit\u00e1s szem el\u0151tt tart\u00e1s\u00e1val k\u00e9sz\u00fclt, ezt a webkamera-kamerak\u00e1rtya-cser\u00e9t \u00fagy tervezt\u00e9k, hogy z\u00f6kken\u0151mentesen illeszkedjen az \u00d6n k\u00e9sz\u00fcl\u00e9k\u00e9hez, optim\u00e1lis teljes\u00edtm\u00e9nyt \u00e9s megb\u00edzhat\u00f3s\u00e1got biztos\u00edtva.<\/p>\n<p>Az eredeti Fujitsu min\u0151s\u00e9get k\u00edn\u00e1l\u00f3 kamerak\u00e1rtya-csere t\u00f6k\u00e9letes megold\u00e1s a laptop webkamer\u00e1j\u00e1nak eredeti \u00e1llapot\u00e1nak vissza\u00e1ll\u00edt\u00e1s\u00e1ra. Ak\u00e1r probl\u00e9m\u00e1kat tapasztal a jelenlegi k\u00e1rty\u00e1j\u00e1val, ak\u00e1r friss\u00edteni szeretne, ezt az eredeti cserealkatr\u00e9szt \u00fagy tervezt\u00e9k, hogy megfeleljen a legmagasabb min\u0151s\u00e9gi \u00e9s kompatibilit\u00e1si k\u00f6vetelm\u00e9nyeknek.<\/p>\n<p>K\u00f6nnyen telep\u00edthet\u0151 \u00e9s tart\u00f3s, ez a webkamera-kamerak\u00e1rtya-csere probl\u00e9mamentes megold\u00e1st k\u00edn\u00e1l laptopja jav\u00edt\u00e1si ig\u00e9nyeire. Strapab\u00edr\u00f3 fel\u00e9p\u00edt\u00e9s\u00e9nek \u00e9s megb\u00edzhat\u00f3 teljes\u00edtm\u00e9ny\u00e9nek k\u00f6sz\u00f6nhet\u0151en b\u00edzhat abban, hogy Fujitsu LifeBook AH552 k\u00e9sz\u00fcl\u00e9ke pillanatok alatt \u00fajra \u00fczembe helyezhet\u0151.<\/p>\n<p>Tapasztalja meg az eredeti Fujitsu alkatr\u00e9szek \u00e1ltal ny\u00fajtott k\u00fcl\u00f6nbs\u00e9get, \u00e9s gondoskodjon arr\u00f3l, hogy laptopja tov\u00e1bbra is a legjobb teljes\u00edtm\u00e9nyt ny\u00fajtsa az Eredeti Fujitsu LifeBook AH552 webkamera kameralap cser\u00e9j\u00e9vel. Rendelje meg saj\u00e1tj\u00e1t m\u00e9g ma, \u00e9s magabiztosan \u00e1ll\u00edtsa vissza laptopja funkcionalit\u00e1s\u00e1t.<\/p>\n","protected":false},"excerpt":{"rendered":"<p>\u00c1ll\u00edtsa vissza Fujitsu LifeBook AH552 webkamera funkci\u00f3it ezzel az eredeti webkamera kamerak\u00e1rtya cser\u00e9vel. Az egyszer\u0171 telep\u00edt\u00e9sre tervezett kiv\u00e1l\u00f3 min\u0151s\u00e9g\u0171 t\u00e1bla z\u00f6kken\u0151mentes teljes\u00edtm\u00e9nyt biztos\u00edt, \u00edgy t\u00f6k\u00e9letes megold\u00e1st jelent laptopja jav\u00edt\u00e1si ig\u00e9nyeire.<\/p>\n","protected":false},"featured_media":8827,"template":"","meta":[],"product_brand":[],"product_cat":[23],"product_tag":[28],"class_list":{"0":"post-8762","1":"product","2":"type-product","3":"status-publish","4":"has-post-thumbnail","6":"product_cat-laptop-camera","7":"product_tag-fujitsu","9":"first","10":"instock","11":"taxable","12":"shipping-taxable","13":"purchasable","14":"product-type-simple"},"_links":{"self":[{"href":"https:\/\/boreait.com\/hu\/wp-json\/wp\/v2\/product\/8762","targetHints":{"allow":["GET"]}}],"collection":[{"href":"https:\/\/boreait.com\/hu\/wp-json\/wp\/v2\/product"}],"about":[{"href":"https:\/\/boreait.com\/hu\/wp-json\/wp\/v2\/types\/product"}],"wp:featuredmedia":[{"embeddable":true,"href":"https:\/\/boreait.com\/hu\/wp-json\/wp\/v2\/media\/8827"}],"wp:attachment":[{"href":"https:\/\/boreait.com\/hu\/wp-json\/wp\/v2\/media?parent=8762"}],"wp:term":[{"taxonomy":"product_brand","embeddable":true,"href":"https:\/\/boreait.com\/hu\/wp-json\/wp\/v2\/product_brand?post=8762"},{"taxonomy":"product_cat","embeddable":true,"href":"https:\/\/boreait.com\/hu\/wp-json\/wp\/v2\/product_cat?post=8762"},{"taxonomy":"product_tag","embeddable":true,"href":"https:\/\/boreait.com\/hu\/wp-json\/wp\/v2\/product_tag?post=8762"}],"curies":[{"name":"wp","href":"https:\/\/api.w.org\/{rel}","templated":true}]}}