{"id":8761,"date":"2025-09-17T12:13:25","date_gmt":"2025-09-17T10:13:25","guid":{"rendered":"https:\/\/boreait.com\/hu\/?post_type=product&#038;p=8761"},"modified":"2026-01-30T08:17:37","modified_gmt":"2026-01-30T07:17:37","slug":"fujitsu-lifebook-ah552-2230bnhmw-wireless-n-kartya-csere-laptop-alkatreszek","status":"publish","type":"product","link":"https:\/\/boreait.com\/hu\/termek\/fujitsu-lifebook-ah552-2230bnhmw-wireless-n-kartya-csere-laptop-alkatreszek\/","title":{"rendered":"Fujitsu LifeBook AH552 2230bnhmw Wireless-N k\u00e1rtya csere laptop alkatr\u00e9szek"},"content":{"rendered":"<p>N\u00f6velje Fujitsu LifeBook AH552 vezet\u00e9k n\u00e9lk\u00fcli k\u00e9pess\u00e9geit a Fujitsu LifeBook AH552 2230bnhmw Wireless-N k\u00e1rtya cser\u00e9j\u00e9vel. A gyorsabb \u00e9s megb\u00edzhat\u00f3bb vezet\u00e9k n\u00e9lk\u00fcli kapcsolat biztos\u00edt\u00e1s\u00e1ra tervezett cserek\u00e1rtya t\u00f6k\u00e9letes megold\u00e1s laptopja h\u00e1l\u00f3zati k\u00e9pess\u00e9geinek b\u0151v\u00edt\u00e9s\u00e9re.<\/p>\n<p>A fejlett vezet\u00e9k n\u00e9lk\u00fcli-N technol\u00f3gi\u00e1val rendelkez\u0151 cserek\u00e1rtya megn\u00f6velt sebess\u00e9get \u00e9s teljes\u00edtm\u00e9nyt biztos\u00edt, lehet\u0151v\u00e9 t\u00e9ve HD vide\u00f3k streamel\u00e9s\u00e9t, online j\u00e1t\u00e9kokat \u00e9s k\u00f6nny\u0171 b\u00f6ng\u00e9sz\u00e9st az interneten. Mondjon b\u00facs\u00fat a k\u00e9sleltet\u00e9snek \u00e9s a pufferel\u00e9snek, \u00e9s \u00e9lvezze a z\u00f6kken\u0151mentes csatlakoz\u00e1st otthon\u00e1ban vagy irod\u00e1j\u00e1ban.<\/p>\n<p>K\u00f6nnyen telep\u00edthet\u0151 \u00e9s kompatibilis a Fujitsu LifeBook AH552-vel, ez a vezet\u00e9k n\u00e9lk\u00fcli N k\u00e1rtyacsere nem ig\u00e9nyel speci\u00e1lis szersz\u00e1mokat vagy szak\u00e9rtelmet. Egyszer\u0171en t\u00e1vol\u00edtsa el a r\u00e9gi k\u00e1rty\u00e1t, \u00e9s helyezze be az \u00fajat, hogy percek alatt \u00e9lvezhesse a jobb vezet\u00e9k n\u00e9lk\u00fcli teljes\u00edtm\u00e9nyt.<\/p>\n<p>Tapasztalja meg azt a k\u00fcl\u00f6nbs\u00e9get, hogy egy kiv\u00e1l\u00f3 min\u0151s\u00e9g\u0171 vezet\u00e9k n\u00e9lk\u00fcli N k\u00e1rtya m\u00e9g ma elk\u00e9sz\u00edtheti \u00e9s friss\u00edtheti Fujitsu LifeBook AH552-j\u00e9t. Ak\u00e1r hib\u00e1s k\u00e1rty\u00e1t cser\u00e9l, ak\u00e1r laptopja vezet\u00e9k n\u00e9lk\u00fcli k\u00e9pess\u00e9geit szeretn\u00e9 tov\u00e1bbfejleszteni, ez a cserealkatr\u00e9sz biztosan megfelel az \u00d6n ig\u00e9nyeinek. Rendeljen most, \u00e9s \u00e9lvezze a gyorsabb, megb\u00edzhat\u00f3bb vezet\u00e9k n\u00e9lk\u00fcli kapcsolatot Fujitsu LifeBook AH552 k\u00e9sz\u00fcl\u00e9k\u00e9vel.<\/p>\n","protected":false},"excerpt":{"rendered":"<p>Friss\u00edtse Fujitsu LifeBook AH552 k\u00e9sz\u00fcl\u00e9k\u00e9t ezzel a vezet\u00e9k n\u00e9lk\u00fcli N k\u00e1rtyacser\u00e9vel. Tapasztalja meg a gyorsabb \u00e9s megb\u00edzhat\u00f3bb vezet\u00e9k n\u00e9lk\u00fcli kapcsolatot ezzel a kiv\u00e1l\u00f3 min\u0151s\u00e9g\u0171 alkatr\u00e9szrel, amelyet az egyszer\u0171 telep\u00edt\u00e9shez \u00e9s a laptopba val\u00f3 z\u00f6kken\u0151mentes integr\u00e1l\u00e1shoz terveztek.<\/p>\n","protected":false},"featured_media":8826,"template":"","meta":[],"product_brand":[],"product_cat":[27],"product_tag":[28],"class_list":{"0":"post-8761","1":"product","2":"type-product","3":"status-publish","4":"has-post-thumbnail","6":"product_cat-motherboards-board-parts","7":"product_tag-fujitsu","9":"first","10":"instock","11":"taxable","12":"shipping-taxable","13":"purchasable","14":"product-type-simple"},"_links":{"self":[{"href":"https:\/\/boreait.com\/hu\/wp-json\/wp\/v2\/product\/8761","targetHints":{"allow":["GET"]}}],"collection":[{"href":"https:\/\/boreait.com\/hu\/wp-json\/wp\/v2\/product"}],"about":[{"href":"https:\/\/boreait.com\/hu\/wp-json\/wp\/v2\/types\/product"}],"wp:featuredmedia":[{"embeddable":true,"href":"https:\/\/boreait.com\/hu\/wp-json\/wp\/v2\/media\/8826"}],"wp:attachment":[{"href":"https:\/\/boreait.com\/hu\/wp-json\/wp\/v2\/media?parent=8761"}],"wp:term":[{"taxonomy":"product_brand","embeddable":true,"href":"https:\/\/boreait.com\/hu\/wp-json\/wp\/v2\/product_brand?post=8761"},{"taxonomy":"product_cat","embeddable":true,"href":"https:\/\/boreait.com\/hu\/wp-json\/wp\/v2\/product_cat?post=8761"},{"taxonomy":"product_tag","embeddable":true,"href":"https:\/\/boreait.com\/hu\/wp-json\/wp\/v2\/product_tag?post=8761"}],"curies":[{"name":"wp","href":"https:\/\/api.w.org\/{rel}","templated":true}]}}