{"id":875,"date":"2025-09-17T09:45:39","date_gmt":"2025-09-17T07:45:39","guid":{"rendered":"https:\/\/boreait.com\/hu\/?post_type=product&#038;p=875"},"modified":"2026-01-07T10:03:37","modified_gmt":"2026-01-07T09:03:37","slug":"probook-640-g2-ujjlenyomat-erzekelo-es-kabel-6042b0348501-eredeti-hp-14-0","status":"publish","type":"product","link":"https:\/\/boreait.com\/hu\/termek\/probook-640-g2-ujjlenyomat-erzekelo-es-kabel-6042b0348501-eredeti-hp-14-0\/","title":{"rendered":"ProBook 640 G2 ujjlenyomat-\u00e9rz\u00e9kel\u0151 \u00e9s k\u00e1bel 6042B0348501 Eredeti HP 14.0"},"content":{"rendered":"<div class=\"group w-full text-gray-800 dark:text-gray-100 border-b border-black\/10 dark:border-gray-900\/50 bg-gray-50 dark:bg-[#444654]\">\n<div class=\"flex p-4 gap-4 text-base md:gap-6 md:max-w-2xl lg:max-w-[38rem] xl:max-w-3xl md:py-6 lg:px-0 m-auto\">\n<div class=\"relat\u00edv flex w-[calc(100%-50px)] flex-col gap-1 md:gap-3 lg:w-[calc(100%-115px)]\">\n<div class=\"flex flex-grow flex-col gap-3\">\n<div class=\"min-h-[20px] flex items-start overflow-x-auto whitespace-pre-wrap break-words flex-col gap-4\">\n<div class=\"markdown prose w-full break-words dark:prose-invert light\">\n<p>A ProBook 640 G2 ujjlenyomat-\u00e9rz\u00e9kel\u0151 \u00e9s amp; A k\u00e1bel (cikksz\u00e1m: 6042B0348501) egy eredeti HP cserealkatr\u00e9sz, amelyet a ProBook 640 G2 laptophoz terveztek. Ezzel az ujjlenyomat-\u00e9rz\u00e9kel\u0151vel n\u00f6velheti laptopja biztons\u00e1g\u00e1t, \u00e9s megv\u00e9dheti \u00e9rz\u00e9keny adatait az illet\u00e9ktelen hozz\u00e1f\u00e9r\u00e9st\u0151l.<\/p>\n<p>Az ujjlenyomat-\u00e9rz\u00e9kel\u0151vel k\u00e9nyelmesen \u00e9s biztons\u00e1gosan bejelentkezhet laptopj\u00e1ba, egyetlen \u00e9rint\u00e9ssel. Az ujjlenyomat regisztr\u00e1l\u00e1s\u00e1val lecser\u00e9lheti a hagyom\u00e1nyos jelszavakat, \u00e9s egyszer\u0171en feloldhatja eszk\u00f6z\u00e9t, \u00edgy gyorsabban \u00e9s k\u00e9nyelmesebben f\u00e9rhet hozz\u00e1 laptopj\u00e1hoz.<\/p>\n<p>A ProBook 640 G2 ujjlenyomat-\u00e9rz\u00e9kel\u0151 \u00e9s a telep\u00edt\u00e9si folyamat; A k\u00e1bel professzion\u00e1lis seg\u00edts\u00e9gre vagy a gy\u00e1rt\u00f3 utas\u00edt\u00e1sainak gondos k\u00f6vet\u00e9s\u00e9re lehet sz\u00fcks\u00e9g. Alapvet\u0151 fontoss\u00e1g\u00fa, hogy eredeti HP cserealkatr\u00e9szeket haszn\u00e1ljon a kompatibilit\u00e1s biztos\u00edt\u00e1s\u00e1hoz, valamint a laptop teljes\u00edtm\u00e9ny\u00e9nek \u00e9s funkcionalit\u00e1s\u00e1nak fenntart\u00e1s\u00e1hoz.<\/p>\n<p>A ProBook 640 G2 ujjlenyomat-\u00e9rz\u00e9kel\u0151 \u00e9s amp; Csatlakoztassa laptopj\u00e1hoz, \u00edgy \u00e9lvezheti a fejlett biztons\u00e1g \u00e9s az egyszer\u0171s\u00edtett hiteles\u00edt\u00e9s el\u0151nyeit. V\u00e9dje meg bizalmas adatait, \u00e9s egyszer\u0171s\u00edtse bejelentkez\u00e9si folyamat\u00e1t ezzel az eredeti HP cserealkatr\u00e9szrel.<\/p>\n<p>K\u00e9rj\u00fck, vegye figyelembe, hogy az ujjlenyomat-\u00e9rz\u00e9kel\u0151 funkci\u00f3 el\u00e9rhet\u0151s\u00e9ge a laptop t\u00edpus\u00e1t\u00f3l \u00e9s a szoftver kompatibilit\u00e1s\u00e1t\u00f3l f\u00fcgghet. Gy\u0151z\u0151dj\u00f6n meg arr\u00f3l, hogy laptopja t\u00e1mogatja az ujjlenyomat-hiteles\u00edt\u00e9st, miel\u0151tt megv\u00e1s\u00e1roln\u00e1 a ProBook 640 G2 ujjlenyomat-\u00e9rz\u00e9kel\u0151t &amp; K\u00e1bel (cikksz\u00e1m: 6042B0348501).<\/p>\n<p>N\u00f6velje ProBook 640 G2 laptopja biztons\u00e1g\u00e1t \u00e9s k\u00e9nyelm\u00e9t az eredeti HP ProBook 640 G2 ujjlenyomat-\u00e9rz\u00e9kel\u0151vel \u00e9s K\u00e1bel. \u00c9lvezze a nyugalmat, tudva, hogy laptopj\u00e1t fejlett biometrikus hiteles\u00edt\u00e9si megold\u00e1s v\u00e9di.<\/p>\n<\/div>\n<\/div>\n<\/div>\n<div class=\"flex justify-between lg:block\">\n<div class=\"text-xs flex items-center justify-center gap-1 self-center pt-2 !invisible\"><\/div>\n<div class=\"text-gray-400 flex self-end lg:self-center justify-center mt-2 gap-2 md:gap-3 lg:gap-1 lg:absolute lg:top-0 lg:translate-x-full lg:right-0 lg:mt-0\">lg:pl-2 l\u00e1that\u00f3<\/p>\n<p>&nbsp;<\/p>\n<div class=\"flex gap-1\"><\/div>\n<\/div>\n<\/div>\n<\/div>\n<\/div>\n<\/div>\n","protected":false},"excerpt":{"rendered":"<p>A ProBook 640 G2 ujjlenyomat-\u00e9rz\u00e9kel\u0151 \u00e9s A k\u00e1bel (cikksz\u00e1m: 6042B0348501) egy eredeti HP alkatr\u00e9sz, amelyet kifejezetten a ProBook 640 G2 laptophoz terveztek. Ez az ujjlenyomat-\u00e9rz\u00e9kel\u0151 tov\u00e1bbi biztons\u00e1gi \u00e9s k\u00e9nyelmi r\u00e9teget biztos\u00edt, lehet\u0151v\u00e9 t\u00e9ve szem\u00e9lyazonoss\u00e1g\u00e1nak egyszer\u0171 azonos\u00edt\u00e1s\u00e1t egy egyszer\u0171 \u00e9rint\u00e9ssel.<\/p>\n","protected":false},"featured_media":947,"template":"","meta":[],"product_brand":[],"product_cat":[27],"product_tag":[25],"class_list":{"0":"post-875","1":"product","2":"type-product","3":"status-publish","4":"has-post-thumbnail","6":"product_cat-motherboards-board-parts","7":"product_tag-hp","9":"first","10":"instock","11":"taxable","12":"shipping-taxable","13":"purchasable","14":"product-type-simple"},"_links":{"self":[{"href":"https:\/\/boreait.com\/hu\/wp-json\/wp\/v2\/product\/875","targetHints":{"allow":["GET"]}}],"collection":[{"href":"https:\/\/boreait.com\/hu\/wp-json\/wp\/v2\/product"}],"about":[{"href":"https:\/\/boreait.com\/hu\/wp-json\/wp\/v2\/types\/product"}],"wp:featuredmedia":[{"embeddable":true,"href":"https:\/\/boreait.com\/hu\/wp-json\/wp\/v2\/media\/947"}],"wp:attachment":[{"href":"https:\/\/boreait.com\/hu\/wp-json\/wp\/v2\/media?parent=875"}],"wp:term":[{"taxonomy":"product_brand","embeddable":true,"href":"https:\/\/boreait.com\/hu\/wp-json\/wp\/v2\/product_brand?post=875"},{"taxonomy":"product_cat","embeddable":true,"href":"https:\/\/boreait.com\/hu\/wp-json\/wp\/v2\/product_cat?post=875"},{"taxonomy":"product_tag","embeddable":true,"href":"https:\/\/boreait.com\/hu\/wp-json\/wp\/v2\/product_tag?post=875"}],"curies":[{"name":"wp","href":"https:\/\/api.w.org\/{rel}","templated":true}]}}