{"id":8748,"date":"2025-09-17T12:12:31","date_gmt":"2025-09-17T10:12:31","guid":{"rendered":"https:\/\/boreait.com\/hu\/?post_type=product&#038;p=8748"},"modified":"2025-09-17T12:15:28","modified_gmt":"2025-09-17T10:15:28","slug":"eredeti-fujitsu-lifebook-ah552-usb-kartyamodul-csere-laptop-alkatreszek","status":"publish","type":"product","link":"https:\/\/boreait.com\/hu\/termek\/eredeti-fujitsu-lifebook-ah552-usb-kartyamodul-csere-laptop-alkatreszek\/","title":{"rendered":"Eredeti Fujitsu LifeBook AH552 USB k\u00e1rtyamodul csere laptop alkatr\u00e9szek"},"content":{"rendered":"<p>N\u00f6velje Fujitsu LifeBook AH552 csatlakoztathat\u00f3s\u00e1g\u00e1t \u00e9s teljes\u00edtm\u00e9ny\u00e9t az eredeti Fujitsu LifeBook AH552 USB k\u00e1rtyamodullal. Ez a kifejezetten laptopja specifik\u00e1ci\u00f3inak megfelel\u0151 cserealkatr\u00e9sz t\u00f6k\u00e9letes illeszked\u00e9st \u00e9s megb\u00edzhat\u00f3 m\u0171k\u00f6d\u00e9st biztos\u00edt.<\/p>\n<p>A prec\u00edzi\u00f3s \u00e9s kiv\u00e1l\u00f3 min\u0151s\u00e9g\u0171 anyagokb\u00f3l k\u00e9sz\u00fclt USB-k\u00e1rtyamodul ide\u00e1lis megold\u00e1s a hib\u00e1s vagy s\u00e9r\u00fclt alkatr\u00e9szek cser\u00e9j\u00e9re. A Fujitsu LifeBook AH552 z\u00f6kken\u0151mentes integr\u00e1ci\u00f3ja garant\u00e1lja, hogy laptopja tov\u00e1bbra is a legjobb teljes\u00edtm\u00e9nyt ny\u00fajtja.<\/p>\n<p>Ez az eredeti USB-k\u00e1rtyamodul csere egyszer\u0171en telep\u00edthet\u0151, \u00e9s tart\u00f3san meg\u00e9p\u00edtett, megb\u00edzhat\u00f3 megold\u00e1st k\u00edn\u00e1l laptopja jav\u00edt\u00e1si ig\u00e9nyeire. Robusztus fel\u00e9p\u00edt\u00e9s\u00e9nek \u00e9s megb\u00edzhat\u00f3 teljes\u00edtm\u00e9ny\u00e9nek k\u00f6sz\u00f6nhet\u0151en b\u00edzhat abban, hogy laptopja USB-kapcsolata hat\u00e9konyan \u00e9s eredm\u00e9nyesen helyre\u00e1ll.<\/p>\n<p>A list\u00e1n szerepl\u0151 fot\u00f3k val\u00f3di fot\u00f3k az \u00d6n \u00e1ltal kapott alkatr\u00e9szekr\u0151l, \u00edgy biztos\u00edtva, hogy pontosan azt kapja, amire sz\u00fcks\u00e9ge van. B\u00e1r nem adunk \u00fatmutat\u00e1st az alkatr\u00e9szek cser\u00e9j\u00e9hez, \u00fcgyf\u00e9lszolg\u00e1lati csapatunk k\u00e9szs\u00e9ggel \u00e1ll rendelkez\u00e9s\u00e9re b\u00e1rmilyen k\u00e9rd\u00e9s eset\u00e9n. Egyszer\u0171en forduljon hozz\u00e1nk tov\u00e1bbi seg\u00edts\u00e9g\u00e9rt.<\/p>\n<p>Rendelje meg az eredeti Fujitsu LifeBook AH552 USB k\u00e1rtyamodult m\u00e9g ma, \u00e9s tapasztalja meg a kiv\u00e1l\u00f3 min\u0151s\u00e9g\u0171, megb\u00edzhat\u00f3 laptop alkatr\u00e9szek el\u0151nyeit. Tartsa z\u00f6kken\u0151mentesen laptopj\u00e1t, \u00e9s \u00e9lvezze a megszak\u00edt\u00e1s n\u00e9lk\u00fcli kapcsolatot ezzel az alapvet\u0151 cserealkatr\u00e9szsel.<\/p>\n","protected":false},"excerpt":{"rendered":"<p>Cser\u00e9lje ki hib\u00e1s Fujitsu LifeBook AH552 USB k\u00e1rtyamodulj\u00e1t erre az eredeti cserealkatr\u00e9szre. A kompatibilit\u00e1sra \u00e9s a teljes\u00edtm\u00e9nyre tervezett USB-k\u00e1rtyamodul z\u00f6kken\u0151mentes csatlakoztathat\u00f3s\u00e1got \u00e9s funkcionalit\u00e1st biztos\u00edt laptopja sz\u00e1m\u00e1ra.<\/p>\n","protected":false},"featured_media":8813,"template":"","meta":[],"product_brand":[],"product_cat":[27],"product_tag":[28],"class_list":{"0":"post-8748","1":"product","2":"type-product","3":"status-publish","4":"has-post-thumbnail","6":"product_cat-motherboards-board-parts","7":"product_tag-fujitsu","9":"first","10":"instock","11":"taxable","12":"shipping-taxable","13":"purchasable","14":"product-type-simple"},"_links":{"self":[{"href":"https:\/\/boreait.com\/hu\/wp-json\/wp\/v2\/product\/8748","targetHints":{"allow":["GET"]}}],"collection":[{"href":"https:\/\/boreait.com\/hu\/wp-json\/wp\/v2\/product"}],"about":[{"href":"https:\/\/boreait.com\/hu\/wp-json\/wp\/v2\/types\/product"}],"wp:featuredmedia":[{"embeddable":true,"href":"https:\/\/boreait.com\/hu\/wp-json\/wp\/v2\/media\/8813"}],"wp:attachment":[{"href":"https:\/\/boreait.com\/hu\/wp-json\/wp\/v2\/media?parent=8748"}],"wp:term":[{"taxonomy":"product_brand","embeddable":true,"href":"https:\/\/boreait.com\/hu\/wp-json\/wp\/v2\/product_brand?post=8748"},{"taxonomy":"product_cat","embeddable":true,"href":"https:\/\/boreait.com\/hu\/wp-json\/wp\/v2\/product_cat?post=8748"},{"taxonomy":"product_tag","embeddable":true,"href":"https:\/\/boreait.com\/hu\/wp-json\/wp\/v2\/product_tag?post=8748"}],"curies":[{"name":"wp","href":"https:\/\/api.w.org\/{rel}","templated":true}]}}