{"id":8747,"date":"2025-09-17T12:12:30","date_gmt":"2025-09-17T10:12:30","guid":{"rendered":"https:\/\/boreait.com\/hu\/?post_type=product&#038;p=8747"},"modified":"2025-09-17T12:15:27","modified_gmt":"2025-09-17T10:15:27","slug":"eredeti-fujitsu-lifebook-ah552-webkamera-kamera-kabel-csere-laptop-alkatreszek","status":"publish","type":"product","link":"https:\/\/boreait.com\/hu\/termek\/eredeti-fujitsu-lifebook-ah552-webkamera-kamera-kabel-csere-laptop-alkatreszek\/","title":{"rendered":"Eredeti Fujitsu LifeBook AH552 webkamera kamera k\u00e1bel csere laptop alkatr\u00e9szek"},"content":{"rendered":"<p>\u00c1ll\u00edtsa vissza Fujitsu LifeBook AH552 laptopja teljes funkcionalit\u00e1s\u00e1t az eredeti Fujitsu LifeBook AH552 webkamera kamerak\u00e1bel cser\u00e9j\u00e9vel. Ezt a kiv\u00e1l\u00f3 min\u0151s\u00e9g\u0171 webkamerak\u00e1belt kifejezetten \u00fagy tervezt\u00e9k, hogy t\u00f6k\u00e9letesen illeszkedjen az AH552 modellhez, \u00e9s z\u00f6kken\u0151mentesen m\u0171k\u00f6dj\u00f6n, optim\u00e1lis teljes\u00edtm\u00e9nyt \u00e9s megb\u00edzhat\u00f3s\u00e1got biztos\u00edtva.<\/p>\n<p>A legmagasabb min\u0151s\u00e9gi \u00e9s kompatibilit\u00e1si k\u00f6vetelm\u00e9nyeknek megfelel\u0151en kialak\u00edtott eredeti cserek\u00e1bel t\u00f6k\u00e9letes megold\u00e1s, ha probl\u00e9m\u00e1kat tapasztal laptopja webkamer\u00e1j\u00e1val kapcsolatban. Ak\u00e1r a jelenlegi k\u00e1bele s\u00e9r\u00fclt, ak\u00e1r rosszul m\u0171k\u00f6dik, ez a cserealkatr\u00e9sz seg\u00edt abban, hogy webkamer\u00e1ja \u00fajra m\u0171k\u00f6d\u0151k\u00e9pes legyen.<\/p>\n<p>A telep\u00edt\u00e9s egyszer\u0171, egyszer\u0171v\u00e9 teszi a r\u00e9gi k\u00e1bel cser\u00e9j\u00e9t, \u00e9s a laptop webkamer\u00e1ja \u00fajszer\u0171 m\u0171k\u00f6d\u00e9st biztos\u00edt. A tart\u00f3s fel\u00e9p\u00edt\u00e9snek \u00e9s a megb\u00edzhat\u00f3 teljes\u00edtm\u00e9nynek k\u00f6sz\u00f6nhet\u0151en megb\u00edzhat ebben az eredeti Fujitsu webkamera-k\u00e1belben, amely hosszan tart\u00f3 eredm\u00e9nyeket biztos\u00edt.<\/p>\n<p>Tapasztalja meg azt a k\u00e9nyelmet \u00e9s nyugalmat, amelyet az eredeti Fujitsu alkatr\u00e9szek haszn\u00e1lata jelent. Rendelje meg eredeti Fujitsu LifeBook AH552 webkamera kamerak\u00e1bel\u00e9t m\u00e9g ma, \u00e9s \u00e9lvezze azt a magabiztoss\u00e1got, hogy laptopja kiv\u00e1l\u00f3 min\u0151s\u00e9g\u0171 alkatr\u00e9szekkel van felszerelve.<\/p>\n","protected":false},"excerpt":{"rendered":"<p>Gy\u0151z\u0151dj\u00f6n meg arr\u00f3l, hogy Fujitsu LifeBook AH552 webkamer\u00e1ja t\u00f6k\u00e9letesen m\u0171k\u00f6dik ezzel az eredeti cserek\u00e1bellel. A z\u00f6kken\u0151mentes integr\u00e1ci\u00f3ra \u00e9s megb\u00edzhat\u00f3 teljes\u00edtm\u00e9nyre tervezett kiv\u00e1l\u00f3 min\u0151s\u00e9g\u0171 webkamera-k\u00e1bel k\u00f6nnyen telep\u00edthet\u0151, \u00e9s vissza\u00e1ll\u00edthatja laptopja teljes funkcionalit\u00e1s\u00e1t.<\/p>\n","protected":false},"featured_media":8812,"template":"","meta":[],"product_brand":[],"product_cat":[20],"product_tag":[28],"class_list":{"0":"post-8747","1":"product","2":"type-product","3":"status-publish","4":"has-post-thumbnail","6":"product_cat-cables","7":"product_tag-fujitsu","9":"first","10":"instock","11":"taxable","12":"shipping-taxable","13":"purchasable","14":"product-type-simple"},"_links":{"self":[{"href":"https:\/\/boreait.com\/hu\/wp-json\/wp\/v2\/product\/8747","targetHints":{"allow":["GET"]}}],"collection":[{"href":"https:\/\/boreait.com\/hu\/wp-json\/wp\/v2\/product"}],"about":[{"href":"https:\/\/boreait.com\/hu\/wp-json\/wp\/v2\/types\/product"}],"wp:featuredmedia":[{"embeddable":true,"href":"https:\/\/boreait.com\/hu\/wp-json\/wp\/v2\/media\/8812"}],"wp:attachment":[{"href":"https:\/\/boreait.com\/hu\/wp-json\/wp\/v2\/media?parent=8747"}],"wp:term":[{"taxonomy":"product_brand","embeddable":true,"href":"https:\/\/boreait.com\/hu\/wp-json\/wp\/v2\/product_brand?post=8747"},{"taxonomy":"product_cat","embeddable":true,"href":"https:\/\/boreait.com\/hu\/wp-json\/wp\/v2\/product_cat?post=8747"},{"taxonomy":"product_tag","embeddable":true,"href":"https:\/\/boreait.com\/hu\/wp-json\/wp\/v2\/product_tag?post=8747"}],"curies":[{"name":"wp","href":"https:\/\/api.w.org\/{rel}","templated":true}]}}