{"id":8744,"date":"2025-09-17T12:12:26","date_gmt":"2025-09-17T10:12:26","guid":{"rendered":"https:\/\/boreait.com\/hu\/?post_type=product&#038;p=8744"},"modified":"2025-09-17T12:15:18","modified_gmt":"2025-09-17T10:15:18","slug":"sr0wy-fujitsu-lifebook-ah552-intel-core-i5-3210m-processzor-laptop-alkatreszek","status":"publish","type":"product","link":"https:\/\/boreait.com\/hu\/termek\/sr0wy-fujitsu-lifebook-ah552-intel-core-i5-3210m-processzor-laptop-alkatreszek\/","title":{"rendered":"SR0WY Fujitsu Lifebook AH552 Intel\u00ae Core\u2122 i5-3210M processzor laptop alkatr\u00e9szek"},"content":{"rendered":"<p>N\u00f6velje Fujitsu Lifebook AH552 teljes\u00edtm\u00e9ny\u00e9t az Intel\u00ae Core\u2122 i5-3210M processzorral. A hat\u00e9konys\u00e1gra \u00e9s gyorsas\u00e1gra tervezett processzor biztos\u00edtja, hogy laptopja z\u00f6kken\u0151mentesen m\u0171k\u00f6dj\u00f6n, ak\u00e1r t\u00f6bbfeladatos munk\u00e1t v\u00e9gez, ak\u00e1r streamel, ak\u00e1r intenz\u00edv alkalmaz\u00e1sokon dolgozik.<\/p>\n<p>Az Intel\u00ae Core\u2122 i5-3210M az Intel 3. gener\u00e1ci\u00f3s processzorainak r\u00e9sze, 2,5 GHz-es \u00f3rajellel, amely turb\u00f3val ak\u00e1r 3,1 GHz-re is k\u00e9pes feler\u0151s\u00edteni, \u00edgy biztos\u00edtva a sz\u00fcks\u00e9ges teljes\u00edtm\u00e9nyt \u00e9s reakci\u00f3k\u00e9szs\u00e9get. A k\u00e9tmagos technol\u00f3gi\u00e1val \u00e9s a hiper-sz\u00e1lkezel\u00e9si k\u00e9pess\u00e9gekkel z\u00f6kken\u0151mentes t\u00f6bbfeladatos munkav\u00e9gz\u00e9st \u00e9s fokozott termel\u00e9kenys\u00e9get tesz lehet\u0151v\u00e9.<\/p>\n<p>Ak\u00e1r megl\u00e9v\u0151 processzor\u00e1t friss\u00edti, ak\u00e1r egy hib\u00e1s processzort cser\u00e9l, ez az Intel\u00ae Core\u2122 i5-3210M t\u00f6k\u00e9letes megold\u00e1s arra, hogy \u00faj \u00e9letet leheljen Fujitsu Lifebook AH552 k\u00e9sz\u00fcl\u00e9k\u00e9be. A laptopj\u00e1val val\u00f3 kompatibilit\u00e1sa egyszer\u0171 telep\u00edt\u00e9st tesz lehet\u0151v\u00e9, \u00edgy gyorsan \u00e9s hat\u00e9konyan t\u00e9rhet vissza a munk\u00e1hoz.<\/p>\n<p>Biztos lehet benne, hogy ha ezt a processzort v\u00e1lasztja, akkor az eredeti Intel min\u0151s\u00e9gbe \u00e9s teljes\u00edtm\u00e9nybe fektet be. Ha tov\u00e1bbi seg\u00edts\u00e9gre van sz\u00fcks\u00e9ge a telep\u00edt\u00e9ssel kapcsolatban, vagy k\u00e9rd\u00e9se van, \u00edrjon nek\u00fcnk \u00fczenetet. R\u00e1ad\u00e1sul a list\u00e1nkban szerepl\u0151 fot\u00f3k val\u00f3di fot\u00f3k a kapott alkatr\u00e9szekr\u0151l, biztos\u00edtva az \u00e1tl\u00e1that\u00f3s\u00e1got \u00e9s a bizalmat.<\/p>\n<p>Rendelje meg Intel\u00ae Core\u2122 i5-3210M processzor\u00e1t a Fujitsu Lifebook AH552-h\u00f6z m\u00e9g ma, \u00e9s tapasztalja meg, hogy jelent\u0151sen megn\u00f6vekszik laptopja teljes\u00edtm\u00e9nye \u00e9s megb\u00edzhat\u00f3s\u00e1ga.<\/p>\n","protected":false},"excerpt":{"rendered":"<p>Friss\u00edtse Fujitsu Lifebook AH552 k\u00e9sz\u00fcl\u00e9k\u00e9t az er\u0151s Intel\u00ae Core\u2122 i5-3210M processzorral. Ez a nagy teljes\u00edtm\u00e9ny\u0171 processzor z\u00f6kken\u0151mentes t\u00f6bbfeladatos munkav\u00e9gz\u00e9st \u00e9s megb\u00edzhat\u00f3 teljes\u00edtm\u00e9nyt biztos\u00edt az \u00f6sszes sz\u00e1m\u00edt\u00e1si ig\u00e9nyhez.<\/p>\n","protected":false},"featured_media":8808,"template":"","meta":[],"product_brand":[],"product_cat":[39],"product_tag":[28],"class_list":{"0":"post-8744","1":"product","2":"type-product","3":"status-publish","4":"has-post-thumbnail","6":"product_cat-processors-cpu","7":"product_tag-fujitsu","9":"first","10":"instock","11":"taxable","12":"shipping-taxable","13":"purchasable","14":"product-type-simple"},"_links":{"self":[{"href":"https:\/\/boreait.com\/hu\/wp-json\/wp\/v2\/product\/8744","targetHints":{"allow":["GET"]}}],"collection":[{"href":"https:\/\/boreait.com\/hu\/wp-json\/wp\/v2\/product"}],"about":[{"href":"https:\/\/boreait.com\/hu\/wp-json\/wp\/v2\/types\/product"}],"wp:featuredmedia":[{"embeddable":true,"href":"https:\/\/boreait.com\/hu\/wp-json\/wp\/v2\/media\/8808"}],"wp:attachment":[{"href":"https:\/\/boreait.com\/hu\/wp-json\/wp\/v2\/media?parent=8744"}],"wp:term":[{"taxonomy":"product_brand","embeddable":true,"href":"https:\/\/boreait.com\/hu\/wp-json\/wp\/v2\/product_brand?post=8744"},{"taxonomy":"product_cat","embeddable":true,"href":"https:\/\/boreait.com\/hu\/wp-json\/wp\/v2\/product_cat?post=8744"},{"taxonomy":"product_tag","embeddable":true,"href":"https:\/\/boreait.com\/hu\/wp-json\/wp\/v2\/product_tag?post=8744"}],"curies":[{"name":"wp","href":"https:\/\/api.w.org\/{rel}","templated":true}]}}