{"id":8743,"date":"2025-09-17T12:12:24","date_gmt":"2025-09-17T10:12:24","guid":{"rendered":"https:\/\/boreait.com\/hu\/?post_type=product&#038;p=8743"},"modified":"2025-09-17T12:15:17","modified_gmt":"2025-09-17T10:15:17","slug":"eredeti-fujitsu-lifebook-ah552-hangszoro-cserealkatreszek-laptophoz","status":"publish","type":"product","link":"https:\/\/boreait.com\/hu\/termek\/eredeti-fujitsu-lifebook-ah552-hangszoro-cserealkatreszek-laptophoz\/","title":{"rendered":"Eredeti Fujitsu LifeBook AH552 hangsz\u00f3r\u00f3 cserealkatr\u00e9szek laptophoz"},"content":{"rendered":"<p>Fokozza a Fujitsu LifeBook AH552 laptop hang\u00e9lm\u00e9ny\u00e9t az eredeti Fujitsu LifeBook AH552 hangsz\u00f3r\u00f3csere seg\u00edts\u00e9g\u00e9vel. Ezt a kiv\u00e1l\u00f3 min\u0151s\u00e9g\u0171 hangsz\u00f3r\u00f3t \u00fagy tervezt\u00e9k, hogy tiszta \u00e9s \u00e9les hangz\u00e1st biztos\u00edtson, \u00edgy biztos\u00edtva az optim\u00e1lis hangteljes\u00edtm\u00e9nyt, ak\u00e1r zen\u00e9t hallgat, ak\u00e1r vide\u00f3t n\u00e9z, ak\u00e1r videoh\u00edv\u00e1sban vesz r\u00e9szt.<\/p>\n<p>Ez a kifejezetten a Fujitsu LifeBook AH552 sz\u00e1m\u00e1ra k\u00e9sz\u00fclt hangsz\u00f3r\u00f3csere t\u00f6k\u00e9letes illeszked\u00e9st \u00e9s z\u00f6kken\u0151mentes integr\u00e1ci\u00f3t biztos\u00edt laptopj\u00e1val. Ide\u00e1lis megold\u00e1s, ha jelenlegi hangsz\u00f3r\u00f3ja megs\u00e9r\u00fclt, hib\u00e1san m\u0171k\u00f6dik, vagy egyszer\u0171en nem adja meg az elv\u00e1rt hangmin\u0151s\u00e9get.<\/p>\n<p>A telep\u00edt\u00e9s egyszer\u0171, lehet\u0151v\u00e9 teszi a laptop audiofunkci\u00f3inak gyors \u00e9s hat\u00e9kony vissza\u00e1ll\u00edt\u00e1s\u00e1t. Ez a tart\u00f3s cserealkatr\u00e9sz garant\u00e1lja a tart\u00f3ss\u00e1got \u00e9s a megb\u00edzhat\u00f3 teljes\u00edtm\u00e9nyt, \u00edgy kiv\u00e1l\u00f3 befektet\u00e9s eszk\u00f6ze min\u0151s\u00e9g\u00e9nek \u00e9s hossz\u00fa \u00e9lettartam\u00e1nak meg\u0151rz\u00e9s\u00e9hez.<\/p>\n<p>Tapasztalja meg a min\u0151s\u00e9gi hangsz\u00f3r\u00f3k \u00e1ltal ny\u00fajtott k\u00fcl\u00f6nbs\u00e9get. Az Eredeti Fujitsu LifeBook AH552 hangsz\u00f3r\u00f3 cser\u00e9vel biztos\u00edthatja, hogy laptopja tov\u00e1bbra is kiemelked\u0151 hangteljes\u00edtm\u00e9nyt ny\u00fajtson. Rendelje meg saj\u00e1tj\u00e1t m\u00e9g ma, \u00e9s \u00e9lvezze a krist\u00e1lytiszta hangz\u00e1st Fujitsu LifeBook AH552 k\u00e9sz\u00fcl\u00e9k\u00e9vel.<\/p>\n","protected":false},"excerpt":{"rendered":"<p>\u00c1ll\u00edtsa vissza Fujitsu LifeBook AH552 hangmin\u0151s\u00e9g\u00e9t ezzel az eredeti hangsz\u00f3r\u00f3cser\u00e9vel. Az egyszer\u0171 telep\u00edt\u00e9sre \u00e9s az optim\u00e1lis teljes\u00edtm\u00e9nyre tervezett kiv\u00e1l\u00f3 min\u0151s\u00e9g\u0171 hangsz\u00f3r\u00f3 tiszta hangkimenetet biztos\u00edt laptopja sz\u00e1m\u00e1ra.<\/p>\n","protected":false},"featured_media":8807,"template":"","meta":[],"product_brand":[],"product_cat":[18],"product_tag":[28],"class_list":{"0":"post-8743","1":"product","2":"type-product","3":"status-publish","4":"has-post-thumbnail","6":"product_cat-laptop-speakers","7":"product_tag-fujitsu","9":"first","10":"instock","11":"taxable","12":"shipping-taxable","13":"purchasable","14":"product-type-simple"},"_links":{"self":[{"href":"https:\/\/boreait.com\/hu\/wp-json\/wp\/v2\/product\/8743","targetHints":{"allow":["GET"]}}],"collection":[{"href":"https:\/\/boreait.com\/hu\/wp-json\/wp\/v2\/product"}],"about":[{"href":"https:\/\/boreait.com\/hu\/wp-json\/wp\/v2\/types\/product"}],"wp:featuredmedia":[{"embeddable":true,"href":"https:\/\/boreait.com\/hu\/wp-json\/wp\/v2\/media\/8807"}],"wp:attachment":[{"href":"https:\/\/boreait.com\/hu\/wp-json\/wp\/v2\/media?parent=8743"}],"wp:term":[{"taxonomy":"product_brand","embeddable":true,"href":"https:\/\/boreait.com\/hu\/wp-json\/wp\/v2\/product_brand?post=8743"},{"taxonomy":"product_cat","embeddable":true,"href":"https:\/\/boreait.com\/hu\/wp-json\/wp\/v2\/product_cat?post=8743"},{"taxonomy":"product_tag","embeddable":true,"href":"https:\/\/boreait.com\/hu\/wp-json\/wp\/v2\/product_tag?post=8743"}],"curies":[{"name":"wp","href":"https:\/\/api.w.org\/{rel}","templated":true}]}}