{"id":8741,"date":"2025-09-17T12:12:19","date_gmt":"2025-09-17T10:12:19","guid":{"rendered":"https:\/\/boreait.com\/hu\/?post_type=product&#038;p=8741"},"modified":"2025-09-17T12:15:05","modified_gmt":"2025-09-17T10:15:05","slug":"eredeti-fujitsu-lifebook-ah552sl-notebook-alaplap-cp589397-01-laptop-alkatreszek","status":"publish","type":"product","link":"https:\/\/boreait.com\/hu\/termek\/eredeti-fujitsu-lifebook-ah552sl-notebook-alaplap-cp589397-01-laptop-alkatreszek\/","title":{"rendered":"Eredeti Fujitsu Lifebook AH552SL notebook alaplap CP589397-01 laptop alkatr\u00e9szek"},"content":{"rendered":"<p>N\u00f6velje Fujitsu Lifebook AH552\/SL notebookja teljes\u00edtm\u00e9ny\u00e9t az eredeti Fujitsu Lifebook AH552\/SL notebook CP589397-01 alaplappal. A pontoss\u00e1g \u00e9s megb\u00edzhat\u00f3s\u00e1g szem el\u0151tt tart\u00e1s\u00e1val k\u00e9sz\u00fclt ez az alaplapcsere, amelyet \u00fagy terveztek, hogy z\u00f6kken\u0151mentesen integr\u00e1l\u00f3djon az \u00d6n k\u00e9sz\u00fcl\u00e9k\u00e9be, optim\u00e1lis funkcionalit\u00e1st \u00e9s tart\u00f3ss\u00e1got biztos\u00edtva.<\/p>\n<p>Az eredeti Fujitsu min\u0151s\u00e9ggel rendelkez\u0151 alaplap ide\u00e1lis megold\u00e1s a laptop teljes\u00edtm\u00e9ny\u00e9nek eredeti \u00e1llapot\u00e1nak vissza\u00e1ll\u00edt\u00e1s\u00e1ra. Ak\u00e1r probl\u00e9m\u00e1kba \u00fctk\u00f6zik jelenlegi alaplapj\u00e1val, ak\u00e1r egyszer\u0171en csak friss\u00edt\u00e9sre v\u00e1gyik, ezt az eredeti cserealkatr\u00e9szt \u00fagy tervezt\u00e9k, hogy megfeleljen a legmagasabb min\u0151s\u00e9gi \u00e9s kompatibilit\u00e1si k\u00f6vetelm\u00e9nyeknek.<\/p>\n<p>Az alaplap telep\u00edt\u00e9se egyszer\u0171, probl\u00e9mamentes megold\u00e1st k\u00edn\u00e1l laptopja jav\u00edt\u00e1si ig\u00e9nyeire. Strapab\u00edr\u00f3 fel\u00e9p\u00edt\u00e9s\u00e9nek \u00e9s megb\u00edzhat\u00f3 teljes\u00edtm\u00e9ny\u00e9nek k\u00f6sz\u00f6nhet\u0151en biztos lehet benne, hogy Fujitsu Lifebook AH552\/SL notebookja maxim\u00e1lisan m\u0171k\u00f6dik majd.<\/p>\n<p>Tapasztalja meg az eredeti Fujitsu alkatr\u00e9szek \u00e1ltal ny\u00fajtott k\u00fcl\u00f6nbs\u00e9get, \u00e9s gondoskodjon arr\u00f3l, hogy laptopja tov\u00e1bbra is kiv\u00e1l\u00f3 legyen az Eredeti Fujitsu Lifebook AH552\/SL notebook CP589397-01 alaplappal. Rendelje meg most, \u00e9s magabiztosan \u00faj\u00edtsa meg laptopja teljes\u00edtm\u00e9ny\u00e9t.<\/p>\n","protected":false},"excerpt":{"rendered":"<p>Revitaliz\u00e1lja Fujitsu Lifebook AH552\/SL notebookj\u00e1t ezzel az eredeti alaplappal. A z\u00f6kken\u0151mentes kompatibilit\u00e1sra \u00e9s a cs\u00facsteljes\u00edtm\u00e9nyre tervezett kiv\u00e1l\u00f3 min\u0151s\u00e9g\u0171 cserealkatr\u00e9sz biztos\u00edtja a laptop z\u00f6kken\u0151mentes m\u0171k\u00f6d\u00e9s\u00e9t az elk\u00f6vetkez\u0151 \u00e9vekben.<\/p>\n","protected":false},"featured_media":8796,"template":"","meta":[],"product_brand":[],"product_cat":[27],"product_tag":[28],"class_list":{"0":"post-8741","1":"product","2":"type-product","3":"status-publish","4":"has-post-thumbnail","6":"product_cat-motherboards-board-parts","7":"product_tag-fujitsu","9":"first","10":"instock","11":"taxable","12":"shipping-taxable","13":"purchasable","14":"product-type-simple"},"_links":{"self":[{"href":"https:\/\/boreait.com\/hu\/wp-json\/wp\/v2\/product\/8741","targetHints":{"allow":["GET"]}}],"collection":[{"href":"https:\/\/boreait.com\/hu\/wp-json\/wp\/v2\/product"}],"about":[{"href":"https:\/\/boreait.com\/hu\/wp-json\/wp\/v2\/types\/product"}],"wp:featuredmedia":[{"embeddable":true,"href":"https:\/\/boreait.com\/hu\/wp-json\/wp\/v2\/media\/8796"}],"wp:attachment":[{"href":"https:\/\/boreait.com\/hu\/wp-json\/wp\/v2\/media?parent=8741"}],"wp:term":[{"taxonomy":"product_brand","embeddable":true,"href":"https:\/\/boreait.com\/hu\/wp-json\/wp\/v2\/product_brand?post=8741"},{"taxonomy":"product_cat","embeddable":true,"href":"https:\/\/boreait.com\/hu\/wp-json\/wp\/v2\/product_cat?post=8741"},{"taxonomy":"product_tag","embeddable":true,"href":"https:\/\/boreait.com\/hu\/wp-json\/wp\/v2\/product_tag?post=8741"}],"curies":[{"name":"wp","href":"https:\/\/api.w.org\/{rel}","templated":true}]}}