{"id":874,"date":"2025-09-17T09:45:38","date_gmt":"2025-09-17T07:45:38","guid":{"rendered":"https:\/\/boreait.com\/hu\/?post_type=product&#038;p=874"},"modified":"2026-01-07T10:03:20","modified_gmt":"2026-01-07T09:03:20","slug":"hp-probook-640-g2-sorozat-796997-1r0-796997-391-webkamera","status":"publish","type":"product","link":"https:\/\/boreait.com\/hu\/termek\/hp-probook-640-g2-sorozat-796997-1r0-796997-391-webkamera\/","title":{"rendered":"HP ProBook 640 G2 sorozat 796997-1R0 \/ 796997-391 webkamera"},"content":{"rendered":"<p>A HP ProBook 640 G2 sorozat\u00fa webkamera kamera (cikksz\u00e1m: 796997-1R0 \/ 796997-391) egy eredeti HP cserealkatr\u00e9sz, amely kompatibilis a ProBook 640 G2 laptop modellel. Ez a webkamera n\u00e9lk\u00fcl\u00f6zhetetlen alkatr\u00e9sz azoknak a felhaszn\u00e1l\u00f3knak, akiknek videokonferenci\u00e1kon, online tal\u00e1lkoz\u00f3kon, illetve k\u00e9pek \u00e9s vide\u00f3k r\u00f6gz\u00edt\u00e9s\u00e9re van sz\u00fcks\u00e9g\u00fck.<\/p>\n<p>A prec\u00edzen \u00e9s a r\u00e9szletekre val\u00f3 odafigyel\u00e9ssel megtervezett webkamera \u00e9les \u00e9s tiszta vide\u00f3min\u0151s\u00e9get biztos\u00edt, lehet\u0151v\u00e9 t\u00e9ve a hat\u00e9kony kommunik\u00e1ci\u00f3t k\u00fcl\u00f6nf\u00e9le szakmai \u00e9s szem\u00e9lyes be\u00e1ll\u00edt\u00e1sok k\u00f6z\u00f6tt. Ak\u00e1r videokonferenci\u00e1kon vesz r\u00e9szt, ak\u00e1r virtu\u00e1lis megbesz\u00e9l\u00e9seken vesz r\u00e9szt, ak\u00e1r videoh\u00edv\u00e1sokon kereszt\u00fcl kapcsolatban marad bar\u00e1taival \u00e9s csal\u00e1dj\u00e1val, ez a webkamera biztos\u00edtja, hogy \u00d6n kiv\u00e1l\u00f3 tisztas\u00e1ggal l\u00e1sson \u00e9s l\u00e1that\u00f3 legyen.<\/p>\n<p>A HP ProBook 640 G2 sorozat\u00fa webkamera kamera telep\u00edt\u00e9se egyszer\u0171 folyamat, amelyet a gy\u00e1rt\u00f3 utas\u00edt\u00e1sainak k\u00f6vet\u00e9s\u00e9vel vagy professzion\u00e1lis technikus seg\u00edts\u00e9g\u00e9nek ig\u00e9nybev\u00e9tel\u00e9vel lehet elv\u00e9gezni. Fontos, hogy eredeti HP cserealkatr\u00e9szeket haszn\u00e1ljon a kompatibilit\u00e1s \u00e9s a laptop teljes\u00edtm\u00e9ny\u00e9nek meg\u0151rz\u00e9se \u00e9rdek\u00e9ben.<\/p>\n<p>A HP ProBook 640 G2 sorozat\u00fa webkamera kamer\u00e1val (cikksz\u00e1m: 796997-1R0 \/ 796997-391) kiv\u00e1l\u00f3 min\u0151s\u00e9g\u0171 videokommunik\u00e1ci\u00f3t \u00e9lvezhet, \u00e9s k\u00f6nnyed\u00e9n \u00f6r\u00f6k\u00edthet meg eml\u00e9kezetes pillanatokat. Ez az eredeti HP cserealkatr\u00e9sz megb\u00edzhat\u00f3 teljes\u00edtm\u00e9nyt \u00e9s kompatibilit\u00e1st garant\u00e1l, lehet\u0151v\u00e9 t\u00e9ve, hogy a legt\u00f6bbet hozza ki ProBook 640 G2 laptopj\u00e1b\u00f3l. Maradjon kapcsolatban, \u00e9s n\u00f6velje termel\u00e9kenys\u00e9g\u00e9t ezzel az alapvet\u0151 webkamer\u00e1val.<\/p>\n","protected":false},"excerpt":{"rendered":"<p>A HP ProBook 640 G2 sorozat\u00fa webkamera kamera (cikksz\u00e1m: 796997-1R0 \/ 796997-391) egy eredeti cserealkatr\u00e9sz, amelyet kifejezetten a ProBook 640 G2 laptopmodellhez terveztek. Ezzel a webkamer\u00e1val kiv\u00e1l\u00f3 min\u0151s\u00e9g\u0171 k\u00e9peket k\u00e9sz\u00edthet, \u00e9s k\u00f6nnyed\u00e9n r\u00e9szt vehet videokonferenci\u00e1ban.<\/p>\n","protected":false},"featured_media":946,"template":"","meta":[],"product_brand":[],"product_cat":[23],"product_tag":[25],"class_list":{"0":"post-874","1":"product","2":"type-product","3":"status-publish","4":"has-post-thumbnail","6":"product_cat-laptop-camera","7":"product_tag-hp","9":"first","10":"instock","11":"taxable","12":"shipping-taxable","13":"purchasable","14":"product-type-simple"},"_links":{"self":[{"href":"https:\/\/boreait.com\/hu\/wp-json\/wp\/v2\/product\/874","targetHints":{"allow":["GET"]}}],"collection":[{"href":"https:\/\/boreait.com\/hu\/wp-json\/wp\/v2\/product"}],"about":[{"href":"https:\/\/boreait.com\/hu\/wp-json\/wp\/v2\/types\/product"}],"wp:featuredmedia":[{"embeddable":true,"href":"https:\/\/boreait.com\/hu\/wp-json\/wp\/v2\/media\/946"}],"wp:attachment":[{"href":"https:\/\/boreait.com\/hu\/wp-json\/wp\/v2\/media?parent=874"}],"wp:term":[{"taxonomy":"product_brand","embeddable":true,"href":"https:\/\/boreait.com\/hu\/wp-json\/wp\/v2\/product_brand?post=874"},{"taxonomy":"product_cat","embeddable":true,"href":"https:\/\/boreait.com\/hu\/wp-json\/wp\/v2\/product_cat?post=874"},{"taxonomy":"product_tag","embeddable":true,"href":"https:\/\/boreait.com\/hu\/wp-json\/wp\/v2\/product_tag?post=874"}],"curies":[{"name":"wp","href":"https:\/\/api.w.org\/{rel}","templated":true}]}}