{"id":873,"date":"2025-09-17T09:45:38","date_gmt":"2025-09-17T07:45:38","guid":{"rendered":"https:\/\/boreait.com\/hu\/?post_type=product&#038;p=873"},"modified":"2025-09-17T09:46:51","modified_gmt":"2025-09-17T07:46:51","slug":"eredeti-14-huvelykes-alapegyseg-fedel-ajtaja-hp-probook-640-g2-hez-845169-001","status":"publish","type":"product","link":"https:\/\/boreait.com\/hu\/termek\/eredeti-14-huvelykes-alapegyseg-fedel-ajtaja-hp-probook-640-g2-hez-845169-001\/","title":{"rendered":"Eredeti 14 h\u00fcvelykes alapegys\u00e9g fed\u00e9l ajtaja HP \u200b\u200bProbook 640 G2-hez &#8211; 845169-001"},"content":{"rendered":"<p>Az eredeti 14 h\u00fcvelykes alapegys\u00e9g fed\u00e9lajt\u00f3 (cikksz\u00e1m: 845169-001) egy eredeti HP cserealkatr\u00e9sz, amelyet a HP Probook 640 G2 laptopmodellhez terveztek. Ez az alapegys\u00e9g fed\u0151lapja v\u00e9d\u0151burkolatk\u00e9nt szolg\u00e1l a laptop bels\u0151 alkatr\u00e9szei sz\u00e1m\u00e1ra, bele\u00e9rtve az alaplapot, a merevlemezt \u00e9s m\u00e1s kritikus hardvereket.<\/p>\n<p>A pontoss\u00e1g \u00e9s a tart\u00f3ss\u00e1g szem el\u0151tt tart\u00e1s\u00e1val k\u00e9sz\u00fclt, ez az alapegys\u00e9g-fed\u00e9lajt\u00f3 kiv\u00e1l\u00f3 min\u0151s\u00e9g\u0171 anyagokb\u00f3l k\u00e9sz\u00fclt, amelyek megfelelnek a HP szigor\u00fa megb\u00edzhat\u00f3s\u00e1gi \u00e9s teljes\u00edtm\u00e9nyi szabv\u00e1nyainak. \u00dagy tervezt\u00e9k, hogy biztons\u00e1gos \u00e9s szoros illeszked\u00e9st biztos\u00edtson, biztos\u00edtva, hogy a bels\u0151 alkatr\u00e9szek megfelel\u0151en v\u00e9dve legyenek a port\u00f3l, t\u00f6rmel\u00e9kt\u0151l \u00e9s egy\u00e9b k\u00fcls\u0151 elemekt\u0151l.<\/p>\n<p>Az alapegys\u00e9g fedel\u00e9nek ajtaj\u00e1nak cser\u00e9je egyszer\u0171 folyamat, amelyet a gy\u00e1rt\u00f3 utas\u00edt\u00e1sainak betart\u00e1s\u00e1val vagy szakemberrel val\u00f3 konzult\u00e1ci\u00f3val lehet elv\u00e9gezni. Javasoljuk, hogy eredeti HP alkatr\u00e9szeket haszn\u00e1ljon a cser\u00e9hez a kompatibilit\u00e1s \u00e9s a laptop \u00e9ps\u00e9g\u00e9nek meg\u0151rz\u00e9se \u00e9rdek\u00e9ben.<\/p>\n<p>Ha a s\u00e9r\u00fclt vagy elhaszn\u00e1l\u00f3dott alapegys\u00e9g fed\u0151lapj\u00e1t kicser\u00e9li az eredeti 14 h\u00fcvelykes alapegys\u00e9g fed\u00e9lajt\u00f3ra (cikksz\u00e1m: 845169-001), helyre\u00e1ll\u00edthatja HP \u200b\u200bProbook 640 G2 szerkezeti integrit\u00e1s\u00e1t, \u00e9s meg\u00f3vhatja bels\u0151 alkatr\u00e9szeit. Ez az eredeti HP cserealkatr\u00e9sz t\u00f6k\u00e9letes illeszked\u00e9st \u00e9s megb\u00edzhat\u00f3 teljes\u00edtm\u00e9nyt garant\u00e1l, lehet\u0151v\u00e9 t\u00e9ve, hogy tov\u00e1bbra is magabiztosan haszn\u00e1lja laptopj\u00e1t.<\/p>\n","protected":false},"excerpt":{"rendered":"<p>Az eredeti 14 h\u00fcvelykes alapegys\u00e9g fed\u00e9lajt\u00f3 (cikksz\u00e1m: 845169-001) egy eredeti cserealkatr\u00e9sz, amelyet a HP Probook 640 G2 k\u00e9sz\u00fcl\u00e9khez terveztek. Ez az alapszerelv\u00e9ny-fed\u00e9l ajtaja biztons\u00e1gos \u00e9s v\u00e9d\u0151burkolatot biztos\u00edt laptopja bels\u0151 alkatr\u00e9szeinek, biztos\u00edtva annak megfelel\u0151 m\u0171k\u00f6d\u00e9s\u00e9t \u00e9s hossz\u00fa \u00e9lettartam\u00e1t.<\/p>\n","protected":false},"featured_media":938,"template":"","meta":[],"product_brand":[],"product_cat":[16],"product_tag":[25],"class_list":{"0":"post-873","1":"product","2":"type-product","3":"status-publish","4":"has-post-thumbnail","6":"product_cat-laptop-housing","7":"product_tag-hp","9":"first","10":"instock","11":"taxable","12":"shipping-taxable","13":"purchasable","14":"product-type-simple"},"_links":{"self":[{"href":"https:\/\/boreait.com\/hu\/wp-json\/wp\/v2\/product\/873","targetHints":{"allow":["GET"]}}],"collection":[{"href":"https:\/\/boreait.com\/hu\/wp-json\/wp\/v2\/product"}],"about":[{"href":"https:\/\/boreait.com\/hu\/wp-json\/wp\/v2\/types\/product"}],"wp:featuredmedia":[{"embeddable":true,"href":"https:\/\/boreait.com\/hu\/wp-json\/wp\/v2\/media\/938"}],"wp:attachment":[{"href":"https:\/\/boreait.com\/hu\/wp-json\/wp\/v2\/media?parent=873"}],"wp:term":[{"taxonomy":"product_brand","embeddable":true,"href":"https:\/\/boreait.com\/hu\/wp-json\/wp\/v2\/product_brand?post=873"},{"taxonomy":"product_cat","embeddable":true,"href":"https:\/\/boreait.com\/hu\/wp-json\/wp\/v2\/product_cat?post=873"},{"taxonomy":"product_tag","embeddable":true,"href":"https:\/\/boreait.com\/hu\/wp-json\/wp\/v2\/product_tag?post=873"}],"curies":[{"name":"wp","href":"https:\/\/api.w.org\/{rel}","templated":true}]}}