{"id":8728,"date":"2025-09-17T12:11:49","date_gmt":"2025-09-17T10:11:49","guid":{"rendered":"https:\/\/boreait.com\/hu\/?post_type=product&#038;p=8728"},"modified":"2025-09-17T12:15:02","modified_gmt":"2025-09-17T10:15:02","slug":"eredeti-fujitsu-lifebook-ah552-eredeti-billentyuzet-nordic-elrendezesu-cp581752-01-laptop-alkatreszek","status":"publish","type":"product","link":"https:\/\/boreait.com\/hu\/termek\/eredeti-fujitsu-lifebook-ah552-eredeti-billentyuzet-nordic-elrendezesu-cp581752-01-laptop-alkatreszek\/","title":{"rendered":"Eredeti Fujitsu Lifebook AH552 eredeti billenty\u0171zet nordic elrendez\u00e9s\u0171 CP581752-01 laptop alkatr\u00e9szek"},"content":{"rendered":"<p>Fokozza a g\u00e9pel\u00e9si \u00e9lm\u00e9nyt a Fujitsu Lifebook AH552 k\u00e9sz\u00fcl\u00e9ken az eredeti Fujitsu Lifebook AH552 eredeti, \u00e9szaki kioszt\u00e1s\u00fa CP581752-01 billenty\u0171zettel. A prec\u00edzen megalkotott \u00e9s a kompatibilit\u00e1s \u00e9rdek\u00e9ben ez az eredeti billenty\u0171zetcsere t\u00f6k\u00e9letes megold\u00e1st k\u00edn\u00e1l laptopja billenty\u0171zettel kapcsolatos ig\u00e9nyeire.<\/p>\n<p>A skandin\u00e1v elrendez\u00e9s\u0171 billenty\u0171zetcsere olyan felhaszn\u00e1l\u00f3k sz\u00e1m\u00e1ra k\u00e9sz\u00fclt, akik el\u0151nyben r\u00e9szes\u00edtik az \u00e9szaki orsz\u00e1gokban \u00e1ltal\u00e1nosan haszn\u00e1lt billenty\u0171elrendez\u00e9st \u00e9s karaktereket. Az eredeti Fujitsu min\u0151s\u00e9gnek k\u00f6sz\u00f6nhet\u0151en b\u00edzhat abban, hogy ez a billenty\u0171zetcsere ugyanolyan szint\u0171 teljes\u00edtm\u00e9nyt \u00e9s megb\u00edzhat\u00f3s\u00e1got ny\u00fajt, mint az eredeti.<\/p>\n<p>K\u00f6nnyen telep\u00edthet\u0151 \u00e9s tart\u00f3s, ez a billenty\u0171zetcsere probl\u00e9mamentes friss\u00edt\u00e9st biztos\u00edt Fujitsu Lifebook AH552-\u00e9hez. Ak\u00e1r egy elhaszn\u00e1l\u00f3dott billenty\u0171zetet cser\u00e9l, ak\u00e1r egyszer\u0171en saj\u00e1t ig\u00e9nyei szerint szeretn\u00e9 szem\u00e9lyre szabni laptopj\u00e1t, ez az eredeti billenty\u0171zetcsere az ide\u00e1lis v\u00e1laszt\u00e1s.<\/p>\n<p>Tapasztalja meg az eredeti Fujitsu alkatr\u00e9szek \u00e1ltal ny\u00fajtott k\u00fcl\u00f6nbs\u00e9get, \u00e9s gondoskodjon arr\u00f3l, hogy Fujitsu Lifebook AH552 tov\u00e1bbra is megfeleljen g\u00e9pel\u00e9si ig\u00e9nyeinek az Eredeti Fujitsu Lifebook AH552 Eredeti Nordic Layout CP581752-01 billenty\u0171zettel. Rendelje meg saj\u00e1tj\u00e1t m\u00e9g ma, \u00e9s \u00e9lvezze a z\u00f6kken\u0151mentes g\u00e9pel\u00e9si \u00e9lm\u00e9nyt laptopj\u00e1val.<\/p>\n","protected":false},"excerpt":{"rendered":"<p>Friss\u00edtse Fujitsu Lifebook AH552 k\u00e9sz\u00fcl\u00e9k\u00e9t ezzel az eredeti skandin\u00e1v elrendez\u00e9s\u0171 billenty\u0171zettel. A z\u00f6kken\u0151mentes g\u00e9pel\u00e9si \u00e9lm\u00e9nyt biztos\u00edt\u00f3 eredeti billenty\u0171zetcsere optim\u00e1lis kompatibilit\u00e1st \u00e9s funkcionalit\u00e1st biztos\u00edt laptopja sz\u00e1m\u00e1ra.<\/p>\n","protected":false},"featured_media":8794,"template":"","meta":[],"product_brand":[],"product_cat":[35],"product_tag":[28],"class_list":{"0":"post-8728","1":"product","2":"type-product","3":"status-publish","4":"has-post-thumbnail","6":"product_cat-laptop-keyboard","7":"product_tag-fujitsu","9":"first","10":"instock","11":"taxable","12":"shipping-taxable","13":"purchasable","14":"product-type-simple"},"_links":{"self":[{"href":"https:\/\/boreait.com\/hu\/wp-json\/wp\/v2\/product\/8728","targetHints":{"allow":["GET"]}}],"collection":[{"href":"https:\/\/boreait.com\/hu\/wp-json\/wp\/v2\/product"}],"about":[{"href":"https:\/\/boreait.com\/hu\/wp-json\/wp\/v2\/types\/product"}],"wp:featuredmedia":[{"embeddable":true,"href":"https:\/\/boreait.com\/hu\/wp-json\/wp\/v2\/media\/8794"}],"wp:attachment":[{"href":"https:\/\/boreait.com\/hu\/wp-json\/wp\/v2\/media?parent=8728"}],"wp:term":[{"taxonomy":"product_brand","embeddable":true,"href":"https:\/\/boreait.com\/hu\/wp-json\/wp\/v2\/product_brand?post=8728"},{"taxonomy":"product_cat","embeddable":true,"href":"https:\/\/boreait.com\/hu\/wp-json\/wp\/v2\/product_cat?post=8728"},{"taxonomy":"product_tag","embeddable":true,"href":"https:\/\/boreait.com\/hu\/wp-json\/wp\/v2\/product_tag?post=8728"}],"curies":[{"name":"wp","href":"https:\/\/api.w.org\/{rel}","templated":true}]}}