{"id":8727,"date":"2025-09-17T12:11:49","date_gmt":"2025-09-17T10:11:49","guid":{"rendered":"https:\/\/boreait.com\/hu\/?post_type=product&#038;p=8727"},"modified":"2025-09-17T12:14:58","modified_gmt":"2025-09-17T10:14:58","slug":"black-spot-eredeti-fujitsu-lifebook-s936-laptop-kijelzo-b156xtn032-csere-lcd-panel-matt","status":"publish","type":"product","link":"https:\/\/boreait.com\/hu\/termek\/black-spot-eredeti-fujitsu-lifebook-s936-laptop-kijelzo-b156xtn032-csere-lcd-panel-matt\/","title":{"rendered":"BLACK SPOT Eredeti Fujitsu LifeBook S936 laptop kijelz\u0151 b156xtn032 csere LCD panel matt"},"content":{"rendered":"<p>FEKETE FOLT<\/p>\n<p>Fokozza Fujitsu LifeBook S936 laptopja vizu\u00e1lis teljes\u00edtm\u00e9ny\u00e9t az eredeti Fujitsu LifeBook S936 laptop kijelz\u0151 csere LCD panellel matt. Ezt az eredeti cserealkatr\u00e9szt a legmagasabb min\u0151s\u00e9gi \u00e9s precizit\u00e1si k\u00f6vetelm\u00e9nyeknek megfelel\u0151en tervezt\u00e9k, hogy z\u00f6kken\u0151mentesen illeszkedjen az \u00d6n k\u00e9sz\u00fcl\u00e9k\u00e9hez, t\u00f6k\u00e9letes illeszked\u00e9st \u00e9s optim\u00e1lis funkcionalit\u00e1st biztos\u00edtva.<\/p>\n<p>&#8211; **HD felbont\u00e1s:** \u00c9lvezze a leny\u0171g\u00f6z\u0151 tisztas\u00e1got az 1366&#215;768-as felbont\u00e1ssal, \u00edgy minden r\u00e9szlet \u00e9les \u00e9s tiszta lesz.<\/p>\n<p>&#8211; **40 t\u0171s EDP-csatlakoz\u00f3:** Z\u00f6kken\u0151mentes kompatibilit\u00e1st biztos\u00edt HP 11 G8 EE Chromebook laptopj\u00e1val.<\/p>\n<p>A matt fel\u00fclet\u0171 LCD-panel csere \u00e9l\u00e9nk sz\u00edneket \u00e9s \u00e9les r\u00e9szleteket biztos\u00edt, \u00e9s mag\u00e1val ragad\u00f3 megtekint\u00e9si \u00e9lm\u00e9nyt biztos\u00edt munk\u00e1hoz vagy sz\u00f3rakoz\u00e1shoz. Ak\u00e1r egy s\u00e9r\u00fclt k\u00e9perny\u0151t cser\u00e9l, ak\u00e1r nagyobb felbont\u00e1sra friss\u00edt, ez az eredeti k\u00e9perny\u0151 biztosan megfelel az \u00d6n ig\u00e9nyeinek.<\/p>\n<p>K\u00f6nnyen telep\u00edthet\u0151 \u00e9s tart\u00f3s, ez az eredeti Fujitsu k\u00e9perny\u0151-csere probl\u00e9mamentes megold\u00e1st k\u00edn\u00e1l laptopja jav\u00edt\u00e1si ig\u00e9nyeire. \u00c1ll\u00edtsa vissza Fujitsu LifeBook S936 vizu\u00e1lis tisztas\u00e1g\u00e1t, \u00e9s \u00e9lvezze \u00fajra az \u00e9les, tiszta k\u00e9peket.<\/p>\n<p>Tapasztalja meg az eredeti Fujitsu alkatr\u00e9szek \u00e1ltal ny\u00fajtott k\u00fcl\u00f6nbs\u00e9get, \u00e9s gondoskodjon arr\u00f3l, hogy laptopja tov\u00e1bbra is a legjobb teljes\u00edtm\u00e9nyt ny\u00fajtsa az eredeti Fujitsu LifeBook S936 laptop kijelz\u0151 csere LCD panellel. Rendelje meg saj\u00e1tj\u00e1t m\u00e9g ma, \u00e9s magabiztosan \u00faj\u00edtsa meg laptopja kijelz\u0151j\u00e9t.<\/p>\n","protected":false},"excerpt":{"rendered":"<p>\u00c1ll\u00edtsa vissza Fujitsu LifeBook S936 laptopja vizu\u00e1lis tisztas\u00e1g\u00e1t ezzel az eredeti k\u00e9perny\u0151-helyettes\u00edt\u0151vel. Ez a matt fel\u00fclet\u0171, kiv\u00e1l\u00f3 min\u0151s\u00e9g\u0171 LCD-panel \u00e9l\u00e9nk sz\u00edneket \u00e9s \u00e9les r\u00e9szleteket biztos\u00edt a jobb megtekint\u00e9si \u00e9lm\u00e9ny \u00e9rdek\u00e9ben.<\/p>\n","protected":false},"featured_media":8792,"template":"","meta":[],"product_brand":[],"product_cat":[22,21],"product_tag":[28],"class_list":{"0":"post-8727","1":"product","2":"type-product","3":"status-publish","4":"has-post-thumbnail","6":"product_cat-15-6","7":"product_cat-laptop-screens-lcd-panels","8":"product_tag-fujitsu","10":"first","11":"instock","12":"taxable","13":"shipping-taxable","14":"purchasable","15":"product-type-simple"},"_links":{"self":[{"href":"https:\/\/boreait.com\/hu\/wp-json\/wp\/v2\/product\/8727","targetHints":{"allow":["GET"]}}],"collection":[{"href":"https:\/\/boreait.com\/hu\/wp-json\/wp\/v2\/product"}],"about":[{"href":"https:\/\/boreait.com\/hu\/wp-json\/wp\/v2\/types\/product"}],"wp:featuredmedia":[{"embeddable":true,"href":"https:\/\/boreait.com\/hu\/wp-json\/wp\/v2\/media\/8792"}],"wp:attachment":[{"href":"https:\/\/boreait.com\/hu\/wp-json\/wp\/v2\/media?parent=8727"}],"wp:term":[{"taxonomy":"product_brand","embeddable":true,"href":"https:\/\/boreait.com\/hu\/wp-json\/wp\/v2\/product_brand?post=8727"},{"taxonomy":"product_cat","embeddable":true,"href":"https:\/\/boreait.com\/hu\/wp-json\/wp\/v2\/product_cat?post=8727"},{"taxonomy":"product_tag","embeddable":true,"href":"https:\/\/boreait.com\/hu\/wp-json\/wp\/v2\/product_tag?post=8727"}],"curies":[{"name":"wp","href":"https:\/\/api.w.org\/{rel}","templated":true}]}}