{"id":8726,"date":"2025-09-17T12:11:49","date_gmt":"2025-09-17T10:11:49","guid":{"rendered":"https:\/\/boreait.com\/hu\/?post_type=product&#038;p=8726"},"modified":"2025-09-17T12:14:55","modified_gmt":"2025-09-17T10:14:55","slug":"eredeti-fujitsu-lifebook-s936-laptop-tpm-modullap-cp693570-z5-eredeti","status":"publish","type":"product","link":"https:\/\/boreait.com\/hu\/termek\/eredeti-fujitsu-lifebook-s936-laptop-tpm-modullap-cp693570-z5-eredeti\/","title":{"rendered":"Eredeti Fujitsu LifeBook S936 laptop TPM modullap CP693570-Z5 eredeti"},"content":{"rendered":"<p>Friss\u00edtse Fujitsu LifeBook S936 laptopja biztons\u00e1gi funkci\u00f3it az eredeti Fujitsu LifeBook S936 laptop TPM modul CP693570-Z5 modullal. Az \u00e9rz\u00e9keny adatok fokozott v\u00e9delm\u00e9re tervezett, eredeti TPM modulk\u00e1rtya t\u00f6k\u00e9letes megold\u00e1s az adatok jogosulatlan hozz\u00e1f\u00e9r\u00e9ssel \u00e9s biztons\u00e1gi fenyeget\u00e9sekkel szembeni v\u00e9delm\u00e9re.<\/p>\n<p>A pontoss\u00e1g \u00e9s a kompatibilit\u00e1s szem el\u0151tt tart\u00e1s\u00e1val k\u00e9sz\u00fclt, ezt a TPM modulk\u00e1rty\u00e1t \u00fagy tervezt\u00e9k, hogy z\u00f6kken\u0151mentesen integr\u00e1l\u00f3djon a Fujitsu LifeBook S936-hoz, optim\u00e1lis teljes\u00edtm\u00e9nyt \u00e9s megb\u00edzhat\u00f3s\u00e1got biztos\u00edtva. Val\u00f3di Fujitsu min\u0151s\u00e9g\u00e9vel b\u00edzhat abban, hogy ez a cserealkatr\u00e9sz megfelel a legmagasabb min\u0151s\u00e9gi \u00e9s kompatibilit\u00e1si k\u00f6vetelm\u00e9nyeknek.<\/p>\n<p>K\u00f6nnyen telep\u00edthet\u0151 \u00e9s tart\u00f3san meg\u00e9p\u00edtett, ez a TPM modul k\u00e1rtya probl\u00e9mamentes megold\u00e1st k\u00edn\u00e1l laptopja biztons\u00e1gi funkci\u00f3inak jav\u00edt\u00e1s\u00e1ra. Ak\u00e1r megl\u00e9v\u0151 TPM-modulj\u00e1t szeretn\u00e9 friss\u00edteni, ak\u00e1r cser\u00e9re van sz\u00fcks\u00e9ge, ez az eredeti Fujitsu alkatr\u00e9sz az ide\u00e1lis v\u00e1laszt\u00e1s.<\/p>\n<p>V\u00e9dje meg \u00e9rt\u00e9kes adatait, \u00e9s biztos\u00edtsa a nyugalmat az eredeti Fujitsu LifeBook S936 laptop TPM modulk\u00e1rty\u00e1val, a CP693570-Z5. Rendelje meg saj\u00e1tj\u00e1t m\u00e9g ma, \u00e9s emelje laptopja biztons\u00e1g\u00e1t a k\u00f6vetkez\u0151 szintre.<\/p>\n","protected":false},"excerpt":{"rendered":"<p>N\u00f6velje Fujitsu LifeBook S936 laptopja biztons\u00e1g\u00e1t ezzel az eredeti TPM modullal. A z\u00f6kken\u0151mentes integr\u00e1ci\u00f3ra \u00e9s a maxim\u00e1lis v\u00e9delemre tervezett eredeti csere biztos\u00edtja az \u00e9rz\u00e9keny adatok biztons\u00e1g\u00e1t.<\/p>\n","protected":false},"featured_media":8790,"template":"","meta":[],"product_brand":[],"product_cat":[27],"product_tag":[28],"class_list":{"0":"post-8726","1":"product","2":"type-product","3":"status-publish","4":"has-post-thumbnail","6":"product_cat-motherboards-board-parts","7":"product_tag-fujitsu","9":"first","10":"instock","11":"taxable","12":"shipping-taxable","13":"purchasable","14":"product-type-simple"},"_links":{"self":[{"href":"https:\/\/boreait.com\/hu\/wp-json\/wp\/v2\/product\/8726","targetHints":{"allow":["GET"]}}],"collection":[{"href":"https:\/\/boreait.com\/hu\/wp-json\/wp\/v2\/product"}],"about":[{"href":"https:\/\/boreait.com\/hu\/wp-json\/wp\/v2\/types\/product"}],"wp:featuredmedia":[{"embeddable":true,"href":"https:\/\/boreait.com\/hu\/wp-json\/wp\/v2\/media\/8790"}],"wp:attachment":[{"href":"https:\/\/boreait.com\/hu\/wp-json\/wp\/v2\/media?parent=8726"}],"wp:term":[{"taxonomy":"product_brand","embeddable":true,"href":"https:\/\/boreait.com\/hu\/wp-json\/wp\/v2\/product_brand?post=8726"},{"taxonomy":"product_cat","embeddable":true,"href":"https:\/\/boreait.com\/hu\/wp-json\/wp\/v2\/product_cat?post=8726"},{"taxonomy":"product_tag","embeddable":true,"href":"https:\/\/boreait.com\/hu\/wp-json\/wp\/v2\/product_tag?post=8726"}],"curies":[{"name":"wp","href":"https:\/\/api.w.org\/{rel}","templated":true}]}}