{"id":8725,"date":"2025-09-17T12:11:49","date_gmt":"2025-09-17T10:11:49","guid":{"rendered":"https:\/\/boreait.com\/hu\/?post_type=product&#038;p=8725"},"modified":"2025-09-17T12:14:53","modified_gmt":"2025-09-17T10:14:53","slug":"eredeti-fujitsu-lifebook-s936-webkamera-kameralap-cp699910-01-laptop-alkatreszek","status":"publish","type":"product","link":"https:\/\/boreait.com\/hu\/termek\/eredeti-fujitsu-lifebook-s936-webkamera-kameralap-cp699910-01-laptop-alkatreszek\/","title":{"rendered":"Eredeti Fujitsu LIFEBOOK S936 webkamera kameralap CP699910-01 laptop alkatr\u00e9szek"},"content":{"rendered":"<p>Fokozza Fujitsu LIFEBOOK S936 laptopja funkcionalit\u00e1s\u00e1t az eredeti Fujitsu LIFEBOOK S936 webkamera CP699910-01 webkamera-lappal. A prec\u00edzi\u00f3s \u00e9s megb\u00edzhat\u00f3s\u00e1gi szempontok szem el\u0151tt tart\u00e1s\u00e1val k\u00e9sz\u00fclt ez a kamerak\u00e1rtya-csere \u00fagy lett kialak\u00edtva, hogy z\u00f6kken\u0151mentesen integr\u00e1l\u00f3djon az \u00d6n k\u00e9sz\u00fcl\u00e9k\u00e9be, vissza\u00e1ll\u00edtva a webkamera funkci\u00f3it az eredeti \u00e1llapot\u00e1ba.<\/p>\n<p>Az eredeti Fujitsu min\u0151s\u00e9ggel rendelkez\u0151 kameralap t\u00f6k\u00e9letes megold\u00e1s a laptop webkamer\u00e1j\u00e1val kapcsolatos probl\u00e9m\u00e1k megold\u00e1s\u00e1ra vagy a jobb min\u0151s\u00e9g\u0171 komponensre val\u00f3 friss\u00edt\u00e9sre. K\u00f6nny\u0171 telep\u00edt\u00e9si folyamat\u00e1val \u00e9s tart\u00f3s fel\u00e9p\u00edt\u00e9s\u00e9vel ez az eredeti cserealkatr\u00e9sz probl\u00e9mamentes megold\u00e1st k\u00edn\u00e1l laptopjav\u00edt\u00e1si ig\u00e9nyeire.<\/p>\n<p>Az eredeti Fujitsu LIFEBOOK S936 CP699910-01 webkamera-lappal \u00e1ll\u00edtsa vissza Fujitsu LIFEBOOK S936 k\u00e9sz\u00fcl\u00e9k\u00e9nek optim\u00e1lis teljes\u00edtm\u00e9ny\u00e9t \u00e9s megb\u00edzhat\u00f3s\u00e1g\u00e1t. B\u00edzzon az eredeti Fujitsu alkatr\u00e9szek min\u0151s\u00e9g\u00e9ben \u00e9s kompatibilit\u00e1s\u00e1ban, hogy laptopja tov\u00e1bbra is megfeleljen az \u00d6n ig\u00e9nyeinek. Rendelje meg saj\u00e1tj\u00e1t m\u00e9g ma, \u00e9s tapasztalja meg a k\u00fcl\u00f6nbs\u00e9get!<\/p>\n","protected":false},"excerpt":{"rendered":"<p>\u00c1ll\u00edtsa vissza Fujitsu LIFEBOOK S936 webkamera funkci\u00f3it ezzel az eredeti kamerak\u00e1rty\u00e1val. A z\u00f6kken\u0151mentes kompatibilit\u00e1sra \u00e9s az egyszer\u0171 telep\u00edt\u00e9sre tervezett kiv\u00e1l\u00f3 min\u0151s\u00e9g\u0171 cserealkatr\u00e9sz optim\u00e1lis teljes\u00edtm\u00e9nyt biztos\u00edt, \u00edgy ide\u00e1lis megold\u00e1s laptopjav\u00edt\u00e1si ig\u00e9nyeire.<\/p>\n","protected":false},"featured_media":8789,"template":"","meta":[],"product_brand":[],"product_cat":[23],"product_tag":[28],"class_list":{"0":"post-8725","1":"product","2":"type-product","3":"status-publish","4":"has-post-thumbnail","6":"product_cat-laptop-camera","7":"product_tag-fujitsu","9":"first","10":"instock","11":"taxable","12":"shipping-taxable","13":"purchasable","14":"product-type-simple"},"_links":{"self":[{"href":"https:\/\/boreait.com\/hu\/wp-json\/wp\/v2\/product\/8725","targetHints":{"allow":["GET"]}}],"collection":[{"href":"https:\/\/boreait.com\/hu\/wp-json\/wp\/v2\/product"}],"about":[{"href":"https:\/\/boreait.com\/hu\/wp-json\/wp\/v2\/types\/product"}],"wp:featuredmedia":[{"embeddable":true,"href":"https:\/\/boreait.com\/hu\/wp-json\/wp\/v2\/media\/8789"}],"wp:attachment":[{"href":"https:\/\/boreait.com\/hu\/wp-json\/wp\/v2\/media?parent=8725"}],"wp:term":[{"taxonomy":"product_brand","embeddable":true,"href":"https:\/\/boreait.com\/hu\/wp-json\/wp\/v2\/product_brand?post=8725"},{"taxonomy":"product_cat","embeddable":true,"href":"https:\/\/boreait.com\/hu\/wp-json\/wp\/v2\/product_cat?post=8725"},{"taxonomy":"product_tag","embeddable":true,"href":"https:\/\/boreait.com\/hu\/wp-json\/wp\/v2\/product_tag?post=8725"}],"curies":[{"name":"wp","href":"https:\/\/api.w.org\/{rel}","templated":true}]}}