{"id":8724,"date":"2025-09-17T12:11:48","date_gmt":"2025-09-17T10:11:48","guid":{"rendered":"https:\/\/boreait.com\/hu\/?post_type=product&#038;p=8724"},"modified":"2025-09-17T12:14:52","modified_gmt":"2025-09-17T10:14:52","slug":"eredeti-fujitsu-lifebook-s936-laptop-lcd-kepernyo-bal-es-amp-hasznalt-jobb-oldali-zsanerpar-eredeti-laptop-alkatreszek","status":"publish","type":"product","link":"https:\/\/boreait.com\/hu\/termek\/eredeti-fujitsu-lifebook-s936-laptop-lcd-kepernyo-bal-es-amp-hasznalt-jobb-oldali-zsanerpar-eredeti-laptop-alkatreszek\/","title":{"rendered":"Eredeti Fujitsu LifeBook S936 laptop LCD k\u00e9perny\u0151 bal \u00e9s amp; Haszn\u00e1lt jobb oldali zsan\u00e9rp\u00e1r \u2013 eredeti laptop-alkatr\u00e9szek"},"content":{"rendered":"<p>N\u00f6velje Fujitsu LifeBook S936 laptopja teljes\u00edtm\u00e9ny\u00e9t \u00e9s \u00e9lettartam\u00e1t az eredeti Fujitsu LifeBook S936 laptop LCD k\u00e9perny\u0151 bal \u00e9s amp; Jobb csukl\u00f3p\u00e1ntok p\u00e1r. A pontos specifik\u00e1ci\u00f3k szerint kialak\u00edtott eredeti zsan\u00e9rok t\u00f6k\u00e9letesen illeszkednek laptopj\u00e1hoz, megb\u00edzhat\u00f3 teljes\u00edtm\u00e9nyt \u00e9s tart\u00f3s tart\u00f3ss\u00e1got biztos\u00edtanak.<\/p>\n<p>Az elhaszn\u00e1l\u00f3dott vagy s\u00e9r\u00fclt zsan\u00e9rok cser\u00e9j\u00e9re tervezt\u00e9k, ez a bal \u00e9s jobb oldali LCD-k\u00e9perny\u0151 zsan\u00e9rp\u00e1rja ide\u00e1lis megold\u00e1s a laptop k\u00e9perny\u0151j\u00e9nek stabilit\u00e1s\u00e1nak \u00e9s funkcionalit\u00e1s\u00e1nak helyre\u00e1ll\u00edt\u00e1s\u00e1ra. A kiv\u00e1l\u00f3 min\u0151s\u00e9g\u0171 anyagokb\u00f3l k\u00e9sz\u00fclt haszn\u00e1lt zsan\u00e9rok megb\u00edzhat\u00f3s\u00e1g\u00e1t alaposan tesztelt\u00e9k, \u00edgy nyugalmat \u00e9s magabiztoss\u00e1got biztos\u00edtanak laptopja teljes\u00edtm\u00e9ny\u00e9ben.<\/p>\n<p>Ezek az eredeti zsan\u00e9rok, amelyek egyszer\u0171en telep\u00edthet\u0151k \u00e9s tart\u00f3sak, probl\u00e9mamentes megold\u00e1st k\u00edn\u00e1lnak laptopjav\u00edt\u00e1si ig\u00e9nyeire. Legyen sz\u00f3 professzion\u00e1lis technikusr\u00f3l vagy bark\u00e1csol\u00e1sra v\u00e1gy\u00f3r\u00f3l, b\u00edzhat abban, hogy ezek az eredeti Fujitsu alkatr\u00e9szek biztos\u00edtj\u00e1k a sz\u00fcks\u00e9ges teljes\u00edtm\u00e9nyt \u00e9s megb\u00edzhat\u00f3s\u00e1got.<\/p>\n<p>Helyezze vissza Fujitsu LifeBook S936 laptopja teljes potenci\u00e1lj\u00e1t az eredeti Fujitsu LifeBook S936 laptop LCD k\u00e9perny\u0151 bal oldali \u00e9s amp; Jobb csukl\u00f3p\u00e1ntok p\u00e1r. Rendelje meg saj\u00e1tj\u00e1t m\u00e9g ma, \u00e9s \u00e9lvezze a megb\u00edzhat\u00f3 teljes\u00edtm\u00e9nyt \u00e9s tart\u00f3ss\u00e1got az elk\u00f6vetkez\u0151 \u00e9vekben.<\/p>\n","protected":false},"excerpt":{"rendered":"<p>Cser\u00e9lje ki Fujitsu LifeBook S936 laptopja elhaszn\u00e1l\u00f3dott vagy s\u00e9r\u00fclt zsan\u00e9rjait erre az eredeti bal \u00e9s jobb oldali LCD k\u00e9perny\u0151 zsan\u00e9rp\u00e1rral. Az egyszer\u0171 telep\u00edt\u00e9sre \u00e9s tart\u00f3ss\u00e1gra tervezett haszn\u00e1lt zsan\u00e9rok t\u00f6k\u00e9letes megold\u00e1st jelentenek a laptop k\u00e9perny\u0151j\u00e9nek stabilit\u00e1s\u00e1nak \u00e9s funkcionalit\u00e1s\u00e1nak helyre\u00e1ll\u00edt\u00e1s\u00e1ra.<\/p>\n","protected":false},"featured_media":8788,"template":"","meta":[],"product_brand":[],"product_cat":[19],"product_tag":[28],"class_list":{"0":"post-8724","1":"product","2":"type-product","3":"status-publish","4":"has-post-thumbnail","6":"product_cat-screen-hinge","7":"product_tag-fujitsu","9":"first","10":"instock","11":"taxable","12":"shipping-taxable","13":"purchasable","14":"product-type-simple"},"_links":{"self":[{"href":"https:\/\/boreait.com\/hu\/wp-json\/wp\/v2\/product\/8724","targetHints":{"allow":["GET"]}}],"collection":[{"href":"https:\/\/boreait.com\/hu\/wp-json\/wp\/v2\/product"}],"about":[{"href":"https:\/\/boreait.com\/hu\/wp-json\/wp\/v2\/types\/product"}],"wp:featuredmedia":[{"embeddable":true,"href":"https:\/\/boreait.com\/hu\/wp-json\/wp\/v2\/media\/8788"}],"wp:attachment":[{"href":"https:\/\/boreait.com\/hu\/wp-json\/wp\/v2\/media?parent=8724"}],"wp:term":[{"taxonomy":"product_brand","embeddable":true,"href":"https:\/\/boreait.com\/hu\/wp-json\/wp\/v2\/product_brand?post=8724"},{"taxonomy":"product_cat","embeddable":true,"href":"https:\/\/boreait.com\/hu\/wp-json\/wp\/v2\/product_cat?post=8724"},{"taxonomy":"product_tag","embeddable":true,"href":"https:\/\/boreait.com\/hu\/wp-json\/wp\/v2\/product_tag?post=8724"}],"curies":[{"name":"wp","href":"https:\/\/api.w.org\/{rel}","templated":true}]}}