{"id":8723,"date":"2025-09-17T12:11:48","date_gmt":"2025-09-17T10:11:48","guid":{"rendered":"https:\/\/boreait.com\/hu\/?post_type=product&#038;p=8723"},"modified":"2026-01-30T08:17:22","modified_gmt":"2026-01-30T07:17:22","slug":"eredeti-fujitsu-lifebook-s936-laptop-dc-tapcsatlakozo-aljzat-kabel-hasznalt","status":"publish","type":"product","link":"https:\/\/boreait.com\/hu\/termek\/eredeti-fujitsu-lifebook-s936-laptop-dc-tapcsatlakozo-aljzat-kabel-hasznalt\/","title":{"rendered":"Eredeti Fujitsu LifeBook S936 laptop DC t\u00e1pcsatlakoz\u00f3 aljzat &amp; K\u00e1bel &#8211; Haszn\u00e1lt"},"content":{"rendered":"<p>Revitaliz\u00e1lja Fujitsu LifeBook S936 laptopja t\u00e1pegys\u00e9g\u00e9t az eredeti Fujitsu LifeBook S936 laptop egyen\u00e1ram\u00fa t\u00e1pcsatlakoz\u00f3aljzattal &amp; K\u00e1bel. Ezt az alapvet\u0151 cserealkatr\u00e9szt \u00fagy tervezt\u00e9k, hogy helyre\u00e1ll\u00edtsa a megb\u00edzhat\u00f3 t\u00e1pell\u00e1t\u00e1st, biztos\u00edtva az eszk\u00f6z z\u00f6kken\u0151mentes m\u0171k\u00f6d\u00e9s\u00e9t.<\/p>\n<p>Az eredeti Fujitsu min\u0151s\u00e9ggel k\u00e9sz\u00fclt, haszn\u00e1lt, de teljesen m\u0171k\u00f6d\u0151k\u00e9pes egyen\u00e1ram\u00fa t\u00e1pcsatlakoz\u00f3 \u00e9s k\u00e1bel k\u00f6lts\u00e9ghat\u00e9kony megold\u00e1st k\u00edn\u00e1l laptopja jav\u00edt\u00e1si ig\u00e9nyeire. Ak\u00e1r probl\u00e9m\u00e1kat tapasztal a jelenlegi csatlakoz\u00f3aljzat\u00e1val, ak\u00e1r egyszer\u0171en csak friss\u00edteni szeretne, ez az eredeti cserealkatr\u00e9sz olyan kompatibilit\u00e1st \u00e9s teljes\u00edtm\u00e9nyt biztos\u00edt, amelyben megb\u00edzhat.<\/p>\n<p>K\u00f6nnyen telep\u00edthet\u0151 \u00e9s tart\u00f3san fel\u00e9p\u00edtett, ez az egyen\u00e1ram\u00fa t\u00e1pcsatlakoz\u00f3 aljzat \u00e9s a k\u00e1belcsere biztos\u00edtja a Fujitsu LifeBook S936 laptop folyamatos \u00e1ramell\u00e1t\u00e1s\u00e1t. Megb\u00edzhat\u00f3 teljes\u00edtm\u00e9ny\u00e9nek k\u00f6sz\u00f6nhet\u0151en biztos lehet benne, hogy laptopja pillanatok alatt \u00fajra \u00fczemk\u00e9pes lesz.<\/p>\n<p>Tapasztalja meg az eredeti Fujitsu alkatr\u00e9szek \u00e1ltal ny\u00fajtott k\u00fcl\u00f6nbs\u00e9get, \u00e9s gondoskodjon arr\u00f3l, hogy laptopja tov\u00e1bbra is a legjobb teljes\u00edtm\u00e9nyt ny\u00fajtsa az Eredeti Fujitsu LifeBook S936 laptop egyen\u00e1ram\u00fa t\u00e1pcsatlakoz\u00f3aljzattal &amp; K\u00e1bel. Rendelje meg saj\u00e1tj\u00e1t m\u00e9g ma, \u00e9s magabiztosan \u00e1ll\u00edtsa vissza k\u00e9sz\u00fcl\u00e9ke megb\u00edzhat\u00f3 \u00e1ramell\u00e1t\u00e1s\u00e1t.<\/p>\n","protected":false},"excerpt":{"rendered":"<p>\u00c1ll\u00edtsa vissza Fujitsu LifeBook S936 laptopj\u00e1nak \u00e1ramell\u00e1t\u00e1s\u00e1t ezzel az eredeti DC t\u00e1pcsatlakoz\u00f3val \u00e9s k\u00e1bellel. Ez a haszn\u00e1lt, de teljesen m\u0171k\u00f6d\u0151k\u00e9pes alkatr\u00e9sz megb\u00edzhat\u00f3 csatlakoz\u00e1st \u00e9s t\u00e1pell\u00e1t\u00e1st biztos\u00edt, k\u00f6lts\u00e9ghat\u00e9kony megold\u00e1st k\u00edn\u00e1lva laptopjav\u00edt\u00e1si ig\u00e9nyeire.<\/p>\n","protected":false},"featured_media":8787,"template":"","meta":[],"product_brand":[],"product_cat":[27],"product_tag":[28],"class_list":{"0":"post-8723","1":"product","2":"type-product","3":"status-publish","4":"has-post-thumbnail","6":"product_cat-motherboards-board-parts","7":"product_tag-fujitsu","9":"first","10":"instock","11":"taxable","12":"shipping-taxable","13":"purchasable","14":"product-type-simple"},"_links":{"self":[{"href":"https:\/\/boreait.com\/hu\/wp-json\/wp\/v2\/product\/8723","targetHints":{"allow":["GET"]}}],"collection":[{"href":"https:\/\/boreait.com\/hu\/wp-json\/wp\/v2\/product"}],"about":[{"href":"https:\/\/boreait.com\/hu\/wp-json\/wp\/v2\/types\/product"}],"wp:featuredmedia":[{"embeddable":true,"href":"https:\/\/boreait.com\/hu\/wp-json\/wp\/v2\/media\/8787"}],"wp:attachment":[{"href":"https:\/\/boreait.com\/hu\/wp-json\/wp\/v2\/media?parent=8723"}],"wp:term":[{"taxonomy":"product_brand","embeddable":true,"href":"https:\/\/boreait.com\/hu\/wp-json\/wp\/v2\/product_brand?post=8723"},{"taxonomy":"product_cat","embeddable":true,"href":"https:\/\/boreait.com\/hu\/wp-json\/wp\/v2\/product_cat?post=8723"},{"taxonomy":"product_tag","embeddable":true,"href":"https:\/\/boreait.com\/hu\/wp-json\/wp\/v2\/product_tag?post=8723"}],"curies":[{"name":"wp","href":"https:\/\/api.w.org\/{rel}","templated":true}]}}