{"id":8722,"date":"2025-09-17T12:11:48","date_gmt":"2025-09-17T10:11:48","guid":{"rendered":"https:\/\/boreait.com\/hu\/?post_type=product&#038;p=8722"},"modified":"2025-09-17T12:14:47","modified_gmt":"2025-09-17T10:14:47","slug":"eredeti-fujitsu-lifebook-s936-laptop-fenykepezogep-alaplapi-kabelszalag-cp69530-z1-hasznalt","status":"publish","type":"product","link":"https:\/\/boreait.com\/hu\/termek\/eredeti-fujitsu-lifebook-s936-laptop-fenykepezogep-alaplapi-kabelszalag-cp69530-z1-hasznalt\/","title":{"rendered":"Eredeti Fujitsu LifeBook S936 laptop f\u00e9nyk\u00e9pez\u0151g\u00e9p alaplapi k\u00e1belszalag CP69530-Z1 haszn\u00e1lt"},"content":{"rendered":"<p>Revitaliz\u00e1lja Fujitsu LifeBook S936 laptopj\u00e1t az eredeti Fujitsu LifeBook S936 laptop kameralap k\u00e1belszalaggal, CP69530-Z1. Ez az eredeti Fujitsu alkatr\u00e9sz t\u00f6k\u00e9letes megold\u00e1s laptopja kamerafunkci\u00f3inak eredeti \u00e1llapot\u00e1ba val\u00f3 vissza\u00e1ll\u00edt\u00e1s\u00e1ra.<\/p>\n<p>Annak ellen\u00e9re, hogy haszn\u00e1latban van, ez a kamerak\u00e1rtya k\u00e1belszalag j\u00f3 \u00e1llapotban van, \u00e9s alapos ellen\u0151rz\u00e9sen esett \u00e1t min\u0151s\u00e9ge \u00e9s megb\u00edzhat\u00f3s\u00e1ga \u00e9rdek\u00e9ben. A Fujitsu LifeBook S936-hoz val\u00f3 z\u00f6kken\u0151mentes integr\u00e1ci\u00f3ra tervezett k\u00e1belszalag z\u00f6kken\u0151mentes csatlakoztat\u00e1st \u00e9s egyenletes teljes\u00edtm\u00e9nyt garant\u00e1l.<\/p>\n<p>Ak\u00e1r hib\u00e1s k\u00e1belt cser\u00e9l, ak\u00e1r laptopj\u00e1t friss\u00edti, ez az eredeti Fujitsu alkatr\u00e9sz biztos\u00edtja a sz\u00fcks\u00e9ges kompatibilit\u00e1st \u00e9s funkcionalit\u00e1st. K\u00f6nnyen telep\u00edthet\u0151 \u00e9s tart\u00f3san \u00e9p\u00edthet\u0151, probl\u00e9mamentes megold\u00e1st k\u00edn\u00e1l laptopja jav\u00edt\u00e1si ig\u00e9nyeire.<\/p>\n<p>Fujitsu LifeBook S936 jav\u00edt\u00e1sa sor\u00e1n ne k\u00f6ss\u00f6n kompromisszumot a min\u0151s\u00e9g ter\u00e9n. B\u00edzzon az eredeti Fujitsu LifeBook S936 laptop-kameralap CP69530-Z1 k\u00e1belszalagj\u00e1ban, amely az elv\u00e1rt teljes\u00edtm\u00e9nyt \u00e9s megb\u00edzhat\u00f3s\u00e1got biztos\u00edtja. Rendelje meg saj\u00e1tj\u00e1t m\u00e9g ma, \u00e9s leheljen \u00faj \u00e9letet laptopj\u00e1ba.<\/p>\n","protected":false},"excerpt":{"rendered":"<p>\u00c1ll\u00edtsa vissza Fujitsu LifeBook S936 laptopja kamerafunkci\u00f3it ezzel az eredeti kamerak\u00e1rtya k\u00e1belszalaggal. Haszn\u00e1lt, de j\u00f3 \u00e1llapotban l\u00e9v\u0151 eredeti Fujitsu alkatr\u00e9sz z\u00f6kken\u0151mentes csatlakoz\u00e1st \u00e9s megb\u00edzhat\u00f3 teljes\u00edtm\u00e9nyt biztos\u00edt.<\/p>\n","protected":false},"featured_media":8786,"template":"","meta":[],"product_brand":[],"product_cat":[20],"product_tag":[28],"class_list":{"0":"post-8722","1":"product","2":"type-product","3":"status-publish","4":"has-post-thumbnail","6":"product_cat-cables","7":"product_tag-fujitsu","9":"first","10":"instock","11":"taxable","12":"shipping-taxable","13":"purchasable","14":"product-type-simple"},"_links":{"self":[{"href":"https:\/\/boreait.com\/hu\/wp-json\/wp\/v2\/product\/8722","targetHints":{"allow":["GET"]}}],"collection":[{"href":"https:\/\/boreait.com\/hu\/wp-json\/wp\/v2\/product"}],"about":[{"href":"https:\/\/boreait.com\/hu\/wp-json\/wp\/v2\/types\/product"}],"wp:featuredmedia":[{"embeddable":true,"href":"https:\/\/boreait.com\/hu\/wp-json\/wp\/v2\/media\/8786"}],"wp:attachment":[{"href":"https:\/\/boreait.com\/hu\/wp-json\/wp\/v2\/media?parent=8722"}],"wp:term":[{"taxonomy":"product_brand","embeddable":true,"href":"https:\/\/boreait.com\/hu\/wp-json\/wp\/v2\/product_brand?post=8722"},{"taxonomy":"product_cat","embeddable":true,"href":"https:\/\/boreait.com\/hu\/wp-json\/wp\/v2\/product_cat?post=8722"},{"taxonomy":"product_tag","embeddable":true,"href":"https:\/\/boreait.com\/hu\/wp-json\/wp\/v2\/product_tag?post=8722"}],"curies":[{"name":"wp","href":"https:\/\/api.w.org\/{rel}","templated":true}]}}