{"id":8720,"date":"2025-09-17T12:11:48","date_gmt":"2025-09-17T10:11:48","guid":{"rendered":"https:\/\/boreait.com\/hu\/?post_type=product&#038;p=8720"},"modified":"2026-01-30T08:17:07","modified_gmt":"2026-01-30T07:17:07","slug":"eredeti-fujitsu-lifebook-s936-dokkoloallomas-adapter-cp693580-z5-laptop-alkatreszek","status":"publish","type":"product","link":"https:\/\/boreait.com\/hu\/termek\/eredeti-fujitsu-lifebook-s936-dokkoloallomas-adapter-cp693580-z5-laptop-alkatreszek\/","title":{"rendered":"Eredeti Fujitsu Lifebook S936 dokkol\u00f3\u00e1llom\u00e1s adapter CP693580-z5 laptop alkatr\u00e9szek"},"content":{"rendered":"<p>Maximaliz\u00e1lja Fujitsu Lifebook S936 sokoldal\u00fas\u00e1g\u00e1t \u00e9s termel\u00e9kenys\u00e9g\u00e9t az eredeti Fujitsu Lifebook S936 CP693580-z5 dokkol\u00f3\u00e1llom\u00e1s-adapterrel. A k\u00e9sz\u00fcl\u00e9k\u00e9vel z\u00f6kken\u0151mentesen integr\u00e1lhat\u00f3 dokkol\u00f3\u00e1llom\u00e1s-adapter k\u00e9nyelmes megold\u00e1st k\u00edn\u00e1l laptopja k\u00e9pess\u00e9geinek b\u0151v\u00edt\u00e9s\u00e9re.<\/p>\n<p>A prec\u00edzen megalkotott \u00e9s a megb\u00edzhat\u00f3s\u00e1gra tervezett eredeti Fujitsu adapter biztons\u00e1gos csatlakoz\u00e1st biztos\u00edt dokkol\u00f3\u00e1llom\u00e1s\u00e1hoz, lehet\u0151v\u00e9 t\u00e9ve a perif\u00e9ri\u00e1k, p\u00e9ld\u00e1ul monitorok, billenty\u0171zetek \u00e9s egerek k\u00f6nny\u0171 csatlakoztat\u00e1s\u00e1t. Ak\u00e1r az irod\u00e1ban, ak\u00e1r \u00fatk\u00f6zben van, ez az adapter biztos\u00edtja a termel\u00e9kenys\u00e9g meg\u0151rz\u00e9s\u00e9hez sz\u00fcks\u00e9ges rugalmass\u00e1got.<\/p>\n<p>Tapasztalja meg az eredeti Fujitsu alkatr\u00e9szek ny\u00fajtotta k\u00e9nyelmet, \u00e9s t\u00e1rja fel Lifebook S936-j\u00e1ban rejl\u0151 lehet\u0151s\u00e9geket az eredeti Fujitsu Lifebook S936 CP693580-z5 dokkol\u00f3\u00e1llom\u00e1s-adapterrel. Friss\u00edtse laptopj\u00e1t m\u00e9g ma, \u00e9s \u00e9lvezze a tov\u00e1bbfejlesztett csatlakoztathat\u00f3s\u00e1got \u00e9s funkcionalit\u00e1st, b\u00e1rhov\u00e1 is megy.<\/p>\n","protected":false},"excerpt":{"rendered":"<p>Friss\u00edtse Fujitsu Lifebook S936-j\u00e1t ezzel az eredeti dokkol\u00f3\u00e1llom\u00e1s-adapterrel. A z\u00f6kken\u0151mentes kompatibilit\u00e1sra \u00e9s az egyszer\u0171 telep\u00edt\u00e9sre tervezett kiv\u00e1l\u00f3 min\u0151s\u00e9g\u0171 adapter megb\u00edzhat\u00f3 csatlakoz\u00e1st biztos\u00edt dokkol\u00f3\u00e1llom\u00e1s\u00e1hoz, jav\u00edtva laptopja funkcionalit\u00e1s\u00e1t.<\/p>\n","protected":false},"featured_media":8779,"template":"","meta":[],"product_brand":[],"product_cat":[27],"product_tag":[28],"class_list":{"0":"post-8720","1":"product","2":"type-product","3":"status-publish","4":"has-post-thumbnail","6":"product_cat-motherboards-board-parts","7":"product_tag-fujitsu","9":"first","10":"instock","11":"taxable","12":"shipping-taxable","13":"purchasable","14":"product-type-simple"},"_links":{"self":[{"href":"https:\/\/boreait.com\/hu\/wp-json\/wp\/v2\/product\/8720","targetHints":{"allow":["GET"]}}],"collection":[{"href":"https:\/\/boreait.com\/hu\/wp-json\/wp\/v2\/product"}],"about":[{"href":"https:\/\/boreait.com\/hu\/wp-json\/wp\/v2\/types\/product"}],"wp:featuredmedia":[{"embeddable":true,"href":"https:\/\/boreait.com\/hu\/wp-json\/wp\/v2\/media\/8779"}],"wp:attachment":[{"href":"https:\/\/boreait.com\/hu\/wp-json\/wp\/v2\/media?parent=8720"}],"wp:term":[{"taxonomy":"product_brand","embeddable":true,"href":"https:\/\/boreait.com\/hu\/wp-json\/wp\/v2\/product_brand?post=8720"},{"taxonomy":"product_cat","embeddable":true,"href":"https:\/\/boreait.com\/hu\/wp-json\/wp\/v2\/product_cat?post=8720"},{"taxonomy":"product_tag","embeddable":true,"href":"https:\/\/boreait.com\/hu\/wp-json\/wp\/v2\/product_tag?post=8720"}],"curies":[{"name":"wp","href":"https:\/\/api.w.org\/{rel}","templated":true}]}}