{"id":8719,"date":"2025-09-17T12:11:48","date_gmt":"2025-09-17T10:11:48","guid":{"rendered":"https:\/\/boreait.com\/hu\/?post_type=product&#038;p=8719"},"modified":"2026-01-30T08:16:50","modified_gmt":"2026-01-30T07:16:50","slug":"fujitsu-s936p-javitoalkatreszek-ssd-re-szerelheto-laptop-alkatreszek","status":"publish","type":"product","link":"https:\/\/boreait.com\/hu\/termek\/fujitsu-s936p-javitoalkatreszek-ssd-re-szerelheto-laptop-alkatreszek\/","title":{"rendered":"Fujitsu S936P jav\u00edt\u00f3alkatr\u00e9szek SSD-re szerelhet\u0151 laptop-alkatr\u00e9szek"},"content":{"rendered":"<p>Revitaliz\u00e1lja Fujitsu S936\/P laptopj\u00e1t a Fujitsu S936\/P Repair Parts SSD-tart\u00f3val. Ez az alapvet\u0151 jav\u00edt\u00e1si alkatr\u00e9sz lehet\u0151v\u00e9 teszi az SSD z\u00f6kken\u0151mentes csatlakoztat\u00e1s\u00e1t, biztos\u00edtva az eszk\u00f6z optim\u00e1lis teljes\u00edtm\u00e9ny\u00e9t \u00e9s megb\u00edzhat\u00f3s\u00e1g\u00e1t.<\/p>\n<p>A prec\u00edzen kidolgozott \u00e9s a kompatibilit\u00e1sra tervezett SSD-tart\u00f3 jav\u00edt\u00f3 alkatr\u00e9szt \u00fagy tervezt\u00e9k, hogy megfeleljen a legmagasabb min\u0151s\u00e9gi k\u00f6vetelm\u00e9nyeknek. Ak\u00e1r egy s\u00e9r\u00fclt tart\u00f3t cser\u00e9l, ak\u00e1r b\u0151v\u00edti a t\u00e1rhelyet, ez az eredeti Fujitsu jav\u00edt\u00f3alkatr\u00e9sz megb\u00edzhat\u00f3 megold\u00e1st k\u00edn\u00e1l laptopja jav\u00edt\u00e1si ig\u00e9nyeire.<\/p>\n<p>Az egyszer\u0171 telep\u00edt\u00e9s, a Fujitsu S936\/P teljes funkcionalit\u00e1s\u00e1nak vissza\u00e1ll\u00edt\u00e1sa m\u00e9g soha nem volt ilyen egyszer\u0171. Egyszer\u0171en telep\u00edtse az SSD-tart\u00f3t, \u00e9s \u00e9lvezze a nyugalmat, tudv\u00e1n, hogy laptopja eredeti Fujitsu jav\u00edt\u00f3alkatr\u00e9szekkel van felszerelve.<\/p>\n<p>A Fujitsu S936\/P Repair Parts SSD-r\u00f6gz\u00edt\u0151vel tapasztalja meg az eredeti Fujitsu jav\u00edt\u00f3alkatr\u00e9szek \u00e1ltal ny\u00fajtott k\u00fcl\u00f6nbs\u00e9get, \u00e9s biztos\u00edtsa, hogy laptopja tov\u00e1bbra is a legjobb teljes\u00edtm\u00e9nyt ny\u00fajtsa. Rendelje meg saj\u00e1tj\u00e1t m\u00e9g ma, \u00e9s \u00e9lvezze a probl\u00e9mamentes jav\u00edt\u00e1st gyorsan.<\/p>\n","protected":false},"excerpt":{"rendered":"<p>\u00c1ll\u00edtsa vissza Fujitsu S936\/P laptopja teljes funkcionalit\u00e1s\u00e1t ezzel az SSD-tart\u00f3 jav\u00edt\u00f3 alkatr\u00e9sz\u00e9vel. \u00c9lvezze a probl\u00e9mamentes telep\u00edt\u00e9st, biztos\u00edtva, hogy laptopja pillanatok alatt \u00fajra \u00fczemeljen.<\/p>\n","protected":false},"featured_media":8778,"template":"","meta":[],"product_brand":[],"product_cat":[16],"product_tag":[28],"class_list":{"0":"post-8719","1":"product","2":"type-product","3":"status-publish","4":"has-post-thumbnail","6":"product_cat-laptop-housing","7":"product_tag-fujitsu","9":"first","10":"instock","11":"taxable","12":"shipping-taxable","13":"purchasable","14":"product-type-simple"},"_links":{"self":[{"href":"https:\/\/boreait.com\/hu\/wp-json\/wp\/v2\/product\/8719","targetHints":{"allow":["GET"]}}],"collection":[{"href":"https:\/\/boreait.com\/hu\/wp-json\/wp\/v2\/product"}],"about":[{"href":"https:\/\/boreait.com\/hu\/wp-json\/wp\/v2\/types\/product"}],"wp:featuredmedia":[{"embeddable":true,"href":"https:\/\/boreait.com\/hu\/wp-json\/wp\/v2\/media\/8778"}],"wp:attachment":[{"href":"https:\/\/boreait.com\/hu\/wp-json\/wp\/v2\/media?parent=8719"}],"wp:term":[{"taxonomy":"product_brand","embeddable":true,"href":"https:\/\/boreait.com\/hu\/wp-json\/wp\/v2\/product_brand?post=8719"},{"taxonomy":"product_cat","embeddable":true,"href":"https:\/\/boreait.com\/hu\/wp-json\/wp\/v2\/product_cat?post=8719"},{"taxonomy":"product_tag","embeddable":true,"href":"https:\/\/boreait.com\/hu\/wp-json\/wp\/v2\/product_tag?post=8719"}],"curies":[{"name":"wp","href":"https:\/\/api.w.org\/{rel}","templated":true}]}}