{"id":8701,"date":"2025-09-17T12:11:26","date_gmt":"2025-09-17T10:11:26","guid":{"rendered":"https:\/\/boreait.com\/hu\/?post_type=product&#038;p=8701"},"modified":"2025-09-17T12:13:43","modified_gmt":"2025-09-17T10:13:43","slug":"eredeti-fujitsu-lifebook-s936-laptop-also-fedel-ram-memoria-hozzaferesi-ajto","status":"publish","type":"product","link":"https:\/\/boreait.com\/hu\/termek\/eredeti-fujitsu-lifebook-s936-laptop-also-fedel-ram-memoria-hozzaferesi-ajto\/","title":{"rendered":"Eredeti Fujitsu LifeBook S936 laptop als\u00f3 fed\u00e9l RAM mem\u00f3ria hozz\u00e1f\u00e9r\u00e9si ajt\u00f3"},"content":{"rendered":"<p>B\u0151v\u00edtse Fujitsu LifeBook S936 laptopja mem\u00f3ri\u00e1j\u00e1t k\u00f6nnyed\u00e9n az eredeti Fujitsu LifeBook S936 laptop als\u00f3 burkolat\u00e1nak RAM mem\u00f3ria hozz\u00e1f\u00e9r\u00e9si ajtaja seg\u00edts\u00e9g\u00e9vel. A legmagasabb min\u0151s\u00e9gi \u00e9s kompatibilit\u00e1si szabv\u00e1nyok szerint k\u00e9sz\u00fclt, ez az eredeti ajt\u00f3 k\u00e9nyelmes hozz\u00e1f\u00e9r\u00e9st biztos\u00edt laptopja RAM-ny\u00edl\u00e1saihoz mem\u00f3riab\u0151v\u00edt\u00e9s vagy -csere c\u00e9lj\u00e1b\u00f3l.<\/p>\n<p>A tart\u00f3s fel\u00e9p\u00edt\u00e9snek \u00e9s a pontos illeszked\u00e9snek k\u00f6sz\u00f6nhet\u0151en ezt a bej\u00e1rati ajt\u00f3t \u00fagy tervezt\u00e9k, hogy t\u00f6k\u00e9letesen illeszkedjen a Fujitsu LifeBook S936-hoz, \u00edgy biztos\u00edtva az optim\u00e1lis teljes\u00edtm\u00e9nyt \u00e9s megb\u00edzhat\u00f3s\u00e1got. Legyen sz\u00f3 professzion\u00e1lis felhaszn\u00e1l\u00f3r\u00f3l, aki laptopja t\u00f6bbfeladatos k\u00e9pess\u00e9geit szeretn\u00e9 tov\u00e1bbfejleszteni, vagy h\u00e9tk\u00f6znapi felhaszn\u00e1l\u00f3r\u00f3l van sz\u00f3, aki a teljes\u00edtm\u00e9nyt szeretn\u00e9 n\u00f6velni, ez a bej\u00e1rati ajt\u00f3 t\u00f6k\u00e9letes megold\u00e1st k\u00edn\u00e1l mem\u00f3riab\u0151v\u00edt\u00e9si ig\u00e9nyeire.<\/p>\n<p>Egyszer\u0171en telep\u00edthet\u0151 \u00e9s tart\u00f3san meg\u00e9p\u00edtett, ez az eredeti ajt\u00f3 biztos\u00edtja a probl\u00e9mamentes hozz\u00e1f\u00e9r\u00e9st laptopja RAM-ny\u00edl\u00e1saihoz, lehet\u0151v\u00e9 t\u00e9ve a mem\u00f3riamodulok sz\u00fcks\u00e9g szerinti egyszer\u0171 beszerel\u00e9s\u00e9t vagy cser\u00e9j\u00e9t. Felhaszn\u00e1l\u00f3bar\u00e1t kialak\u00edt\u00e1s\u00e1nak \u00e9s megb\u00edzhat\u00f3 teljes\u00edtm\u00e9ny\u00e9nek k\u00f6sz\u00f6nhet\u0151en biztos lehet benne, hogy Fujitsu LifeBook S936-ja m\u00e9g \u00e9vekig kiel\u00e9g\u00edti sz\u00e1m\u00edt\u00e1stechnikai ig\u00e9nyeit.<\/p>\n<p>Fokozza ki Fujitsu LifeBook S936 laptopj\u00e1ban rejl\u0151 teljes potenci\u00e1lt az eredeti Fujitsu LifeBook S936 laptop als\u00f3 burkolat\u00e1nak RAM-mem\u00f3ria hozz\u00e1f\u00e9r\u00e9si ajtaj\u00e1val. Rendelje meg saj\u00e1tj\u00e1t m\u00e9g ma, \u00e9s tapasztalja meg az egyszer\u0171 mem\u00f3riab\u0151v\u00edt\u00e9s k\u00e9nyelm\u00e9t az eredeti Fujitsu alkatr\u00e9szekkel.<\/p>\n","protected":false},"excerpt":{"rendered":"<p>Cser\u00e9lje ki Fujitsu LifeBook S936 laptopja als\u00f3 alapburkolat\u00e1nak RAM mem\u00f3ria hozz\u00e1f\u00e9r\u00e9si ajtaj\u00e1t erre az eredeti alkatr\u00e9szre. Az egyszer\u0171 telep\u00edt\u00e9sre tervezett eredeti ajt\u00f3 k\u00e9nyelmes hozz\u00e1f\u00e9r\u00e9st biztos\u00edt laptopja RAM-ny\u00edl\u00e1saihoz mem\u00f3riab\u0151v\u00edt\u00e9s vagy -csere c\u00e9lj\u00e1b\u00f3l.<\/p>\n","protected":false},"featured_media":8768,"template":"","meta":[],"product_brand":[],"product_cat":[16],"product_tag":[28],"class_list":{"0":"post-8701","1":"product","2":"type-product","3":"status-publish","4":"has-post-thumbnail","6":"product_cat-laptop-housing","7":"product_tag-fujitsu","9":"first","10":"instock","11":"taxable","12":"shipping-taxable","13":"purchasable","14":"product-type-simple"},"_links":{"self":[{"href":"https:\/\/boreait.com\/hu\/wp-json\/wp\/v2\/product\/8701","targetHints":{"allow":["GET"]}}],"collection":[{"href":"https:\/\/boreait.com\/hu\/wp-json\/wp\/v2\/product"}],"about":[{"href":"https:\/\/boreait.com\/hu\/wp-json\/wp\/v2\/types\/product"}],"wp:featuredmedia":[{"embeddable":true,"href":"https:\/\/boreait.com\/hu\/wp-json\/wp\/v2\/media\/8768"}],"wp:attachment":[{"href":"https:\/\/boreait.com\/hu\/wp-json\/wp\/v2\/media?parent=8701"}],"wp:term":[{"taxonomy":"product_brand","embeddable":true,"href":"https:\/\/boreait.com\/hu\/wp-json\/wp\/v2\/product_brand?post=8701"},{"taxonomy":"product_cat","embeddable":true,"href":"https:\/\/boreait.com\/hu\/wp-json\/wp\/v2\/product_cat?post=8701"},{"taxonomy":"product_tag","embeddable":true,"href":"https:\/\/boreait.com\/hu\/wp-json\/wp\/v2\/product_tag?post=8701"}],"curies":[{"name":"wp","href":"https:\/\/api.w.org\/{rel}","templated":true}]}}