{"id":8700,"date":"2025-09-17T12:11:26","date_gmt":"2025-09-17T10:11:26","guid":{"rendered":"https:\/\/boreait.com\/hu\/?post_type=product&#038;p=8700"},"modified":"2025-09-17T12:13:36","modified_gmt":"2025-09-17T10:13:36","slug":"eredeti-fujitsu-lifebook-s936-laptop-usb-kartya-kabel-cserealkatreszek","status":"publish","type":"product","link":"https:\/\/boreait.com\/hu\/termek\/eredeti-fujitsu-lifebook-s936-laptop-usb-kartya-kabel-cserealkatreszek\/","title":{"rendered":"Eredeti Fujitsu LifeBook S936 laptop USB k\u00e1rtya &amp; K\u00e1bel cserealkatr\u00e9szek"},"content":{"rendered":"<p>\u00c9les\u00edtse \u00fajj\u00e1 Fujitsu LifeBook S936 laptopja USB-funkci\u00f3it az eredeti Fujitsu LifeBook S936 laptop USB-k\u00e1rty\u00e1val \u00e9s amp; K\u00e1bel cserealkatr\u00e9szek. A pontoss\u00e1g \u00e9s a kompatibilit\u00e1s szem el\u0151tt tart\u00e1s\u00e1val k\u00e9sz\u00fclt, ezt az USB-k\u00e1rty\u00e1t \u00e9s k\u00e1belcser\u00e9t \u00fagy tervezt\u00e9k, hogy z\u00f6kken\u0151mentesen illeszkedjen az eszk\u00f6zh\u00f6z, \u00edgy biztos\u00edtva az optim\u00e1lis teljes\u00edtm\u00e9nyt \u00e9s megb\u00edzhat\u00f3s\u00e1got.<\/p>\n<p>Az eredeti Fujitsu min\u0151s\u00e9ggel rendelkez\u0151 USB-k\u00e1rtya \u00e9s k\u00e1belcsere t\u00f6k\u00e9letes megold\u00e1s laptopja USB-kapcsolat\u00e1nak eredeti \u00e1llapot\u00e1nak vissza\u00e1ll\u00edt\u00e1s\u00e1ra. Ak\u00e1r probl\u00e9m\u00e1kat tapasztal a jelenlegi k\u00e1rty\u00e1j\u00e1val vagy k\u00e1bel\u00e9vel, ak\u00e1r egyszer\u0171en csak friss\u00edteni szeretne, ezt az eredeti cserealkatr\u00e9szt \u00fagy tervezt\u00e9k, hogy megfeleljen a legmagasabb min\u0151s\u00e9gi \u00e9s kompatibilit\u00e1si k\u00f6vetelm\u00e9nyeknek.<\/p>\n<p>K\u00f6nnyen telep\u00edthet\u0151 \u00e9s tart\u00f3s, ez az USB-k\u00e1rtya \u00e9s k\u00e1belcsere probl\u00e9mamentes megold\u00e1st k\u00edn\u00e1l laptopja jav\u00edt\u00e1si ig\u00e9nyeire. Strapab\u00edr\u00f3 fel\u00e9p\u00edt\u00e9s\u00e9nek \u00e9s megb\u00edzhat\u00f3 teljes\u00edtm\u00e9ny\u00e9nek k\u00f6sz\u00f6nhet\u0151en b\u00edzhat abban, hogy Fujitsu LifeBook S936-ja pillanatok alatt \u00fajra \u00fczemk\u00e9pes lesz.<\/p>\n<p>Tapasztalja meg az eredeti Fujitsu alkatr\u00e9szek \u00e1ltal ny\u00fajtott k\u00fcl\u00f6nbs\u00e9get, \u00e9s gondoskodjon arr\u00f3l, hogy laptopja tov\u00e1bbra is a legjobb teljes\u00edtm\u00e9nyt ny\u00fajtsa az eredeti Fujitsu LifeBook S936 laptop USB k\u00e1rty\u00e1val &amp; K\u00e1bel cserealkatr\u00e9szek. Rendelje meg saj\u00e1tj\u00e1t m\u00e9g ma, \u00e9s magabiztosan \u00e1ll\u00edtsa vissza laptopja USB-funkci\u00f3it.<\/p>\n","protected":false},"excerpt":{"rendered":"<p>\u00c1ll\u00edtsa vissza Fujitsu LifeBook S936 laptopja USB-funkci\u00f3it ezzel az eredeti USB-k\u00e1rty\u00e1val \u00e9s k\u00e1belcser\u00e9vel. Az egyszer\u0171 telep\u00edt\u00e9sre \u00e9s megb\u00edzhat\u00f3 teljes\u00edtm\u00e9nyre tervezett kiv\u00e1l\u00f3 min\u0151s\u00e9g\u0171 cserealkatr\u00e9sz z\u00f6kken\u0151mentes csatlakoz\u00e1st biztos\u00edt laptopj\u00e1hoz.<\/p>\n","protected":false},"featured_media":8766,"template":"","meta":[],"product_brand":[],"product_cat":[27],"product_tag":[28],"class_list":{"0":"post-8700","1":"product","2":"type-product","3":"status-publish","4":"has-post-thumbnail","6":"product_cat-motherboards-board-parts","7":"product_tag-fujitsu","9":"first","10":"instock","11":"taxable","12":"shipping-taxable","13":"purchasable","14":"product-type-simple"},"_links":{"self":[{"href":"https:\/\/boreait.com\/hu\/wp-json\/wp\/v2\/product\/8700","targetHints":{"allow":["GET"]}}],"collection":[{"href":"https:\/\/boreait.com\/hu\/wp-json\/wp\/v2\/product"}],"about":[{"href":"https:\/\/boreait.com\/hu\/wp-json\/wp\/v2\/types\/product"}],"wp:featuredmedia":[{"embeddable":true,"href":"https:\/\/boreait.com\/hu\/wp-json\/wp\/v2\/media\/8766"}],"wp:attachment":[{"href":"https:\/\/boreait.com\/hu\/wp-json\/wp\/v2\/media?parent=8700"}],"wp:term":[{"taxonomy":"product_brand","embeddable":true,"href":"https:\/\/boreait.com\/hu\/wp-json\/wp\/v2\/product_brand?post=8700"},{"taxonomy":"product_cat","embeddable":true,"href":"https:\/\/boreait.com\/hu\/wp-json\/wp\/v2\/product_cat?post=8700"},{"taxonomy":"product_tag","embeddable":true,"href":"https:\/\/boreait.com\/hu\/wp-json\/wp\/v2\/product_tag?post=8700"}],"curies":[{"name":"wp","href":"https:\/\/api.w.org\/{rel}","templated":true}]}}