{"id":8699,"date":"2025-09-17T12:11:26","date_gmt":"2025-09-17T10:11:26","guid":{"rendered":"https:\/\/boreait.com\/hu\/?post_type=product&#038;p=8699"},"modified":"2026-01-30T08:16:34","modified_gmt":"2026-01-30T07:16:34","slug":"eredeti-fujitsu-lifebook-s936-laptop-lcd-kepernyo-bal-es-jobb-csuklopant-par-borito","status":"publish","type":"product","link":"https:\/\/boreait.com\/hu\/termek\/eredeti-fujitsu-lifebook-s936-laptop-lcd-kepernyo-bal-es-jobb-csuklopant-par-borito\/","title":{"rendered":"Eredeti Fujitsu LifeBook S936 laptop LCD k\u00e9perny\u0151 bal \u00e9s jobb csukl\u00f3p\u00e1nt p\u00e1r bor\u00edt\u00f3"},"content":{"rendered":"<p>Biztos\u00edtsa Fujitsu LifeBook S936 laptopja tart\u00f3ss\u00e1g\u00e1t \u00e9s hossz\u00fa \u00e9lettartam\u00e1t az eredeti Fujitsu LifeBook S936 laptop LCD k\u00e9perny\u0151 bal \u00e9s amp; Jobb oldali zsan\u00e9rok p\u00e1rhuzatok. A pontoss\u00e1g \u00e9s a kompatibilit\u00e1s szem el\u0151tt tart\u00e1s\u00e1val k\u00e9sz\u00fclt, eredeti zsan\u00e9ros burkolatokat \u00fagy tervezt\u00e9k, hogy t\u00f6k\u00e9letesen kieg\u00e9sz\u00edts\u00e9k eszk\u00f6z\u00e9t, biztons\u00e1gos \u00e9s stabil kapcsolatot biztos\u00edtva az LCD-k\u00e9perny\u0151h\u00f6z.<\/p>\n<p>Az eredeti Fujitsu min\u0151s\u00e9ggel rendelkez\u0151 zsan\u00e9rburkolatok ide\u00e1lis megold\u00e1st jelentenek a s\u00e9r\u00fclt vagy elhaszn\u00e1l\u00f3dott alkatr\u00e9szek cser\u00e9j\u00e9re. Ak\u00e1r meglazult, ak\u00e1r elt\u00f6rt zsan\u00e9rokkal kapcsolatos probl\u00e9m\u00e1kat tapasztal, vagy egyszer\u0171en csak szeretn\u00e9 felfriss\u00edteni laptopja megjelen\u00e9s\u00e9t, ezek az eredeti cserealkatr\u00e9szek t\u00f6k\u00e9letes illeszked\u00e9st \u00e9s funkci\u00f3t k\u00edn\u00e1lnak.<\/p>\n<p>A k\u00f6nnyen felszerelhet\u0151 \u00e9s tart\u00f3s kivitel\u0171 csukl\u00f3p\u00e1ntok biztos\u00edtj\u00e1k, hogy Fujitsu LifeBook S936 laptopja LCD-k\u00e9perny\u0151je biztons\u00e1gosan a hely\u00e9n maradjon, megel\u0151zve az ingadoz\u00e1st vagy az elmozdul\u00e1st. Tart\u00f3s fel\u00e9p\u00edt\u00e9s\u00fcknek \u00e9s megb\u00edzhat\u00f3 teljes\u00edtm\u00e9ny\u00fcknek k\u00f6sz\u00f6nhet\u0151en b\u00edzhat abban, hogy laptopja tov\u00e1bbra is a legjobb teljes\u00edtm\u00e9nyt ny\u00fajtja.<\/p>\n<p>Tapasztalja meg a k\u00fcl\u00f6nbs\u00e9get, amit az eredeti Fujitsu alkatr\u00e9szek k\u00e9pesek l\u00e9trehozni, \u00e9s biztos\u00edtj\u00e1k laptopja stabilit\u00e1s\u00e1t \u00e9s funkcionalit\u00e1s\u00e1t az eredeti Fujitsu LifeBook S936 laptop LCD k\u00e9perny\u0151 bal \u00e9s amp; Jobb oldali zsan\u00e9rok p\u00e1rhuzatok. Rendelje meg saj\u00e1tj\u00e1t m\u00e9g ma, \u00e9s \u00e9lvezze a nyugalmat, tudva, hogy laptopj\u00e1t eredeti min\u0151s\u00e9gi alkatr\u00e9szek v\u00e9dik.<\/p>\n","protected":false},"excerpt":{"rendered":"<p>\u00c1ll\u00edtsa vissza Fujitsu LifeBook S936 laptopja LCD-k\u00e9perny\u0151j\u00e9nek stabilit\u00e1s\u00e1t \u00e9s funkcionalit\u00e1s\u00e1t ezzel a p\u00e1r eredeti bal \u00e9s jobb csukl\u00f3p\u00e1nttal. A biztons\u00e1gos illeszked\u00e9st \u00e9s a z\u00f6kken\u0151mentes m\u0171k\u00f6d\u00e9st biztos\u00edt\u00f3 eredeti zsan\u00e9rburkolatok n\u00e9lk\u00fcl\u00f6zhetetlenek minden laptop jav\u00edt\u00e1s\u00e1hoz vagy friss\u00edt\u00e9s\u00e9hez.<\/p>\n","protected":false},"featured_media":8765,"template":"","meta":[],"product_brand":[],"product_cat":[16],"product_tag":[28],"class_list":{"0":"post-8699","1":"product","2":"type-product","3":"status-publish","4":"has-post-thumbnail","6":"product_cat-laptop-housing","7":"product_tag-fujitsu","9":"first","10":"instock","11":"taxable","12":"shipping-taxable","13":"purchasable","14":"product-type-simple"},"_links":{"self":[{"href":"https:\/\/boreait.com\/hu\/wp-json\/wp\/v2\/product\/8699","targetHints":{"allow":["GET"]}}],"collection":[{"href":"https:\/\/boreait.com\/hu\/wp-json\/wp\/v2\/product"}],"about":[{"href":"https:\/\/boreait.com\/hu\/wp-json\/wp\/v2\/types\/product"}],"wp:featuredmedia":[{"embeddable":true,"href":"https:\/\/boreait.com\/hu\/wp-json\/wp\/v2\/media\/8765"}],"wp:attachment":[{"href":"https:\/\/boreait.com\/hu\/wp-json\/wp\/v2\/media?parent=8699"}],"wp:term":[{"taxonomy":"product_brand","embeddable":true,"href":"https:\/\/boreait.com\/hu\/wp-json\/wp\/v2\/product_brand?post=8699"},{"taxonomy":"product_cat","embeddable":true,"href":"https:\/\/boreait.com\/hu\/wp-json\/wp\/v2\/product_cat?post=8699"},{"taxonomy":"product_tag","embeddable":true,"href":"https:\/\/boreait.com\/hu\/wp-json\/wp\/v2\/product_tag?post=8699"}],"curies":[{"name":"wp","href":"https:\/\/api.w.org\/{rel}","templated":true}]}}