{"id":8696,"date":"2025-09-17T12:11:25","date_gmt":"2025-09-17T10:11:25","guid":{"rendered":"https:\/\/boreait.com\/hu\/?post_type=product&#038;p=8696"},"modified":"2025-09-17T12:13:14","modified_gmt":"2025-09-17T10:13:14","slug":"eredeti-fujitsu-lifebook-s936-laptop-cpu-ventilator-hutoborda-eredeti-laptop-alkatreszek","status":"publish","type":"product","link":"https:\/\/boreait.com\/hu\/termek\/eredeti-fujitsu-lifebook-s936-laptop-cpu-ventilator-hutoborda-eredeti-laptop-alkatreszek\/","title":{"rendered":"Eredeti Fujitsu LifeBook S936 laptop CPU ventil\u00e1tor h\u0171t\u0151borda &#8211; Eredeti laptop alkatr\u00e9szek"},"content":{"rendered":"<p>N\u00f6velje Fujitsu LifeBook S936 teljes\u00edtm\u00e9ny\u00e9t \u00e9s \u00e9lettartam\u00e1t az eredeti Fujitsu LifeBook S936 laptop CPU ventil\u00e1tor h\u0171t\u0151bord\u00e1j\u00e1val. Ezt az eredeti cserealkatr\u00e9szt kifejezetten \u00fagy tervezt\u00e9k, hogy kiv\u00e1l\u00f3 h\u0171t\u00e9st biztos\u00edtson, biztos\u00edtva, hogy laptopja h\u0171v\u00f6s maradjon, \u00e9s maxim\u00e1lis hat\u00e9konys\u00e1ggal m\u0171k\u00f6dj\u00f6n.<\/p>\n<p>Kiv\u00e1l\u00f3 min\u0151s\u00e9g\u0171 anyagokb\u00f3l k\u00e9sz\u00fclt, ez a CPU-ventil\u00e1tor h\u0171t\u0151bord\u00e1ja tart\u00f3snak k\u00e9sz\u00fclt, \u00e9s optim\u00e1lis h\u0151kezel\u00e9st garant\u00e1l eszk\u00f6ze sz\u00e1m\u00e1ra. Ak\u00e1r t\u00falmeleged\u00e9si probl\u00e9m\u00e1kkal k\u00fczd, ak\u00e1r egyszer\u0171en csak friss\u00edteni szeretne, ez az eredeti Fujitsu alkatr\u00e9sz t\u00f6k\u00e9letes megold\u00e1s laptopja eg\u00e9szs\u00e9g\u00e9nek \u00e9s teljes\u00edtm\u00e9ny\u00e9nek meg\u0151rz\u00e9s\u00e9re.<\/p>\n<p>K\u00f6nnyen telep\u00edthet\u0151, ez a CPU-ventil\u00e1tor h\u0171t\u0151borda csere probl\u00e9mamentes megold\u00e1st k\u00edn\u00e1l laptopja jav\u00edt\u00e1si ig\u00e9nyeire. Robusztus fel\u00e9p\u00edt\u00e9s\u00e9nek \u00e9s megb\u00edzhat\u00f3 teljes\u00edtm\u00e9ny\u00e9nek k\u00f6sz\u00f6nhet\u0151en biztos lehet benne, hogy Fujitsu LifeBook S936 h\u0171v\u00f6s \u00e9s hat\u00e9kony marad m\u00e9g intenz\u00edv feladatok sor\u00e1n is.<\/p>\n<p>Tapasztalja meg az eredeti Fujitsu alkatr\u00e9szek el\u0151nyeit, \u00e9s tartsa laptopj\u00e1t kiv\u00e1l\u00f3 \u00e1llapotban az eredeti Fujitsu LifeBook S936 laptop CPU ventil\u00e1tor h\u0171t\u0151bord\u00e1j\u00e1val. Rendelje meg saj\u00e1tj\u00e1t m\u00e9g ma, \u00e9s gondoskodjon arr\u00f3l, hogy laptopja tov\u00e1bbra is kiemelked\u0151 teljes\u00edtm\u00e9nyt \u00e9s megb\u00edzhat\u00f3s\u00e1got ny\u00fajtson.<\/p>\n","protected":false},"excerpt":{"rendered":"<p>Tartsa Fujitsu LifeBook S936 z\u00f6kken\u0151mentes m\u0171k\u00f6d\u00e9s\u00e9t ezzel az eredeti CPU ventil\u00e1tor h\u0171t\u0151bord\u00e1val. Az optim\u00e1lis h\u0171t\u00e9si teljes\u00edtm\u00e9nyre tervezt\u00e9k, \u00edgy a laptop h\u0171v\u00f6s marad \u00e9s hat\u00e9konyan m\u0171k\u00f6dik. K\u00f6nnyen telep\u00edthet\u0151 \u00e9s kiv\u00e1l\u00f3 min\u0151s\u00e9g\u0171 anyagokb\u00f3l k\u00e9sz\u00fclt, ez a cserealkatr\u00e9sz n\u00e9lk\u00fcl\u00f6zhetetlen laptopja eg\u00e9szs\u00e9g\u00e9nek meg\u0151rz\u00e9s\u00e9hez.<\/p>\n","protected":false},"featured_media":8758,"template":"","meta":[],"product_brand":[],"product_cat":[33],"product_tag":[28],"class_list":{"0":"post-8696","1":"product","2":"type-product","3":"status-publish","4":"has-post-thumbnail","6":"product_cat-cpu-fans-heatsinks","7":"product_tag-fujitsu","9":"first","10":"instock","11":"taxable","12":"shipping-taxable","13":"purchasable","14":"product-type-simple"},"_links":{"self":[{"href":"https:\/\/boreait.com\/hu\/wp-json\/wp\/v2\/product\/8696","targetHints":{"allow":["GET"]}}],"collection":[{"href":"https:\/\/boreait.com\/hu\/wp-json\/wp\/v2\/product"}],"about":[{"href":"https:\/\/boreait.com\/hu\/wp-json\/wp\/v2\/types\/product"}],"wp:featuredmedia":[{"embeddable":true,"href":"https:\/\/boreait.com\/hu\/wp-json\/wp\/v2\/media\/8758"}],"wp:attachment":[{"href":"https:\/\/boreait.com\/hu\/wp-json\/wp\/v2\/media?parent=8696"}],"wp:term":[{"taxonomy":"product_brand","embeddable":true,"href":"https:\/\/boreait.com\/hu\/wp-json\/wp\/v2\/product_brand?post=8696"},{"taxonomy":"product_cat","embeddable":true,"href":"https:\/\/boreait.com\/hu\/wp-json\/wp\/v2\/product_cat?post=8696"},{"taxonomy":"product_tag","embeddable":true,"href":"https:\/\/boreait.com\/hu\/wp-json\/wp\/v2\/product_tag?post=8696"}],"curies":[{"name":"wp","href":"https:\/\/api.w.org\/{rel}","templated":true}]}}