{"id":8695,"date":"2025-09-17T12:11:25","date_gmt":"2025-09-17T10:11:25","guid":{"rendered":"https:\/\/boreait.com\/hu\/?post_type=product&#038;p=8695"},"modified":"2025-09-17T12:13:10","modified_gmt":"2025-09-17T10:13:10","slug":"eredeti-fujitsu-lifebook-s936-laptop-lcd-kepernyo-hatlap-felso-fedel-hasznalt-laptop-alkatreszek","status":"publish","type":"product","link":"https:\/\/boreait.com\/hu\/termek\/eredeti-fujitsu-lifebook-s936-laptop-lcd-kepernyo-hatlap-felso-fedel-hasznalt-laptop-alkatreszek\/","title":{"rendered":"Eredeti Fujitsu LifeBook S936 laptop LCD k\u00e9perny\u0151 h\u00e1tlap fels\u0151 fed\u00e9l Haszn\u00e1lt laptop alkatr\u00e9szek"},"content":{"rendered":"<p>Revitaliz\u00e1lja Fujitsu LifeBook S936 laptopj\u00e1t az eredeti Fujitsu LifeBook S936 laptop LCD k\u00e9perny\u0151s h\u00e1tlap fels\u0151 fed\u00e9llel. Ezt az eredeti haszn\u00e1lt alkatr\u00e9szt \u00fagy tervezt\u00e9k, hogy t\u00f6k\u00e9letesen illeszkedjen laptopj\u00e1hoz, z\u00f6kken\u0151mentes \u00e9s professzion\u00e1lis megjelen\u00e9st biztos\u00edtva.<\/p>\n<p>Az eredeti alkatr\u00e9szekkel megegyez\u0151 magas sz\u00ednvonalon k\u00e9sz\u00fclt, ez a h\u00e1ts\u00f3 fed\u00e9l fels\u0151 fed\u00e9l biztos\u00edtja a Fujitsut\u00f3l elv\u00e1rt tart\u00f3ss\u00e1got \u00e9s min\u0151s\u00e9get. Ak\u00e1r s\u00e9r\u00fclt, ak\u00e1r karcos, vagy egyszer\u0171en elhaszn\u00e1l\u00f3dott a jelenlegi fedele, ez a cserealkatr\u00e9sz kiv\u00e1l\u00f3 megold\u00e1st ny\u00fajt laptopja megjelen\u00e9s\u00e9nek helyre\u00e1ll\u00edt\u00e1s\u00e1ra \u00e9s bels\u0151 alkatr\u00e9szeinek v\u00e9delm\u00e9re.<\/p>\n<p>Az eredeti Fujitsu LifeBook S936 laptop LCD-k\u00e9perny\u0151s h\u00e1tlapj\u00e1nak fels\u0151 fedele k\u00f6nnyen felszerelhet\u0151, \u00edgy a profi technikusok \u00e9s a bark\u00e1csol\u00e1s szerelmesei sz\u00e1m\u00e1ra egyar\u00e1nt k\u00e9nyelmes v\u00e1laszt\u00e1s. Minden fedelet gondosan ellen\u0151riztek, hogy megbizonyosodjanak arr\u00f3l, hogy megfelelnek a Fujitsu szigor\u00fa min\u0151s\u00e9gi el\u0151\u00edr\u00e1sainak, \u00edgy megb\u00edzhat\u00f3 \u00e9s k\u00f6lts\u00e9ghat\u00e9kony m\u00f3don meg\u0151rizheti laptopja eszt\u00e9tikai \u00e9s szerkezeti integrit\u00e1s\u00e1t.<\/p>\n<p>Tapasztalja meg az eredeti Fujitsu alkatr\u00e9szek haszn\u00e1lat\u00e1val j\u00e1r\u00f3 el\u00e9gedetts\u00e9get, \u00e9s adjon \u00faj \u00e9letet laptopj\u00e1nak. Rendelje meg az eredeti Fujitsu LifeBook S936 laptop LCD-k\u00e9perny\u0151s h\u00e1tlapj\u00e1nak fels\u0151 fedel\u00e9t m\u00e9g ma, \u00e9s \u00e9lvezze a t\u00f6k\u00e9letes illeszked\u00e9s \u00e9s kivitelez\u00e9s magabiztoss\u00e1g\u00e1t.<\/p>\n","protected":false},"excerpt":{"rendered":"<p>\u00c1ll\u00edtsa vissza Fujitsu LifeBook S936 megjelen\u00e9s\u00e9t ezzel az eredeti LCD-k\u00e9perny\u0151s h\u00e1tlap fels\u0151 fedel\u00e9vel. Ez az eredeti haszn\u00e1lt alkatr\u00e9sz t\u00f6k\u00e9letes illeszked\u00e9st \u00e9s kidolgoz\u00e1st biztos\u00edt, \u00edgy laptopja \u00fajra \u00fagy n\u00e9z ki, mint az \u00faj.<\/p>\n","protected":false},"featured_media":8756,"template":"","meta":[],"product_brand":[],"product_cat":[16],"product_tag":[28],"class_list":{"0":"post-8695","1":"product","2":"type-product","3":"status-publish","4":"has-post-thumbnail","6":"product_cat-laptop-housing","7":"product_tag-fujitsu","9":"first","10":"instock","11":"taxable","12":"shipping-taxable","13":"purchasable","14":"product-type-simple"},"_links":{"self":[{"href":"https:\/\/boreait.com\/hu\/wp-json\/wp\/v2\/product\/8695","targetHints":{"allow":["GET"]}}],"collection":[{"href":"https:\/\/boreait.com\/hu\/wp-json\/wp\/v2\/product"}],"about":[{"href":"https:\/\/boreait.com\/hu\/wp-json\/wp\/v2\/types\/product"}],"wp:featuredmedia":[{"embeddable":true,"href":"https:\/\/boreait.com\/hu\/wp-json\/wp\/v2\/media\/8756"}],"wp:attachment":[{"href":"https:\/\/boreait.com\/hu\/wp-json\/wp\/v2\/media?parent=8695"}],"wp:term":[{"taxonomy":"product_brand","embeddable":true,"href":"https:\/\/boreait.com\/hu\/wp-json\/wp\/v2\/product_brand?post=8695"},{"taxonomy":"product_cat","embeddable":true,"href":"https:\/\/boreait.com\/hu\/wp-json\/wp\/v2\/product_cat?post=8695"},{"taxonomy":"product_tag","embeddable":true,"href":"https:\/\/boreait.com\/hu\/wp-json\/wp\/v2\/product_tag?post=8695"}],"curies":[{"name":"wp","href":"https:\/\/api.w.org\/{rel}","templated":true}]}}