{"id":8694,"date":"2025-09-17T12:11:25","date_gmt":"2025-09-17T10:11:25","guid":{"rendered":"https:\/\/boreait.com\/hu\/?post_type=product&#038;p=8694"},"modified":"2025-09-17T12:12:53","modified_gmt":"2025-09-17T10:12:53","slug":"eredeti-fujitsu-lifebook-s936-laptop-lcd-kepernyos-elolapi-elulso-borito-terhatasu-keret","status":"publish","type":"product","link":"https:\/\/boreait.com\/hu\/termek\/eredeti-fujitsu-lifebook-s936-laptop-lcd-kepernyos-elolapi-elulso-borito-terhatasu-keret\/","title":{"rendered":"Eredeti Fujitsu LifeBook S936 laptop LCD-k\u00e9perny\u0151s el\u0151lapi el\u00fcls\u0151 bor\u00edt\u00f3, t\u00e9rhat\u00e1s\u00fa keret"},"content":{"rendered":"<p>Fokozza \u00e9s \u00e1ll\u00edtsa helyre Fujitsu LifeBook S936 laptopj\u00e1t az eredeti Fujitsu LifeBook S936 laptop LCD-k\u00e9perny\u0151s el\u0151lappal, az el\u00fcls\u0151 burkolattal. Ez a kifejezetten az S936 modellhez tervezett el\u0151lapi burkolat t\u00f6k\u00e9letes illeszked\u00e9st \u00e9s eszt\u00e9tikus megjelen\u00e9st biztos\u00edt laptopj\u00e1nak.<\/p>\n<p>A kiv\u00e1l\u00f3 min\u0151s\u00e9g\u0171 anyagokb\u00f3l k\u00e9sz\u00fclt el\u0151lapi el\u0151lap tart\u00f3snak k\u00e9sz\u00fclt, tart\u00f3s \u00e9s szil\u00e1rd, \u00edgy v\u00e9di laptopja k\u00e9perny\u0151j\u00e9t. Ak\u00e1r megs\u00e9r\u00fclt az eredeti el\u0151lap, ak\u00e1r egyszer\u0171en csak fel szeretn\u00e9 friss\u00edteni laptopja megjelen\u00e9s\u00e9t, ez az eredeti Fujitsu alkatr\u00e9sz z\u00f6kken\u0151mentes integr\u00e1ci\u00f3t \u00e9s megb\u00edzhat\u00f3s\u00e1got biztos\u00edt.<\/p>\n<p>Az el\u0151lapi el\u0151lap prec\u00edz tervez\u00e9se lehet\u0151v\u00e9 teszi az egyszer\u0171 telep\u00edt\u00e9st, \u00edgy probl\u00e9mamentes cseremegold\u00e1s a laptopjav\u00edt\u00e1si ig\u00e9nyekhez. Letisztult diz\u00e1jnj\u00e1val \u00e9s pontos specifik\u00e1ci\u00f3ival b\u00edzhat abban, hogy Fujitsu LifeBook S936 meg\u0151rzi professzion\u00e1lis \u00e9s csiszolt megjelen\u00e9s\u00e9t.<\/p>\n<p>A list\u00e1n szerepl\u0151 fot\u00f3k val\u00f3di fot\u00f3k a kapott alkatr\u00e9szekr\u0151l, biztos\u00edtva az \u00e1tl\u00e1that\u00f3s\u00e1got \u00e9s a hiteless\u00e9get. K\u00e9rj\u00fck, vegye figyelembe, hogy b\u00e1r ehhez a term\u00e9khez nem mell\u00e9keltek cser\u00e9re vonatkoz\u00f3 utas\u00edt\u00e1sokat, csapatunk k\u00e9szs\u00e9ggel \u00e1ll rendelkez\u00e9s\u00e9re b\u00e1rmilyen k\u00e9rd\u00e9sben vagy tov\u00e1bbi seg\u00edts\u00e9gben, amelyre sz\u00fcks\u00e9ge lehet.<\/p>\n<p>Fektessen be az eredeti Fujitsu alkatr\u00e9szek min\u0151s\u00e9g\u00e9be \u00e9s teljes\u00edtm\u00e9ny\u00e9be az Eredeti Fujitsu LifeBook S936 laptop LCD-k\u00e9perny\u0151s el\u0151lapi el\u00fcls\u0151 burkolattal. Rendelje meg saj\u00e1tj\u00e1t m\u00e9g ma, \u00e9s adja meg laptopj\u00e1nak a meg\u00e9rdemelt friss\u00edt\u00e9st.<\/p>\n","protected":false},"excerpt":{"rendered":"<p>\u00c1ll\u00edtsa vissza Fujitsu LifeBook S936 megjelen\u00e9s\u00e9t ezzel az eredeti LCD-k\u00e9perny\u0151s el\u0151lappal. A t\u00f6k\u00e9letes illeszked\u00e9sre \u00e9s kivitelre tervezett kiv\u00e1l\u00f3 min\u0151s\u00e9g\u0171 keret tart\u00f3ss\u00e1got \u00e9s z\u00f6kken\u0151mentes integr\u00e1ci\u00f3t biztos\u00edt laptopj\u00e1val.<\/p>\n","protected":false},"featured_media":8752,"template":"","meta":[],"product_brand":[],"product_cat":[16],"product_tag":[28],"class_list":{"0":"post-8694","1":"product","2":"type-product","3":"status-publish","4":"has-post-thumbnail","6":"product_cat-laptop-housing","7":"product_tag-fujitsu","9":"first","10":"instock","11":"taxable","12":"shipping-taxable","13":"purchasable","14":"product-type-simple"},"_links":{"self":[{"href":"https:\/\/boreait.com\/hu\/wp-json\/wp\/v2\/product\/8694","targetHints":{"allow":["GET"]}}],"collection":[{"href":"https:\/\/boreait.com\/hu\/wp-json\/wp\/v2\/product"}],"about":[{"href":"https:\/\/boreait.com\/hu\/wp-json\/wp\/v2\/types\/product"}],"wp:featuredmedia":[{"embeddable":true,"href":"https:\/\/boreait.com\/hu\/wp-json\/wp\/v2\/media\/8752"}],"wp:attachment":[{"href":"https:\/\/boreait.com\/hu\/wp-json\/wp\/v2\/media?parent=8694"}],"wp:term":[{"taxonomy":"product_brand","embeddable":true,"href":"https:\/\/boreait.com\/hu\/wp-json\/wp\/v2\/product_brand?post=8694"},{"taxonomy":"product_cat","embeddable":true,"href":"https:\/\/boreait.com\/hu\/wp-json\/wp\/v2\/product_cat?post=8694"},{"taxonomy":"product_tag","embeddable":true,"href":"https:\/\/boreait.com\/hu\/wp-json\/wp\/v2\/product_tag?post=8694"}],"curies":[{"name":"wp","href":"https:\/\/api.w.org\/{rel}","templated":true}]}}