{"id":8693,"date":"2025-09-17T12:11:25","date_gmt":"2025-09-17T10:11:25","guid":{"rendered":"https:\/\/boreait.com\/hu\/?post_type=product&#038;p=8693"},"modified":"2025-09-17T12:12:42","modified_gmt":"2025-09-17T10:12:42","slug":"eredeti-csuklotamasz-fujitsu-lifebook-s936-laptop-alkatresz-csere","status":"publish","type":"product","link":"https:\/\/boreait.com\/hu\/termek\/eredeti-csuklotamasz-fujitsu-lifebook-s936-laptop-alkatresz-csere\/","title":{"rendered":"Eredeti csukl\u00f3t\u00e1masz Fujitsu Lifebook S936 laptop alkatr\u00e9sz csere"},"content":{"rendered":"<p>Fokozza Fujitsu Lifebook S936 megjelen\u00e9s\u00e9t \u00e9s haszn\u00e1lhat\u00f3s\u00e1g\u00e1t a kifejezetten ehhez a modellhez tervezett eredeti csukl\u00f3t\u00e1masz seg\u00edts\u00e9g\u00e9vel. Ez a kiv\u00e1l\u00f3 min\u0151s\u00e9g\u0171 cserealkatr\u00e9sz t\u00f6k\u00e9letes illeszked\u00e9st biztos\u00edt, \u00e9s meg\u0151rzi laptopja eleg\u00e1ns megjelen\u00e9s\u00e9t, k\u00e9nyelmes \u00e9s tart\u00f3s g\u00e9pel\u00e9si \u00e9lm\u00e9nyt biztos\u00edtva.<\/p>\n<p>A pontoss\u00e1g \u00e9s a tart\u00f3ss\u00e1g szem el\u0151tt tart\u00e1s\u00e1val k\u00e9sz\u00fclt, ez az eredeti csukl\u00f3t\u00e1masz ide\u00e1lis megold\u00e1s a kopott vagy s\u00e9r\u00fclt csukl\u00f3t\u00e1masz cser\u00e9j\u00e9re. Z\u00f6kken\u0151mentesen illeszkedik a Fujitsu Lifebook S936-hoz, vissza\u00e1ll\u00edtja eredeti megjelen\u00e9s\u00e9t \u00e9s \u00e9rzet\u00e9t, mik\u00f6zben meg\u0151rzi a laptop \u00e1ltal\u00e1nos eszt\u00e9tik\u00e1j\u00e1t \u00e9s funkcionalit\u00e1s\u00e1t.<\/p>\n<p>K\u00f6nnyen telep\u00edthet\u0151 \u00e9s tart\u00f3s, ez a csukl\u00f3t\u00e1masz-csere probl\u00e9mamentes megold\u00e1st k\u00edn\u00e1l laptopja haszn\u00e1lhat\u00f3s\u00e1g\u00e1nak jav\u00edt\u00e1s\u00e1ra. A fel\u00e9p\u00edt\u00e9s\u00e9hez felhaszn\u00e1lt kiv\u00e1l\u00f3 min\u0151s\u00e9g\u0171 anyagok biztos\u00edtj\u00e1k, hogy kib\u00edrja a rendszeres haszn\u00e1latot, megb\u00edzhat\u00f3 \u00e9s hossz\u00fa \u00e9lettartam\u00fa megold\u00e1st ny\u00fajtva \u00d6nnek.<\/p>\n<p>Ak\u00e1r megs\u00e9r\u00fclt csukl\u00f3t\u00e1maszt szeretne cser\u00e9lni, ak\u00e1r egyszer\u0171en csak jav\u00edtani szeretn\u00e9 laptopja megjelen\u00e9s\u00e9t, az eredeti Fujitsu Lifebook S936 csukl\u00f3t\u00e1masz a t\u00f6k\u00e9letes v\u00e1laszt\u00e1s. Tapasztalja meg az eredeti cserealkatr\u00e9szek k\u00e9nyelm\u00e9t \u00e9s min\u0151s\u00e9g\u00e9t, \u00e9s magabiztosan \u00e1ll\u00edtsa vissza laptopja funkcionalit\u00e1s\u00e1t \u00e9s eszt\u00e9tik\u00e1j\u00e1t.<\/p>\n<p>Rendelje meg eredeti csukl\u00f3t\u00e1masz\u00e1t Fujitsu Lifebook S936-hoz m\u00e9g ma, \u00e9s adjon friss, \u00faj k\u00fcls\u0151t laptopj\u00e1nak.<\/p>\n","protected":false},"excerpt":{"rendered":"<p>Ezzel az eredeti csukl\u00f3t\u00e1maszsal \u00e1ll\u00edtsa vissza Fujitsu Lifebook S936 megjelen\u00e9s\u00e9t \u00e9s funkcionalit\u00e1s\u00e1t. A t\u00f6k\u00e9letes illeszked\u00e9sre \u00e9s tart\u00f3ss\u00e1gra tervezve k\u00e9nyelmes g\u00e9pel\u00e9st \u00e9s z\u00f6kken\u0151mentes integr\u00e1ci\u00f3t biztos\u00edt laptopj\u00e1val.<\/p>\n","protected":false},"featured_media":8750,"template":"","meta":[],"product_brand":[],"product_cat":[16],"product_tag":[28],"class_list":{"0":"post-8693","1":"product","2":"type-product","3":"status-publish","4":"has-post-thumbnail","6":"product_cat-laptop-housing","7":"product_tag-fujitsu","9":"first","10":"instock","11":"taxable","12":"shipping-taxable","13":"purchasable","14":"product-type-simple"},"_links":{"self":[{"href":"https:\/\/boreait.com\/hu\/wp-json\/wp\/v2\/product\/8693","targetHints":{"allow":["GET"]}}],"collection":[{"href":"https:\/\/boreait.com\/hu\/wp-json\/wp\/v2\/product"}],"about":[{"href":"https:\/\/boreait.com\/hu\/wp-json\/wp\/v2\/types\/product"}],"wp:featuredmedia":[{"embeddable":true,"href":"https:\/\/boreait.com\/hu\/wp-json\/wp\/v2\/media\/8750"}],"wp:attachment":[{"href":"https:\/\/boreait.com\/hu\/wp-json\/wp\/v2\/media?parent=8693"}],"wp:term":[{"taxonomy":"product_brand","embeddable":true,"href":"https:\/\/boreait.com\/hu\/wp-json\/wp\/v2\/product_brand?post=8693"},{"taxonomy":"product_cat","embeddable":true,"href":"https:\/\/boreait.com\/hu\/wp-json\/wp\/v2\/product_cat?post=8693"},{"taxonomy":"product_tag","embeddable":true,"href":"https:\/\/boreait.com\/hu\/wp-json\/wp\/v2\/product_tag?post=8693"}],"curies":[{"name":"wp","href":"https:\/\/api.w.org\/{rel}","templated":true}]}}