{"id":8692,"date":"2025-09-17T12:11:25","date_gmt":"2025-09-17T10:11:25","guid":{"rendered":"https:\/\/boreait.com\/hu\/?post_type=product&#038;p=8692"},"modified":"2025-09-17T12:12:14","modified_gmt":"2025-09-17T10:12:14","slug":"eredeti-also-borito-fujitsu-lifebook-s936-laptop-alkatreszei-eredeti-csere","status":"publish","type":"product","link":"https:\/\/boreait.com\/hu\/termek\/eredeti-also-borito-fujitsu-lifebook-s936-laptop-alkatreszei-eredeti-csere\/","title":{"rendered":"Eredeti als\u00f3 bor\u00edt\u00f3 Fujitsu Lifebook S936 laptop alkatr\u00e9szei Eredeti csere"},"content":{"rendered":"<p>Ezzel az eredeti als\u00f3 bor\u00edt\u00f3val vissza\u00e1ll\u00edthatja Fujitsu Lifebook S936 megjelen\u00e9s\u00e9t \u00e9s funkcionalit\u00e1s\u00e1t. Ez a kifejezetten a Lifebook S936-hoz tervezett eredeti cserealkatr\u00e9sz t\u00f6k\u00e9letes illeszked\u00e9st \u00e9s kiemelked\u0151 tart\u00f3ss\u00e1got garant\u00e1l, biztos\u00edtva, hogy laptopja v\u00e9dett maradjon, \u00e9s meg\u0151rizze eleg\u00e1ns megjelen\u00e9s\u00e9t.<\/p>\n<p>A legmagasabb min\u0151s\u00e9gi el\u0151\u00edr\u00e1soknak megfelel\u0151en gy\u00e1rtott als\u00f3 burkolat csere kiv\u00e1l\u00f3 konstrukci\u00f3t \u00e9s rugalmass\u00e1got k\u00edn\u00e1l, kiv\u00e1l\u00f3 v\u00e9delmet ny\u00fajtva a mindennapi kop\u00e1s ellen. Ak\u00e1r megrong\u00e1lta a megl\u00e9v\u0151 burkolat\u00e1t, ak\u00e1r egyszer\u0171en csak laptopja k\u00fclsej\u00e9t szeretn\u00e9 felfriss\u00edteni, ez az eredeti alkatr\u00e9sz az ide\u00e1lis megold\u00e1s.<\/p>\n<p>K\u00f6nnyen telep\u00edthet\u0151 \u00e9s kiv\u00e1l\u00f3 min\u0151s\u00e9g\u0171 anyagokb\u00f3l k\u00e9sz\u00fclt, ez az als\u00f3 burkolat seg\u00edt meg\u00f3vni Fujitsu Lifebook S936 bels\u0151 alkatr\u00e9szeit, mik\u00f6zben jav\u00edtja annak \u00e1ltal\u00e1nos megjelen\u00e9s\u00e9t. A prec\u00edz kialak\u00edt\u00e1s biztos\u00edtja, hogy az \u00f6sszes port, szell\u0151z\u0151ny\u00edl\u00e1s \u00e9s csatlakoz\u00f3 t\u00f6k\u00e9letesen illeszkedjen, meg\u0151rizve az eszk\u00f6z teljes funkcionalit\u00e1s\u00e1t.<\/p>\n<p>V\u00e1lasszon eredeti Fujitsu alkatr\u00e9szeket a p\u00e1ratlan min\u0151s\u00e9g \u00e9s megb\u00edzhat\u00f3s\u00e1g \u00e9rdek\u00e9ben. Rendelje meg eredeti als\u00f3 bor\u00edt\u00f3j\u00e1t Fujitsu Lifebook S936-hoz m\u00e9g ma, \u00e9s biztos\u00edtsa laptopj\u00e1nak azt a v\u00e9delmet \u00e9s eszt\u00e9tikai megjelen\u00e9st, amelyet meg\u00e9rdemel.<\/p>\n","protected":false},"excerpt":{"rendered":"<p>Cser\u00e9lje ki Fujitsu Lifebook S936 s\u00e9r\u00fclt als\u00f3 fedel\u00e9t erre az eredeti alkatr\u00e9szre. A t\u00f6k\u00e9letes illeszked\u00e9sre \u00e9s tart\u00f3ss\u00e1gra tervezve, biztos\u00edtja laptopja integrit\u00e1s\u00e1t \u00e9s v\u00e9delm\u00e9t.<\/p>\n","protected":false},"featured_media":8739,"template":"","meta":[],"product_brand":[],"product_cat":[16],"product_tag":[],"class_list":{"0":"post-8692","1":"product","2":"type-product","3":"status-publish","4":"has-post-thumbnail","6":"product_cat-laptop-housing","8":"first","9":"instock","10":"taxable","11":"shipping-taxable","12":"purchasable","13":"product-type-simple"},"_links":{"self":[{"href":"https:\/\/boreait.com\/hu\/wp-json\/wp\/v2\/product\/8692","targetHints":{"allow":["GET"]}}],"collection":[{"href":"https:\/\/boreait.com\/hu\/wp-json\/wp\/v2\/product"}],"about":[{"href":"https:\/\/boreait.com\/hu\/wp-json\/wp\/v2\/types\/product"}],"wp:featuredmedia":[{"embeddable":true,"href":"https:\/\/boreait.com\/hu\/wp-json\/wp\/v2\/media\/8739"}],"wp:attachment":[{"href":"https:\/\/boreait.com\/hu\/wp-json\/wp\/v2\/media?parent=8692"}],"wp:term":[{"taxonomy":"product_brand","embeddable":true,"href":"https:\/\/boreait.com\/hu\/wp-json\/wp\/v2\/product_brand?post=8692"},{"taxonomy":"product_cat","embeddable":true,"href":"https:\/\/boreait.com\/hu\/wp-json\/wp\/v2\/product_cat?post=8692"},{"taxonomy":"product_tag","embeddable":true,"href":"https:\/\/boreait.com\/hu\/wp-json\/wp\/v2\/product_tag?post=8692"}],"curies":[{"name":"wp","href":"https:\/\/api.w.org\/{rel}","templated":true}]}}