{"id":8691,"date":"2025-09-17T12:11:25","date_gmt":"2025-09-17T10:11:25","guid":{"rendered":"https:\/\/boreait.com\/hu\/?post_type=product&#038;p=8691"},"modified":"2025-09-17T12:11:59","modified_gmt":"2025-09-17T10:11:59","slug":"eredeti-lenovo-thinkpad-x220-x220i-x230-x230i-dc-tapcsatlakozo-kabel-04w1680-9htyqt-laptop-alkatreszek","status":"publish","type":"product","link":"https:\/\/boreait.com\/hu\/termek\/eredeti-lenovo-thinkpad-x220-x220i-x230-x230i-dc-tapcsatlakozo-kabel-04w1680-9htyqt-laptop-alkatreszek\/","title":{"rendered":"Eredeti Lenovo ThinkPad X220 X220I X230 X230I DC t\u00e1pcsatlakoz\u00f3 k\u00e1bel 04W1680 9HTYQT laptop alkatr\u00e9szek"},"content":{"rendered":"<p>Gondoskodjon arr\u00f3l, hogy Lenovo ThinkPad X220, X220I, X230 vagy X230I laptopja \u00e1ram alatt maradjon \u00e9s m\u0171k\u00f6d\u0151k\u00e9pes maradjon az eredeti Lenovo ThinkPad DC t\u00e1pcsatlakoz\u00f3 k\u00e1bel 04W1680 9HTYQT seg\u00edts\u00e9g\u00e9vel. Ezt a kiv\u00e1l\u00f3 min\u0151s\u00e9g\u0171 cserealkatr\u00e9szt \u00fagy tervezt\u00e9k, hogy megb\u00edzhat\u00f3 \u00e9s egyenletes \u00e1ramell\u00e1t\u00e1st biztos\u00edtson, \u00edgy a laptop energiaell\u00e1t\u00f3 rendszer\u00e9nek alapvet\u0151 eleme.<\/p>\n<p>A pontoss\u00e1g \u00e9s a kompatibilit\u00e1s szem el\u0151tt tart\u00e1s\u00e1val k\u00e9sz\u00fclt, ezt az egyen\u00e1ram\u00fa t\u00e1pcsatlakoz\u00f3-k\u00e1belt \u00fagy tervezt\u00e9k, hogy z\u00f6kken\u0151mentesen illeszkedjen a Lenovo ThinkPad modellj\u00e9hez, optim\u00e1lis teljes\u00edtm\u00e9nyt \u00e9s hossz\u00fa \u00e9lettartamot biztos\u00edtva. Ak\u00e1r \u00e1ramell\u00e1t\u00e1si probl\u00e9m\u00e1kkal k\u00fczd, ak\u00e1r egy s\u00e9r\u00fclt alkatr\u00e9sz cser\u00e9j\u00e9re van sz\u00fcks\u00e9ge, ez az eredeti Lenovo-k\u00e1bel t\u00f6k\u00e9letes illeszked\u00e9st \u00e9s probl\u00e9mamentes telep\u00edt\u00e9st k\u00edn\u00e1l.<\/p>\n<p>A tart\u00f3s fel\u00e9p\u00edt\u00e9s\u00e9nek \u00e9s a kiv\u00e1l\u00f3 min\u0151s\u00e9gnek k\u00f6sz\u00f6nhet\u0151en az eredeti Lenovo ThinkPad DC t\u00e1pcsatlakoz\u00f3 k\u00e1bel 04W1680 9HTYQT \u00fagy k\u00e9sz\u00fclt, hogy ellen\u00e1lljon a napi haszn\u00e1latnak, \u00e9s biztos\u00edtsa, hogy laptopja folyamatosan \u00e1ram alatt maradjon. B\u00edzzon a Lenovo min\u0151s\u00e9g \u00e9s megb\u00edzhat\u00f3s\u00e1g ir\u00e1nti elk\u00f6telezetts\u00e9g\u00e9ben, hogy laptopja z\u00f6kken\u0151mentesen m\u0171k\u00f6dj\u00f6n.<\/p>\n<p>Ne hagyja, hogy az \u00e1ramell\u00e1t\u00e1si probl\u00e9m\u00e1k megzavarj\u00e1k a termel\u00e9kenys\u00e9get. Rendelje meg az eredeti Lenovo ThinkPad DC t\u00e1pcsatlakoz\u00f3 k\u00e1belt 04W1680 9HTYQT m\u00e9g ma, \u00e9s \u00e9lvezze az eredeti Lenovo alkatr\u00e9szek haszn\u00e1lat\u00e1val j\u00e1r\u00f3 nyugalmat. Ezzel a n\u00e9lk\u00fcl\u00f6zhetetlen cserek\u00e1bellel tartsa \u00e1ram alatt laptopj\u00e1t \u00e9s k\u00e9szen \u00e1ll a haszn\u00e1latra.<\/p>\n","protected":false},"excerpt":{"rendered":"<p>Ezzel az eredeti DC t\u00e1pk\u00e1bellel \u00e1ll\u00edtsa vissza a Lenovo ThinkPad X220, X220I, X230 vagy X230I \u00e1ramell\u00e1t\u00e1s\u00e1t. A megb\u00edzhat\u00f3 teljes\u00edtm\u00e9nyre tervezett kiv\u00e1l\u00f3 min\u0151s\u00e9g\u0171 cserealkatr\u00e9sz k\u00f6nnyen telep\u00edthet\u0151, \u00edgy laptopja folyamatosan \u00e1ram alatt marad \u00e9s m\u0171k\u00f6d\u0151k\u00e9pes.<\/p>\n","protected":false},"featured_media":8738,"template":"","meta":[],"product_brand":[],"product_cat":[20],"product_tag":[26],"class_list":{"0":"post-8691","1":"product","2":"type-product","3":"status-publish","4":"has-post-thumbnail","6":"product_cat-cables","7":"product_tag-lenovo","9":"first","10":"instock","11":"taxable","12":"shipping-taxable","13":"purchasable","14":"product-type-simple"},"_links":{"self":[{"href":"https:\/\/boreait.com\/hu\/wp-json\/wp\/v2\/product\/8691","targetHints":{"allow":["GET"]}}],"collection":[{"href":"https:\/\/boreait.com\/hu\/wp-json\/wp\/v2\/product"}],"about":[{"href":"https:\/\/boreait.com\/hu\/wp-json\/wp\/v2\/types\/product"}],"wp:featuredmedia":[{"embeddable":true,"href":"https:\/\/boreait.com\/hu\/wp-json\/wp\/v2\/media\/8738"}],"wp:attachment":[{"href":"https:\/\/boreait.com\/hu\/wp-json\/wp\/v2\/media?parent=8691"}],"wp:term":[{"taxonomy":"product_brand","embeddable":true,"href":"https:\/\/boreait.com\/hu\/wp-json\/wp\/v2\/product_brand?post=8691"},{"taxonomy":"product_cat","embeddable":true,"href":"https:\/\/boreait.com\/hu\/wp-json\/wp\/v2\/product_cat?post=8691"},{"taxonomy":"product_tag","embeddable":true,"href":"https:\/\/boreait.com\/hu\/wp-json\/wp\/v2\/product_tag?post=8691"}],"curies":[{"name":"wp","href":"https:\/\/api.w.org\/{rel}","templated":true}]}}