{"id":8674,"date":"2025-09-17T12:11:02","date_gmt":"2025-09-17T10:11:02","guid":{"rendered":"https:\/\/boreait.com\/hu\/?post_type=product&#038;p=8674"},"modified":"2026-01-28T09:11:14","modified_gmt":"2026-01-28T08:11:14","slug":"oem-hangszoro-23-40861-001-lenovo-thinkpad-x230-notebook-laptop-alkatreszekhez","status":"publish","type":"product","link":"https:\/\/boreait.com\/hu\/termek\/oem-hangszoro-23-40861-001-lenovo-thinkpad-x230-notebook-laptop-alkatreszekhez\/","title":{"rendered":"OEM hangsz\u00f3r\u00f3 23.40861.001 Lenovo ThinkPad X230 notebook laptop alkatr\u00e9szekhez"},"content":{"rendered":"<p>B\u0151v\u00edtse hang\u00e9lm\u00e9ny\u00e9t a Lenovo ThinkPad X230 Notebookhoz k\u00e9sz\u00fclt OEM Speaker 23.40861.001 hangsz\u00f3r\u00f3val. A kompatibilit\u00e1sra \u00e9s a teljes\u00edtm\u00e9nyre tervezett eredeti hangsz\u00f3r\u00f3csere \u00fagy lett kialak\u00edtva, hogy z\u00f6kken\u0151mentesen integr\u00e1lhat\u00f3 legyen az eszk\u00f6zzel, vissza\u00e1ll\u00edtva a tiszta \u00e9s \u00e9les hangmin\u0151s\u00e9get a laptopon.<\/p>\n<p>Ak\u00e1r hib\u00e1s hangsz\u00f3r\u00f3t cser\u00e9l, ak\u00e1r egyszer\u0171en csak jav\u00edtani szeretn\u00e9 a hangkimenetet, ez az OEM hangsz\u00f3r\u00f3 a t\u00f6k\u00e9letes megold\u00e1s. Az egyszer\u0171 telep\u00edt\u00e9si folyamatnak k\u00f6sz\u00f6nhet\u0151en gyorsan \u00e9s k\u00f6nnyed\u00e9n friss\u00edtheti Lenovo ThinkPad X230 notebookj\u00e1t an\u00e9lk\u00fcl, hogy professzion\u00e1lis seg\u00edts\u00e9gre lenne sz\u00fcks\u00e9ge.<\/p>\n<p>A pontoss\u00e1g \u00e9s a tart\u00f3ss\u00e1g szem el\u0151tt tart\u00e1s\u00e1val k\u00e9sz\u00fclt ez a hangsz\u00f3r\u00f3csere hosszan tart\u00f3 teljes\u00edtm\u00e9nyt \u00e9s megb\u00edzhat\u00f3s\u00e1got biztos\u00edt. \u00c9lvezze a zene, a filmek \u00e9s a videoh\u00edv\u00e1sok mag\u00e1val ragad\u00f3 hangj\u00e1t, \u00e9s \u00e9lvezze kedvenc tartalmait, mint m\u00e9g soha.<\/p>\n<p>A 23.40861.001 sz\u00e1m\u00fa OEM hangsz\u00f3r\u00f3 seg\u00edts\u00e9g\u00e9vel \u00e1ll\u00edtsa vissza Lenovo ThinkPad X230 notebookj\u00e1nak teljes hangpotenci\u00e1lj\u00e1t. Rendelje meg saj\u00e1tj\u00e1t m\u00e9g ma, \u00e9s \u00e9lvezze a kiv\u00e1l\u00f3 hangmin\u0151s\u00e9get minden haszn\u00e1lat sor\u00e1n.<\/p>\n","protected":false},"excerpt":{"rendered":"<p>Cser\u00e9lje ki a Lenovo ThinkPad X230 notebook s\u00e9r\u00fclt vagy hib\u00e1s hangsz\u00f3r\u00f3j\u00e1t erre az eredeti OEM hangsz\u00f3r\u00f3ra. A kompatibilit\u00e1s \u00e9s az egyszer\u0171 telep\u00edt\u00e9s \u00e9rdek\u00e9ben ez a kiv\u00e1l\u00f3 min\u0151s\u00e9g\u0171 cserealkatr\u00e9sz tiszta hangkimenetet biztos\u00edt a jobb hang\u00e9lm\u00e9ny \u00e9rdek\u00e9ben.<\/p>\n","protected":false},"featured_media":8736,"template":"","meta":[],"product_brand":[],"product_cat":[18],"product_tag":[26],"class_list":{"0":"post-8674","1":"product","2":"type-product","3":"status-publish","4":"has-post-thumbnail","6":"product_cat-laptop-speakers","7":"product_tag-lenovo","9":"first","10":"instock","11":"taxable","12":"shipping-taxable","13":"purchasable","14":"product-type-simple"},"_links":{"self":[{"href":"https:\/\/boreait.com\/hu\/wp-json\/wp\/v2\/product\/8674","targetHints":{"allow":["GET"]}}],"collection":[{"href":"https:\/\/boreait.com\/hu\/wp-json\/wp\/v2\/product"}],"about":[{"href":"https:\/\/boreait.com\/hu\/wp-json\/wp\/v2\/types\/product"}],"wp:featuredmedia":[{"embeddable":true,"href":"https:\/\/boreait.com\/hu\/wp-json\/wp\/v2\/media\/8736"}],"wp:attachment":[{"href":"https:\/\/boreait.com\/hu\/wp-json\/wp\/v2\/media?parent=8674"}],"wp:term":[{"taxonomy":"product_brand","embeddable":true,"href":"https:\/\/boreait.com\/hu\/wp-json\/wp\/v2\/product_brand?post=8674"},{"taxonomy":"product_cat","embeddable":true,"href":"https:\/\/boreait.com\/hu\/wp-json\/wp\/v2\/product_cat?post=8674"},{"taxonomy":"product_tag","embeddable":true,"href":"https:\/\/boreait.com\/hu\/wp-json\/wp\/v2\/product_tag?post=8674"}],"curies":[{"name":"wp","href":"https:\/\/api.w.org\/{rel}","templated":true}]}}