{"id":8673,"date":"2025-09-17T12:11:01","date_gmt":"2025-09-17T10:11:01","guid":{"rendered":"https:\/\/boreait.com\/hu\/?post_type=product&#038;p=8673"},"modified":"2026-01-28T09:10:57","modified_gmt":"2026-01-28T08:10:57","slug":"hdd-merevlemez-meghajto-burkolata-lenovo-ibm-x220-x220i-x230-x230i-laptop-alkatreszekhez","status":"publish","type":"product","link":"https:\/\/boreait.com\/hu\/termek\/hdd-merevlemez-meghajto-burkolata-lenovo-ibm-x220-x220i-x230-x230i-laptop-alkatreszekhez\/","title":{"rendered":"HDD merevlemez-meghajt\u00f3 burkolata Lenovo IBM X220 X220i X230 X230i laptop alkatr\u00e9szekhez"},"content":{"rendered":"<p>Friss\u00edtse Lenovo IBM X220, X220i, X230 vagy X230i laptopj\u00e1t a biztons\u00e1gos \u00e9s megb\u00edzhat\u00f3 t\u00e1rol\u00e1sra tervezett HDD merevlemez-burkolattal. A tart\u00f3ss\u00e1got szem el\u0151tt tartva k\u00e9sz\u00fclt, ez a burkolat v\u00e9delmet ny\u00fajt merevlemeze sz\u00e1m\u00e1ra, mik\u00f6zben k\u00f6nny\u0171 hozz\u00e1f\u00e9r\u00e9st biztos\u00edt a karbantart\u00e1shoz vagy a friss\u00edt\u00e9sekhez.<\/p>\n<p>Cser\u00e9lje ki kopott vagy s\u00e9r\u00fclt fedel\u00e9t ezzel a kiv\u00e1l\u00f3 min\u0151s\u00e9g\u0171 cser\u00e9vel, hogy a merevlemez biztons\u00e1gosan a hely\u00e9n maradjon. A Lenovo IBM X220, X220i, X230 \u00e9s X230i modellekkel kompatibilis burkolat k\u00f6nnyen felszerelhet\u0151, \u00edgy t\u00f6k\u00e9letes megold\u00e1s laptopjav\u00edt\u00e1si ig\u00e9nyeire.<\/p>\n<p>A tart\u00f3s anyagokb\u00f3l k\u00e9sz\u00fclt huzat \u00fagy lett kialak\u00edtva, hogy ellen\u00e1lljon a napi haszn\u00e1latnak, \u00e9s hosszan tart\u00f3 teljes\u00edtm\u00e9nyt ny\u00fajtson. Tartsa biztons\u00e1gban merevlemez\u00e9t a Lenovo IBM X220, X220i, X230 \u00e9s X230i laptopokhoz k\u00e9sz\u00fclt HDD merevlemez-tart\u00f3 burkolattal. Rendelje meg saj\u00e1tj\u00e1t m\u00e9g ma, \u00e9s \u00e9lvezze a nyugalmat, tudva, hogy adatai v\u00e9dettek.<\/p>\n","protected":false},"excerpt":{"rendered":"<p>Cser\u00e9lje ki r\u00e9gi vagy s\u00e9r\u00fclt merevlemez-h\u00e1z\u00e1nak fedel\u00e9t erre a kiv\u00e1l\u00f3 min\u0151s\u00e9g\u0171 cserealkatr\u00e9szre, amelyet kifejezetten a Lenovo IBM X220, X220i, X230 \u00e9s X230i laptopokhoz terveztek. K\u00f6nnyen felszerelhet\u0151 \u00e9s tart\u00f3san \u00e9p\u00edthet\u0151, ez a burkolat biztos\u00edtja, hogy merevlemeze biztons\u00e1gos \u00e9s v\u00e9dett maradjon.<\/p>\n","protected":false},"featured_media":8735,"template":"","meta":[],"product_brand":[],"product_cat":[16],"product_tag":[26],"class_list":{"0":"post-8673","1":"product","2":"type-product","3":"status-publish","4":"has-post-thumbnail","6":"product_cat-laptop-housing","7":"product_tag-lenovo","9":"first","10":"instock","11":"taxable","12":"shipping-taxable","13":"purchasable","14":"product-type-simple"},"_links":{"self":[{"href":"https:\/\/boreait.com\/hu\/wp-json\/wp\/v2\/product\/8673","targetHints":{"allow":["GET"]}}],"collection":[{"href":"https:\/\/boreait.com\/hu\/wp-json\/wp\/v2\/product"}],"about":[{"href":"https:\/\/boreait.com\/hu\/wp-json\/wp\/v2\/types\/product"}],"wp:featuredmedia":[{"embeddable":true,"href":"https:\/\/boreait.com\/hu\/wp-json\/wp\/v2\/media\/8735"}],"wp:attachment":[{"href":"https:\/\/boreait.com\/hu\/wp-json\/wp\/v2\/media?parent=8673"}],"wp:term":[{"taxonomy":"product_brand","embeddable":true,"href":"https:\/\/boreait.com\/hu\/wp-json\/wp\/v2\/product_brand?post=8673"},{"taxonomy":"product_cat","embeddable":true,"href":"https:\/\/boreait.com\/hu\/wp-json\/wp\/v2\/product_cat?post=8673"},{"taxonomy":"product_tag","embeddable":true,"href":"https:\/\/boreait.com\/hu\/wp-json\/wp\/v2\/product_tag?post=8673"}],"curies":[{"name":"wp","href":"https:\/\/api.w.org\/{rel}","templated":true}]}}