{"id":8672,"date":"2025-09-17T12:11:01","date_gmt":"2025-09-17T10:11:01","guid":{"rendered":"https:\/\/boreait.com\/hu\/?post_type=product&#038;p=8672"},"modified":"2026-01-28T09:10:42","modified_gmt":"2026-01-28T08:10:42","slug":"eredeti-centrino-advanced-n-6205-vezetek-nelkuli-kartya-lenovo-thinkpad-fru-60y3253-laptop-alkatreszekhez","status":"publish","type":"product","link":"https:\/\/boreait.com\/hu\/termek\/eredeti-centrino-advanced-n-6205-vezetek-nelkuli-kartya-lenovo-thinkpad-fru-60y3253-laptop-alkatreszekhez\/","title":{"rendered":"Eredeti Centrino Advanced-N 6205 vezet\u00e9k n\u00e9lk\u00fcli k\u00e1rtya LENOVO ThinkPad FRU 60Y3253 laptop alkatr\u00e9szekhez"},"content":{"rendered":"<p>Fokozza LENOVO ThinkPad vezet\u00e9k n\u00e9lk\u00fcli k\u00e9pess\u00e9geit az eredeti Centrino Advanced-N 6205 vezet\u00e9k n\u00e9lk\u00fcli k\u00e1rty\u00e1val. A gyors \u00e9s megb\u00edzhat\u00f3 vezet\u00e9k n\u00e9lk\u00fcli kapcsolat biztos\u00edt\u00e1s\u00e1ra tervezett eredeti cserek\u00e1rtya t\u00f6k\u00e9letes friss\u00edt\u00e9s laptopj\u00e1hoz.<\/p>\n<p>A fejlett technol\u00f3gi\u00e1val \u00e9s a LENOVO ThinkPad modellekkel val\u00f3 kompatibilit\u00e1s\u00e1val ez a Centrino Advanced-N 6205 vezet\u00e9k n\u00e9lk\u00fcli k\u00e1rtya z\u00f6kken\u0151mentes integr\u00e1ci\u00f3t \u00e9s optim\u00e1lis teljes\u00edtm\u00e9nyt biztos\u00edt. Ak\u00e1r HD tartalmat streamel, nagy f\u00e1jlokat t\u00f6lt le, ak\u00e1r online j\u00e1tszol, ez a vezet\u00e9k n\u00e9lk\u00fcli k\u00e1rtya biztos\u00edtja a sz\u00fcks\u00e9ges sebess\u00e9get \u00e9s megb\u00edzhat\u00f3s\u00e1got.<\/p>\n<p>K\u00f6nnyen telep\u00edthet\u0151 \u00e9s tart\u00f3s, ez a vezet\u00e9k n\u00e9lk\u00fcli k\u00e1rtyacsere probl\u00e9mamentes megold\u00e1st k\u00edn\u00e1l laptopja friss\u00edt\u00e9s\u00e9re. Strapab\u00edr\u00f3 fel\u00e9p\u00edt\u00e9s\u00e9nek \u00e9s megb\u00edzhat\u00f3 teljes\u00edtm\u00e9ny\u00e9nek k\u00f6sz\u00f6nhet\u0151en megb\u00edzhat abban, hogy LENOVO ThinkPadje a leg\u00fajabb vezet\u00e9k n\u00e9lk\u00fcli technol\u00f3gi\u00e1val lesz felszerelve.<\/p>\n<p>Tapasztalja meg azt a k\u00fcl\u00f6nbs\u00e9get, hogy az eredeti Centrino Advanced-N 6205 vezet\u00e9k n\u00e9lk\u00fcli k\u00e1rtya gyorsabb, megb\u00edzhat\u00f3bb vezet\u00e9k n\u00e9lk\u00fcli kapcsolatot tud l\u00e9trehozni, \u00e9s \u00e9lvezze a LENOVO ThinkPad eszk\u00f6z\u00e9t. Friss\u00edtsen magabiztosan, \u00e9s maradjon kapcsolatban, b\u00e1rhov\u00e1 is megy.<\/p>\n","protected":false},"excerpt":{"rendered":"<p>B\u0151v\u00edtse LENOVO ThinkPad vezet\u00e9k n\u00e9lk\u00fcli kapcsolat\u00e1t ezzel az eredeti Centrino Advanced-N 6205 vezet\u00e9k n\u00e9lk\u00fcli k\u00e1rty\u00e1val. A z\u00f6kken\u0151mentes integr\u00e1ci\u00f3ra \u00e9s a fokozott teljes\u00edtm\u00e9nyre tervezett kiv\u00e1l\u00f3 min\u0151s\u00e9g\u0171 k\u00e1rtyacsere t\u00f6k\u00e9letes megold\u00e1s laptopja friss\u00edt\u00e9si ig\u00e9nyeire.<\/p>\n","protected":false},"featured_media":8734,"template":"","meta":[],"product_brand":[],"product_cat":[27],"product_tag":[26],"class_list":{"0":"post-8672","1":"product","2":"type-product","3":"status-publish","4":"has-post-thumbnail","6":"product_cat-motherboards-board-parts","7":"product_tag-lenovo","9":"first","10":"instock","11":"taxable","12":"shipping-taxable","13":"purchasable","14":"product-type-simple"},"_links":{"self":[{"href":"https:\/\/boreait.com\/hu\/wp-json\/wp\/v2\/product\/8672","targetHints":{"allow":["GET"]}}],"collection":[{"href":"https:\/\/boreait.com\/hu\/wp-json\/wp\/v2\/product"}],"about":[{"href":"https:\/\/boreait.com\/hu\/wp-json\/wp\/v2\/types\/product"}],"wp:featuredmedia":[{"embeddable":true,"href":"https:\/\/boreait.com\/hu\/wp-json\/wp\/v2\/media\/8734"}],"wp:attachment":[{"href":"https:\/\/boreait.com\/hu\/wp-json\/wp\/v2\/media?parent=8672"}],"wp:term":[{"taxonomy":"product_brand","embeddable":true,"href":"https:\/\/boreait.com\/hu\/wp-json\/wp\/v2\/product_brand?post=8672"},{"taxonomy":"product_cat","embeddable":true,"href":"https:\/\/boreait.com\/hu\/wp-json\/wp\/v2\/product_cat?post=8672"},{"taxonomy":"product_tag","embeddable":true,"href":"https:\/\/boreait.com\/hu\/wp-json\/wp\/v2\/product_tag?post=8672"}],"curies":[{"name":"wp","href":"https:\/\/api.w.org\/{rel}","templated":true}]}}