{"id":8671,"date":"2025-09-17T12:11:01","date_gmt":"2025-09-17T10:11:01","guid":{"rendered":"https:\/\/boreait.com\/hu\/?post_type=product&#038;p=8671"},"modified":"2026-01-28T09:10:26","modified_gmt":"2026-01-28T08:10:26","slug":"eredeti-lcd-led-video-flex-kabel-lenovo-thinkpad-x220-x220i-x230-x230i-pn-50-4kh04-001-laptop-alkatreszek","status":"publish","type":"product","link":"https:\/\/boreait.com\/hu\/termek\/eredeti-lcd-led-video-flex-kabel-lenovo-thinkpad-x220-x220i-x230-x230i-pn-50-4kh04-001-laptop-alkatreszek\/","title":{"rendered":"Eredeti LCD LED Video Flex k\u00e1bel LENOVO ThinkPad X220 X220I X230 X230I PN: 50.4KH04.001 Laptop alkatr\u00e9szek"},"content":{"rendered":"<p>Fokozza LENOVO ThinkPad X220 vagy X230 vizu\u00e1lis \u00e9lm\u00e9ny\u00e9t az Eredeti LCD LED Video Flex k\u00e1bellel. A pontoss\u00e1g \u00e9s a kompatibilit\u00e1s szem el\u0151tt tart\u00e1s\u00e1val k\u00e9sz\u00fclt, ezt a rugalmas k\u00e1belcser\u00e9t \u00fagy tervezt\u00e9k, hogy z\u00f6kken\u0151mentesen illeszkedjen az \u00d6n k\u00e9sz\u00fcl\u00e9k\u00e9hez, \u00edgy biztos\u00edtva az optim\u00e1lis megjelen\u00edt\u00e9si teljes\u00edtm\u00e9nyt \u00e9s megb\u00edzhat\u00f3s\u00e1got.<\/p>\n<p>Eredeti LENOVO-min\u0151s\u00e9ggel rendelkez\u0151 flexibilis videok\u00e1bel t\u00f6k\u00e9letes megold\u00e1s laptopja kijelz\u0151j\u00e9nek eredeti \u00e1llapot\u00e1nak vissza\u00e1ll\u00edt\u00e1s\u00e1ra. Ak\u00e1r probl\u00e9m\u00e1kat tapasztal a jelenlegi k\u00e1bel\u00e9vel, ak\u00e1r egyszer\u0171en csak friss\u00edteni szeretne, ezt az eredeti cserealkatr\u00e9szt \u00fagy tervezt\u00e9k, hogy megfeleljen a legmagasabb min\u0151s\u00e9gi \u00e9s kompatibilit\u00e1si k\u00f6vetelm\u00e9nyeknek.<\/p>\n<p>K\u00f6nnyen telep\u00edthet\u0151 \u00e9s tart\u00f3san meg\u00e9p\u00edtett, ez a rugalmas videok\u00e1bel csere probl\u00e9mamentes megold\u00e1st k\u00edn\u00e1l laptopja jav\u00edt\u00e1si ig\u00e9nyeire. Strapab\u00edr\u00f3 fel\u00e9p\u00edt\u00e9s\u00e9nek \u00e9s megb\u00edzhat\u00f3 teljes\u00edtm\u00e9ny\u00e9nek k\u00f6sz\u00f6nhet\u0151en megb\u00edzhat abban, hogy LENOVO ThinkPad X220 vagy X230 ism\u00e9t \u00e9l\u00e9nk l\u00e1tv\u00e1nyt ny\u00fajt.<\/p>\n<p>Tapasztalja meg az eredeti LENOVO alkatr\u00e9szek \u00e1ltal ny\u00fajtott k\u00fcl\u00f6nbs\u00e9get, \u00e9s gondoskodjon arr\u00f3l, hogy laptopja tov\u00e1bbra is kiv\u00e9teles vizu\u00e1lis \u00e9lm\u00e9nyt ny\u00fajtson az Eredeti LCD LED Video Flex k\u00e1bellel. Rendelje meg saj\u00e1tj\u00e1t m\u00e9g ma, \u00e9s \u00e9lvezze az \u00e9les \u00e9s tiszta megjelen\u00edt\u00e9si min\u0151s\u00e9get magabiztosan.<\/p>\n","protected":false},"excerpt":{"rendered":"<p>Revitaliz\u00e1lja LENOVO ThinkPad X220 vagy X230 k\u00e9sz\u00fcl\u00e9k\u00e9t ezzel az eredeti LCD LED vide\u00f3 flex k\u00e1bellel. A z\u00f6kken\u0151mentes csatlakoztathat\u00f3s\u00e1g \u00e9s az \u00e9les megjelen\u00edt\u00e9si min\u0151s\u00e9g biztos\u00edt\u00e1s\u00e1ra tervezett kiv\u00e1l\u00f3 min\u0151s\u00e9g\u0171 k\u00e1belcsere egyszer\u0171en telep\u00edthet\u0151, \u00edgy t\u00f6k\u00e9letes megold\u00e1st jelent laptopja jav\u00edt\u00e1si ig\u00e9nyeire.<\/p>\n","protected":false},"featured_media":8733,"template":"","meta":[],"product_brand":[],"product_cat":[20],"product_tag":[26],"class_list":{"0":"post-8671","1":"product","2":"type-product","3":"status-publish","4":"has-post-thumbnail","6":"product_cat-cables","7":"product_tag-lenovo","9":"first","10":"instock","11":"taxable","12":"shipping-taxable","13":"purchasable","14":"product-type-simple"},"_links":{"self":[{"href":"https:\/\/boreait.com\/hu\/wp-json\/wp\/v2\/product\/8671","targetHints":{"allow":["GET"]}}],"collection":[{"href":"https:\/\/boreait.com\/hu\/wp-json\/wp\/v2\/product"}],"about":[{"href":"https:\/\/boreait.com\/hu\/wp-json\/wp\/v2\/types\/product"}],"wp:featuredmedia":[{"embeddable":true,"href":"https:\/\/boreait.com\/hu\/wp-json\/wp\/v2\/media\/8733"}],"wp:attachment":[{"href":"https:\/\/boreait.com\/hu\/wp-json\/wp\/v2\/media?parent=8671"}],"wp:term":[{"taxonomy":"product_brand","embeddable":true,"href":"https:\/\/boreait.com\/hu\/wp-json\/wp\/v2\/product_brand?post=8671"},{"taxonomy":"product_cat","embeddable":true,"href":"https:\/\/boreait.com\/hu\/wp-json\/wp\/v2\/product_cat?post=8671"},{"taxonomy":"product_tag","embeddable":true,"href":"https:\/\/boreait.com\/hu\/wp-json\/wp\/v2\/product_tag?post=8671"}],"curies":[{"name":"wp","href":"https:\/\/api.w.org\/{rel}","templated":true}]}}