{"id":8670,"date":"2025-09-17T12:11:00","date_gmt":"2025-09-17T10:11:00","guid":{"rendered":"https:\/\/boreait.com\/hu\/?post_type=product&#038;p=8670"},"modified":"2026-01-28T09:10:10","modified_gmt":"2026-01-28T08:10:10","slug":"eredeti-lenovo-thinkpad-x200-x200s-x201-x201i-x230-x230i-x220-x220-tablet-laptop-billentyuzet-hattervilagitas-60y3303-60y3305","status":"publish","type":"product","link":"https:\/\/boreait.com\/hu\/termek\/eredeti-lenovo-thinkpad-x200-x200s-x201-x201i-x230-x230i-x220-x220-tablet-laptop-billentyuzet-hattervilagitas-60y3303-60y3305\/","title":{"rendered":"Eredeti Lenovo ThinkPad X200 X200S X201 X201i X230 X230i X220 X220 Tablet Laptop BILLENTY\u0170ZET H\u00c1TT\u00c9RVIL\u00c1G\u00cdT\u00c1S 60Y3303 60Y3305"},"content":{"rendered":"<p>Fokozza a g\u00e9pel\u00e9si \u00e9lm\u00e9nyt, \u00e9s \u00e1ll\u00edtsa vissza Lenovo ThinkPad X200, X200S, X201, X201i, X230, X230i, X220 vagy X220 Tablet laptopja funkcionalit\u00e1s\u00e1t az Eredeti Lenovo ThinkPad X200 X200S X201 X2020 X201i X201i X201i X2010 Laptop BILLENTY\u0170ZET H\u00c1TT\u00c9RVIL\u00c1G\u00cdT\u00c1S 60Y3303 60Y3305. A prec\u00edzi\u00f3s \u00e9s megb\u00edzhat\u00f3s\u00e1gi szempontokat szem el\u0151tt tartva k\u00e9sz\u00fclt, ez a billenty\u0171zet h\u00e1tt\u00e9rvil\u00e1g\u00edt\u00e1s\u00fa csere t\u00f6k\u00e9letes megold\u00e1st k\u00edn\u00e1l laptopja jav\u00edt\u00e1si ig\u00e9nyeire.<\/p>\n<p>Az eredeti Lenovo min\u0151s\u00e9get k\u00edn\u00e1l\u00f3 billenty\u0171zet h\u00e1tt\u00e9rvil\u00e1g\u00edt\u00e1s\u00fa cser\u00e9je \u00fagy lett kialak\u00edtva, hogy z\u00f6kken\u0151mentesen kompatibilis legyen az \u00d6n laptopmodellj\u00e9vel, t\u00f6k\u00e9letes illeszked\u00e9st \u00e9s optim\u00e1lis teljes\u00edtm\u00e9nyt biztos\u00edtva. Ak\u00e1r egy s\u00e9r\u00fclt billenty\u0171zetet cser\u00e9l, ak\u00e1r h\u00e1tt\u00e9rvil\u00e1g\u00edt\u00e1s\u00fa opci\u00f3ra cser\u00e9li a jobb l\u00e1that\u00f3s\u00e1got gyenge f\u00e9nyviszonyok k\u00f6z\u00f6tt, ez az eredeti alkatr\u00e9sz megfelel a legmagasabb min\u0151s\u00e9gi \u00e9s tart\u00f3ss\u00e1gi k\u00f6vetelm\u00e9nyeknek.<\/p>\n<p>K\u00f6nnyen telep\u00edthet\u0151 \u00e9s tart\u00f3s, ez a h\u00e1tt\u00e9rvil\u00e1g\u00edt\u00e1s\u00fa billenty\u0171zet csere probl\u00e9mamentes megold\u00e1st k\u00edn\u00e1l laptopja friss\u00edt\u00e9s\u00e9re vagy jav\u00edt\u00e1s\u00e1ra. K\u00e9nyelmes g\u00e9pel\u00e9si \u00e9lm\u00e9ny\u00e9nek \u00e9s megb\u00edzhat\u00f3 teljes\u00edtm\u00e9ny\u00e9nek k\u00f6sz\u00f6nhet\u0151en megb\u00edzhat abban, hogy Lenovo ThinkPad laptopja pillanatok alatt z\u00f6kken\u0151mentesen \u00fczemel.<\/p>\n<p>Tapasztalja meg az eredeti Lenovo alkatr\u00e9szek \u00e1ltal ny\u00fajtott k\u00fcl\u00f6nbs\u00e9get, \u00e9s gondoskodjon arr\u00f3l, hogy laptopja tov\u00e1bbra is megfeleljen termel\u00e9kenys\u00e9gi ig\u00e9nyeinek az Eredeti Lenovo ThinkPad X200 X200S X201 X201i X230 X230i X220 X220 Tablet Laptop BILLENTY\u0170ZET H\u00c1TT\u00c9RVIL\u00c1G\u00cdT\u00c1SA 60Y333330. Rendelje meg saj\u00e1tj\u00e1t m\u00e9g ma, \u00e9s \u00e9lvezze a hat\u00e9kony \u00e9s k\u00e9nyelmes g\u00e9pel\u00e9st magabiztosan.<\/p>\n","protected":false},"excerpt":{"rendered":"<p>Friss\u00edtse Lenovo ThinkPad X200, X200S, X201, X201i, X230, X230i, X220 vagy X220 Tablet laptopj\u00e1t ezzel az eredeti billenty\u0171zet h\u00e1tt\u00e9rvil\u00e1g\u00edt\u00e1s\u00fa cser\u00e9vel. A kompatibilit\u00e1s \u00e9s az egyszer\u0171 telep\u00edt\u00e9s \u00e9rdek\u00e9ben ez a kiv\u00e1l\u00f3 min\u0151s\u00e9g\u0171 alkatr\u00e9sz k\u00e9nyelmes \u00e9s hat\u00e9kony g\u00e9pel\u00e9st biztos\u00edt laptopja sz\u00e1m\u00e1ra.<\/p>\n","protected":false},"featured_media":8731,"template":"","meta":[],"product_brand":[],"product_cat":[27],"product_tag":[26],"class_list":{"0":"post-8670","1":"product","2":"type-product","3":"status-publish","4":"has-post-thumbnail","6":"product_cat-motherboards-board-parts","7":"product_tag-lenovo","9":"first","10":"instock","11":"taxable","12":"shipping-taxable","13":"purchasable","14":"product-type-simple"},"_links":{"self":[{"href":"https:\/\/boreait.com\/hu\/wp-json\/wp\/v2\/product\/8670","targetHints":{"allow":["GET"]}}],"collection":[{"href":"https:\/\/boreait.com\/hu\/wp-json\/wp\/v2\/product"}],"about":[{"href":"https:\/\/boreait.com\/hu\/wp-json\/wp\/v2\/types\/product"}],"wp:featuredmedia":[{"embeddable":true,"href":"https:\/\/boreait.com\/hu\/wp-json\/wp\/v2\/media\/8731"}],"wp:attachment":[{"href":"https:\/\/boreait.com\/hu\/wp-json\/wp\/v2\/media?parent=8670"}],"wp:term":[{"taxonomy":"product_brand","embeddable":true,"href":"https:\/\/boreait.com\/hu\/wp-json\/wp\/v2\/product_brand?post=8670"},{"taxonomy":"product_cat","embeddable":true,"href":"https:\/\/boreait.com\/hu\/wp-json\/wp\/v2\/product_cat?post=8670"},{"taxonomy":"product_tag","embeddable":true,"href":"https:\/\/boreait.com\/hu\/wp-json\/wp\/v2\/product_tag?post=8670"}],"curies":[{"name":"wp","href":"https:\/\/api.w.org\/{rel}","templated":true}]}}