{"id":8659,"date":"2025-09-17T12:10:36","date_gmt":"2025-09-17T10:10:36","guid":{"rendered":"https:\/\/boreait.com\/hu\/?post_type=product&#038;p=8659"},"modified":"2026-01-28T09:09:51","modified_gmt":"2026-01-28T08:09:51","slug":"h5321-lenovo-thinkpad-x220-t430-wwan-3g-umts-hsdp-laptop-alkatreszek","status":"publish","type":"product","link":"https:\/\/boreait.com\/hu\/termek\/h5321-lenovo-thinkpad-x220-t430-wwan-3g-umts-hsdp-laptop-alkatreszek\/","title":{"rendered":"H5321 Lenovo ThinkPad X220 T430 WWAN 3G UMTS HSDP laptop alkatr\u00e9szek"},"content":{"rendered":"<p>Friss\u00edtse Lenovo ThinkPad X220 vagy T430 laptopj\u00e1t a H5321 WWAN 3G UMTS HSDP modullal, \u00e9s \u00e9lvezze a nagy sebess\u00e9g\u0171 internetkapcsolatot, b\u00e1rhov\u00e1 is megy. A z\u00f6kken\u0151mentes integr\u00e1ci\u00f3ra \u00e9s megb\u00edzhat\u00f3 teljes\u00edtm\u00e9nyre tervezett modul lehet\u0151v\u00e9 teszi, hogy \u00fatk\u00f6zben is kapcsolatban maradjon a gyors 3G internet-hozz\u00e1f\u00e9r\u00e9ssel.<\/p>\n<p>Ak\u00e1r munka miatt utazik, ak\u00e1r egyszer\u0171en internet-hozz\u00e1f\u00e9r\u00e9sre van sz\u00fcks\u00e9ge, mik\u00f6zben t\u00e1vol van a Wi-Fi hotspotokt\u00f3l, ez a WWAN-modul k\u00e9nyelmes megold\u00e1st k\u00edn\u00e1l az internet el\u00e9r\u00e9s\u00e9hez gyakorlatilag b\u00e1rhonnan. Plug-and-play telep\u00edt\u00e9s\u00e9nek k\u00f6sz\u00f6nhet\u0151en gyorsan \u00e9s egyszer\u0171en friss\u00edtheti laptopj\u00e1t 3G-kapcsolatra, \u00edgy pillanatok alatt \u00e9lvezheti a mobilinternet-hozz\u00e1f\u00e9r\u00e9s el\u0151nyeit.<\/p>\n<p>Tapasztalja meg a Lenovo ThinkPad X220 \u00e9s T430 laptopokhoz k\u00e9sz\u00fclt H5321 WWAN 3G UMTS HSDP modullal az \u00fatk\u00f6zbeni kapcsolattart\u00e1s szabads\u00e1g\u00e1t \u00e9s k\u00e9nyelm\u00e9t. Rendelje meg saj\u00e1tj\u00e1t m\u00e9g ma, \u00e9s \u00e9lvezze a megb\u00edzhat\u00f3 internet-hozz\u00e1f\u00e9r\u00e9st, b\u00e1rhov\u00e1 is viszi kalandjai.<\/p>\n","protected":false},"excerpt":{"rendered":"<p>B\u0151v\u00edtse Lenovo ThinkPad X220 vagy T430 k\u00e9sz\u00fcl\u00e9k\u00e9t nagy sebess\u00e9g\u0171 WWAN-kapcsolattal ezzel a H5321 3G UMTS HSDP modullal. Friss\u00edtse laptopj\u00e1t, hogy \u00fatk\u00f6zben is kapcsolatban maradjon a megb\u00edzhat\u00f3 3G internet-hozz\u00e1f\u00e9r\u00e9ssel, b\u00e1rhol is van.<\/p>\n","protected":false},"featured_media":8729,"template":"","meta":[],"product_brand":[],"product_cat":[27],"product_tag":[26],"class_list":{"0":"post-8659","1":"product","2":"type-product","3":"status-publish","4":"has-post-thumbnail","6":"product_cat-motherboards-board-parts","7":"product_tag-lenovo","9":"first","10":"instock","11":"taxable","12":"shipping-taxable","13":"purchasable","14":"product-type-simple"},"_links":{"self":[{"href":"https:\/\/boreait.com\/hu\/wp-json\/wp\/v2\/product\/8659","targetHints":{"allow":["GET"]}}],"collection":[{"href":"https:\/\/boreait.com\/hu\/wp-json\/wp\/v2\/product"}],"about":[{"href":"https:\/\/boreait.com\/hu\/wp-json\/wp\/v2\/types\/product"}],"wp:featuredmedia":[{"embeddable":true,"href":"https:\/\/boreait.com\/hu\/wp-json\/wp\/v2\/media\/8729"}],"wp:attachment":[{"href":"https:\/\/boreait.com\/hu\/wp-json\/wp\/v2\/media?parent=8659"}],"wp:term":[{"taxonomy":"product_brand","embeddable":true,"href":"https:\/\/boreait.com\/hu\/wp-json\/wp\/v2\/product_brand?post=8659"},{"taxonomy":"product_cat","embeddable":true,"href":"https:\/\/boreait.com\/hu\/wp-json\/wp\/v2\/product_cat?post=8659"},{"taxonomy":"product_tag","embeddable":true,"href":"https:\/\/boreait.com\/hu\/wp-json\/wp\/v2\/product_tag?post=8659"}],"curies":[{"name":"wp","href":"https:\/\/api.w.org\/{rel}","templated":true}]}}