{"id":8658,"date":"2025-09-17T12:10:35","date_gmt":"2025-09-17T10:10:35","guid":{"rendered":"https:\/\/boreait.com\/hu\/?post_type=product&#038;p=8658"},"modified":"2026-01-28T09:09:35","modified_gmt":"2026-01-28T08:09:35","slug":"sk-hynix-4-gb-ddr3-1600-cas-11-memoria-hmt451s6afr8c-pb-laptop-ram-single-rank-x8-pc3-12800s","status":"publish","type":"product","link":"https:\/\/boreait.com\/hu\/termek\/sk-hynix-4-gb-ddr3-1600-cas-11-memoria-hmt451s6afr8c-pb-laptop-ram-single-rank-x8-pc3-12800s\/","title":{"rendered":"SK Hynix 4 GB DDR3-1600 CAS-11 mem\u00f3ria HMT451S6AFR8C-PB laptop RAM Single Rank x8 PC3-12800S"},"content":{"rendered":"<p>N\u00f6velje laptopja teljes\u00edtm\u00e9ny\u00e9t \u00e9s t\u00f6bbfeladatos k\u00e9pess\u00e9geit az SK Hynix 4 GB DDR3-1600 CAS-11 mem\u00f3riamodullal. A modern sz\u00e1m\u00edt\u00e1stechnika ig\u00e9nyeinek megfelel\u0151en kialak\u00edtott kiv\u00e1l\u00f3 min\u0151s\u00e9g\u0171 RAM modul t\u00f6k\u00e9letes egyens\u00falyt k\u00edn\u00e1l a sebess\u00e9g, a megb\u00edzhat\u00f3s\u00e1g \u00e9s a megfizethet\u0151s\u00e9g k\u00f6z\u00f6tt.<\/p>\n<p>A 4 GB-os kapacit\u00e1ssal \u00e9s DDR3-1600 sebess\u00e9ggel rendelkez\u0151 mem\u00f3riamodul k\u00f6nnyed\u00e9n k\u00e9pes kezelni az intenz\u00edv feladatokat \u00e9s alkalmaz\u00e1sokat. Legyen sz\u00f3 j\u00e1t\u00e9kr\u00f3l, multim\u00e9di\u00e1s tartalmak streamel\u00e9s\u00e9r\u0151l vagy t\u00f6bb alkalmaz\u00e1s egyidej\u0171 futtat\u00e1s\u00e1r\u00f3l, ez a mem\u00f3riamodul z\u00f6kken\u0151mentes \u00e9s \u00e9rz\u00e9keny teljes\u00edtm\u00e9nyt biztos\u00edt.<\/p>\n<p>A 11-es CAS-k\u00e9sleltet\u00e9ssel \u00e9s az egyrang\u00fa x8-as konfigur\u00e1ci\u00f3val ez a mem\u00f3riamodul gyors adathozz\u00e1f\u00e9r\u00e9st \u00e9s hat\u00e9kony adatfeldolgoz\u00e1st tesz lehet\u0151v\u00e9, lehet\u0151v\u00e9 t\u00e9ve a gyorsabb rendszerind\u00edt\u00e1si id\u0151t, a jobb rendszer v\u00e1laszk\u00e9szs\u00e9g\u00e9t \u00e9s a cs\u00f6kkentett k\u00e9sleltet\u00e9st az ig\u00e9nyes feladatok sor\u00e1n.<\/p>\n<p>A telep\u00edt\u00e9s gyors \u00e9s egyszer\u0171, k\u00e9nyelmess\u00e9 teszi laptopja mem\u00f3ri\u00e1j\u00e1nak b\u0151v\u00edt\u00e9s\u00e9t \u00e9s teljes potenci\u00e1lj\u00e1nak kiakn\u00e1z\u00e1s\u00e1t. Egyszer\u0171en telep\u00edtse az SK Hynix 4 GB DDR3-1600 CAS-11 mem\u00f3riamodult egy szabad mem\u00f3riahelyre, \u00e9s \u00e9lvezze az azonnali teljes\u00edtm\u00e9nyn\u00f6veked\u00e9st.<\/p>\n<p>B\u0151v\u00edtse laptopja mem\u00f3ri\u00e1j\u00e1t m\u00e9g ma az SK Hynix 4 GB DDR3-1600 CAS-11 mem\u00f3riamodullal, \u00e9s tapasztalja meg a gyorsabb sebess\u00e9get, a sim\u00e1bb t\u00f6bbfeladatos munk\u00e1t \u00e9s a jobb \u00e1ltal\u00e1nos teljes\u00edtm\u00e9nyt. Rendeljen most, \u00e9s emelje sz\u00e1m\u00edt\u00f3g\u00e9pes tapasztalat\u00e1t a k\u00f6vetkez\u0151 szintre.<\/p>\n","protected":false},"excerpt":{"rendered":"<p>N\u00f6velje laptopja teljes\u00edtm\u00e9ny\u00e9t ezzel az SK Hynix 4 GB DDR3-1600 CAS-11 mem\u00f3riamodullal. Ez a z\u00f6kken\u0151mentes kompatibilit\u00e1sra \u00e9s megb\u00edzhat\u00f3 teljes\u00edtm\u00e9nyre tervezett egyrang\u00fa x8 PC3-12800S RAM modul ide\u00e1lis megold\u00e1s a rendszer sebess\u00e9g\u00e9nek \u00e9s v\u00e1laszk\u00e9szs\u00e9g\u00e9nek n\u00f6vel\u00e9s\u00e9re.<\/p>\n","protected":false},"featured_media":8717,"template":"","meta":[],"product_brand":[],"product_cat":[37,36],"product_tag":[],"class_list":{"0":"post-8658","1":"product","2":"type-product","3":"status-publish","4":"has-post-thumbnail","6":"product_cat-ddr3-ddr3l","7":"product_cat-ram-memory","9":"first","10":"instock","11":"taxable","12":"shipping-taxable","13":"purchasable","14":"product-type-simple"},"_links":{"self":[{"href":"https:\/\/boreait.com\/hu\/wp-json\/wp\/v2\/product\/8658","targetHints":{"allow":["GET"]}}],"collection":[{"href":"https:\/\/boreait.com\/hu\/wp-json\/wp\/v2\/product"}],"about":[{"href":"https:\/\/boreait.com\/hu\/wp-json\/wp\/v2\/types\/product"}],"wp:featuredmedia":[{"embeddable":true,"href":"https:\/\/boreait.com\/hu\/wp-json\/wp\/v2\/media\/8717"}],"wp:attachment":[{"href":"https:\/\/boreait.com\/hu\/wp-json\/wp\/v2\/media?parent=8658"}],"wp:term":[{"taxonomy":"product_brand","embeddable":true,"href":"https:\/\/boreait.com\/hu\/wp-json\/wp\/v2\/product_brand?post=8658"},{"taxonomy":"product_cat","embeddable":true,"href":"https:\/\/boreait.com\/hu\/wp-json\/wp\/v2\/product_cat?post=8658"},{"taxonomy":"product_tag","embeddable":true,"href":"https:\/\/boreait.com\/hu\/wp-json\/wp\/v2\/product_tag?post=8658"}],"curies":[{"name":"wp","href":"https:\/\/api.w.org\/{rel}","templated":true}]}}