{"id":8657,"date":"2025-09-17T12:10:35","date_gmt":"2025-09-17T10:10:35","guid":{"rendered":"https:\/\/boreait.com\/hu\/?post_type=product&#038;p=8657"},"modified":"2026-01-28T09:09:20","modified_gmt":"2026-01-28T08:09:20","slug":"eredeti-hynix-4gb-pc3-12800-ddr3-1600mhz-nem-ecc-puffereletlen-ram-laptop-memoriamodul","status":"publish","type":"product","link":"https:\/\/boreait.com\/hu\/termek\/eredeti-hynix-4gb-pc3-12800-ddr3-1600mhz-nem-ecc-puffereletlen-ram-laptop-memoriamodul\/","title":{"rendered":"Eredeti Hynix 4GB PC3-12800 DDR3 1600MHz, nem ECC puffereletlen RAM laptop mem\u00f3riamodul"},"content":{"rendered":"<p>N\u00f6velje laptopja teljes\u00edtm\u00e9ny\u00e9t \u00e9s t\u00f6bbfeladatos k\u00e9pess\u00e9geit az Eredeti Hynix 4 GB-os PC3-12800 DDR3 1600 MHz-es, nem ECC puffereletlen RAM laptop mem\u00f3riamodullal. A megb\u00edzhat\u00f3s\u00e1got \u00e9s a kompatibilit\u00e1st szem el\u0151tt tartva tervezt\u00e9k, ezt a kiv\u00e1l\u00f3 min\u0151s\u00e9g\u0171 mem\u00f3riab\u0151v\u00edt\u00e9st \u00fagy tervezt\u00e9k, hogy z\u00f6kken\u0151mentes teljes\u00edtm\u00e9nyt \u00e9s jobb v\u00e1laszk\u00e9szs\u00e9get biztos\u00edtson a sz\u00e1m\u00edt\u00e1stechnikai \u00e9lm\u00e9nyhez.<\/p>\n<p>A 4 GB-os kapacit\u00e1ssal \u00e9s 1600 MHz-es sebess\u00e9ggel rendelkez\u0151 Hynix DDR3 RAM modul z\u00f6kken\u0151mentes \u00e9s hat\u00e9kony m\u0171k\u00f6d\u00e9st biztos\u00edt, ak\u00e1r az interneten b\u00f6ng\u00e9szik, ak\u00e1r multim\u00e9di\u00e1s tartalmat streamel, ak\u00e1r intenz\u00edv alkalmaz\u00e1sokat futtat. Nem ECC puffermentes kialak\u00edt\u00e1s\u00e1nak k\u00f6sz\u00f6nhet\u0151en ide\u00e1lis mindennapi haszn\u00e1latra, \u00e9s sz\u00e1mos laptopmodellel kompatibilis.<\/p>\n<p>Magabiztosan friss\u00edtse laptopj\u00e1t, tudva, hogy az eredeti Hynix min\u0151s\u00e9gbe fektet be. A Hynix kiv\u00e1l\u00f3 h\u00edrnev\u00e9nek k\u00f6sz\u00f6nhet\u0151en ez a RAM modul szigor\u00fa tesztel\u00e9sen megy kereszt\u00fcl a megb\u00edzhat\u00f3s\u00e1g \u00e9s a teljes\u00edtm\u00e9ny egys\u00e9gess\u00e9g\u00e9nek biztos\u00edt\u00e1sa \u00e9rdek\u00e9ben. R\u00e1ad\u00e1sul az egyszer\u0171 telep\u00edt\u00e9si folyamatnak k\u00f6sz\u00f6nhet\u0151en pillanatok alatt \u00e9lvezheti a megn\u00f6velt rendszersebess\u00e9g \u00e9s v\u00e1laszk\u00e9szs\u00e9g el\u0151nyeit.<\/p>\n<p>Tapasztalja meg a gyorsabb rendszerind\u00edt\u00e1si id\u0151t, a sim\u00e1bb t\u00f6bbfeladatos munkav\u00e9gz\u00e9st \u00e9s a megn\u00f6velt \u00e1ltal\u00e1nos teljes\u00edtm\u00e9nyt az Eredeti Hynix 4 GB PC3-12800 DDR3 1600 MHz, nem ECC pufferelt RAM laptop mem\u00f3riamodullal. Friss\u00edtse laptopj\u00e1t m\u00e9g ma, \u00e9s emelje sz\u00e1m\u00edt\u00f3g\u00e9pes \u00e9lm\u00e9ny\u00e9t a k\u00f6vetkez\u0151 szintre.<\/p>\n","protected":false},"excerpt":{"rendered":"<p>N\u00f6velje laptopja teljes\u00edtm\u00e9ny\u00e9t ezzel az eredeti Hynix 4 GB-os PC3-12800 DDR3 1600 MHz-es, nem ECC puffereletlen RAM modullal. A megb\u00edzhat\u00f3s\u00e1gra \u00e9s kompatibilit\u00e1sra tervezett kiv\u00e1l\u00f3 min\u0151s\u00e9g\u0171 mem\u00f3riab\u0151v\u00edt\u00e9s egyszer\u0171 \u00e9s k\u00f6lts\u00e9ghat\u00e9kony m\u00f3dja a rendszer sebess\u00e9g\u00e9nek \u00e9s t\u00f6bbfeladatos k\u00e9pess\u00e9geinek n\u00f6vel\u00e9s\u00e9nek.<\/p>\n","protected":false},"featured_media":8716,"template":"","meta":[],"product_brand":[],"product_cat":[37,36],"product_tag":[],"class_list":{"0":"post-8657","1":"product","2":"type-product","3":"status-publish","4":"has-post-thumbnail","6":"product_cat-ddr3-ddr3l","7":"product_cat-ram-memory","9":"first","10":"instock","11":"taxable","12":"shipping-taxable","13":"purchasable","14":"product-type-simple"},"_links":{"self":[{"href":"https:\/\/boreait.com\/hu\/wp-json\/wp\/v2\/product\/8657","targetHints":{"allow":["GET"]}}],"collection":[{"href":"https:\/\/boreait.com\/hu\/wp-json\/wp\/v2\/product"}],"about":[{"href":"https:\/\/boreait.com\/hu\/wp-json\/wp\/v2\/types\/product"}],"wp:featuredmedia":[{"embeddable":true,"href":"https:\/\/boreait.com\/hu\/wp-json\/wp\/v2\/media\/8716"}],"wp:attachment":[{"href":"https:\/\/boreait.com\/hu\/wp-json\/wp\/v2\/media?parent=8657"}],"wp:term":[{"taxonomy":"product_brand","embeddable":true,"href":"https:\/\/boreait.com\/hu\/wp-json\/wp\/v2\/product_brand?post=8657"},{"taxonomy":"product_cat","embeddable":true,"href":"https:\/\/boreait.com\/hu\/wp-json\/wp\/v2\/product_cat?post=8657"},{"taxonomy":"product_tag","embeddable":true,"href":"https:\/\/boreait.com\/hu\/wp-json\/wp\/v2\/product_tag?post=8657"}],"curies":[{"name":"wp","href":"https:\/\/api.w.org\/{rel}","templated":true}]}}