{"id":8655,"date":"2025-09-17T12:10:35","date_gmt":"2025-09-17T10:10:35","guid":{"rendered":"https:\/\/boreait.com\/hu\/?post_type=product&#038;p=8655"},"modified":"2026-01-28T09:08:59","modified_gmt":"2026-01-28T08:08:59","slug":"laptop-lcd-csuklopantok-lenovo-thinkpad-x220-x220i-x230-x230i-lcd-csuklopantok-kepernyo-alkatreszei","status":"publish","type":"product","link":"https:\/\/boreait.com\/hu\/termek\/laptop-lcd-csuklopantok-lenovo-thinkpad-x220-x220i-x230-x230i-lcd-csuklopantok-kepernyo-alkatreszei\/","title":{"rendered":"Laptop LCD csukl\u00f3p\u00e1ntok Lenovo ThinkPad X220 X220i X230 X230i LCD csukl\u00f3p\u00e1ntok k\u00e9perny\u0151 alkatr\u00e9szei"},"content":{"rendered":"<p>N\u00f6velje Lenovo ThinkPad X220, X220i, X230 vagy X230i laptopja tart\u00f3ss\u00e1g\u00e1t \u00e9s teljes\u00edtm\u00e9ny\u00e9t ezekkel a pr\u00e9mium Laptop LCD csukl\u00f3p\u00e1ntokkal. A pontos specifik\u00e1ci\u00f3knak megfelel\u0151en kialak\u00edtott zsan\u00e9rokat \u00fagy alak\u00edtott\u00e1k ki, hogy t\u00f6k\u00e9letesen illeszkedjenek \u00e9s z\u00f6kken\u0151mentesen illeszkedjenek a k\u00e9sz\u00fcl\u00e9khez.<\/p>\n<p>Ha a laptop k\u00e9perny\u0151je ingatag vagy nem marad a hely\u00e9n, akkor ideje lehet kicser\u00e9lni a zsan\u00e9rokat. M\u00e1rk\u00e1s zsan\u00e9rjaink megb\u00edzhat\u00f3 megold\u00e1st k\u00edn\u00e1lnak, biztos\u00edtva, hogy k\u00e9perny\u0151je haszn\u00e1lat k\u00f6zben is stabil \u00e9s biztons\u00e1gos maradjon. Mondjon b\u00facs\u00fat a k\u00e9perny\u0151 ingadoz\u00e1s\u00e1nak, \u00e9s \u00e9lvezze a sim\u00e1bb felhaszn\u00e1l\u00f3i \u00e9lm\u00e9nyt ezekkel a kiv\u00e1l\u00f3 min\u0151s\u00e9g\u0171 zsan\u00e9rokkal.<\/p>\n<p>A beszerel\u00e9s egyszer\u0171 \u00e9s egy\u00e9rtelm\u0171, lehet\u0151v\u00e9 t\u00e9ve a zsan\u00e9rok saj\u00e1t cser\u00e9j\u00e9t an\u00e9lk\u00fcl, hogy szakember seg\u00edts\u00e9g\u00e9re lenne sz\u00fcks\u00e9ge. \u00c1ll\u00edtsa vissza laptopja k\u00e9perny\u0151j\u00e9t eredeti \u00e1llapot\u00e1ba, \u00e9s hosszabb\u00edtsa meg \u00e9lettartam\u00e1t ezekkel a tart\u00f3s LCD zsan\u00e9rokkal.<\/p>\n<p>Fekessen be Lenovo ThinkPad laptopja hossz\u00fa \u00e9lettartam\u00e1ba, \u00e9s tartsa fenn a funkcionalit\u00e1s\u00e1t ezekkel a laptop LCD csukl\u00f3p\u00e1ntokkal. Rendelje meg most, \u00e9s adja meg laptopj\u00e1nak a meg\u00e9rdemelt friss\u00edt\u00e9st.<\/p>\n","protected":false},"excerpt":{"rendered":"<p>Cser\u00e9lje ki s\u00e9r\u00fclt vagy elhaszn\u00e1l\u00f3dott laptop LCD zsan\u00e9rjait ezekkel a m\u00e1rk\u00e1j\u00fa, Lenovo ThinkPad X220, X220i, X230 \u00e9s X230i modellekhez tervezett zsan\u00e9rokkal. K\u00f6nnyed\u00e9n \u00e1ll\u00edthatja vissza laptopja k\u00e9perny\u0151j\u00e9nek stabilit\u00e1s\u00e1t \u00e9s funkcionalit\u00e1s\u00e1t.<\/p>\n","protected":false},"featured_media":8714,"template":"","meta":[],"product_brand":[],"product_cat":[19],"product_tag":[26],"class_list":{"0":"post-8655","1":"product","2":"type-product","3":"status-publish","4":"has-post-thumbnail","6":"product_cat-screen-hinge","7":"product_tag-lenovo","9":"first","10":"instock","11":"taxable","12":"shipping-taxable","13":"purchasable","14":"product-type-simple"},"_links":{"self":[{"href":"https:\/\/boreait.com\/hu\/wp-json\/wp\/v2\/product\/8655","targetHints":{"allow":["GET"]}}],"collection":[{"href":"https:\/\/boreait.com\/hu\/wp-json\/wp\/v2\/product"}],"about":[{"href":"https:\/\/boreait.com\/hu\/wp-json\/wp\/v2\/types\/product"}],"wp:featuredmedia":[{"embeddable":true,"href":"https:\/\/boreait.com\/hu\/wp-json\/wp\/v2\/media\/8714"}],"wp:attachment":[{"href":"https:\/\/boreait.com\/hu\/wp-json\/wp\/v2\/media?parent=8655"}],"wp:term":[{"taxonomy":"product_brand","embeddable":true,"href":"https:\/\/boreait.com\/hu\/wp-json\/wp\/v2\/product_brand?post=8655"},{"taxonomy":"product_cat","embeddable":true,"href":"https:\/\/boreait.com\/hu\/wp-json\/wp\/v2\/product_cat?post=8655"},{"taxonomy":"product_tag","embeddable":true,"href":"https:\/\/boreait.com\/hu\/wp-json\/wp\/v2\/product_tag?post=8655"}],"curies":[{"name":"wp","href":"https:\/\/api.w.org\/{rel}","templated":true}]}}