{"id":8654,"date":"2025-09-17T12:10:35","date_gmt":"2025-09-17T10:10:35","guid":{"rendered":"https:\/\/boreait.com\/hu\/?post_type=product&#038;p=8654"},"modified":"2026-01-27T20:13:23","modified_gmt":"2026-01-27T19:13:23","slug":"ibm-lenovo-thinkpad-x220-x230-x220i-x230i-hdd-caddy-burkolat-2-hasznalt-gumisin","status":"publish","type":"product","link":"https:\/\/boreait.com\/hu\/termek\/ibm-lenovo-thinkpad-x220-x230-x220i-x230i-hdd-caddy-burkolat-2-hasznalt-gumisin\/","title":{"rendered":"IBM Lenovo ThinkPad X220 X230 X220i X230i HDD Caddy burkolat + 2 haszn\u00e1lt gumis\u00edn"},"content":{"rendered":"<p>Friss\u00edtse vagy cser\u00e9lje ki IBM Lenovo ThinkPad X220 vagy X230 merevlemez-h\u00e1z\u00e1t erre a haszn\u00e1lt HDD Caddy Cover-re \u00e9s 2 gumis\u00ednre. Az X220, X230, X220i \u00e9s X230i modellekkel kompatibilis k\u00e9szlet lehet\u0151v\u00e9 teszi laptopja t\u00e1rol\u00f3kapacit\u00e1s\u00e1nak egyszer\u0171 n\u00f6vel\u00e9s\u00e9t.<\/p>\n<p>F\u0151bb jellemz\u0151k:<\/p>\n<p>&#8211; Eredeti IBM Lenovo csere: Biztos\u00edtsa a kompatibilit\u00e1st \u00e9s a megb\u00edzhat\u00f3s\u00e1got az eredeti alkatr\u00e9szekkel.<\/p>\n<p>&#8211; K\u00f6nny\u0171 telep\u00edt\u00e9s: Egyszer\u0171 telep\u00edt\u00e9ssel k\u00f6nnyed\u00e9n b\u0151v\u00edtheti laptopja t\u00e1rhely\u00e9t.<\/p>\n<p>&#8211; Kompatibilis modellek: X220, X230, X220i \u00e9s X230i laptopokhoz tervezt\u00e9k.<\/p>\n<p>&#8211; 2 gumis\u00ednt tartalmaz: Teljes k\u00e9szlet a merevlemez r\u00f6gz\u00edt\u00e9s\u00e9hez.<\/p>\n<p>K\u00e9rj\u00fck, vegye figyelembe, hogy ezek az alkatr\u00e9szek haszn\u00e1lat k\u00f6zben kop\u00e1s jeleit mutathatj\u00e1k. A m\u0171k\u00f6d\u0151k\u00e9pess\u00e9g\u00fcket azonban tesztelt\u00e9k, \u00e9s garant\u00e1ltan megfelel\u0151en m\u0171k\u00f6dnek. Ha b\u00e1rmilyen k\u00e9rd\u00e9se van, vagy seg\u00edts\u00e9gre van sz\u00fcks\u00e9ge, ne habozzon kapcsolatba l\u00e9pni vel\u00fcnk. Az\u00e9rt vagyunk itt, hogy seg\u00edts\u00fcnk a ThinkPad t\u00e1rol\u00e1si k\u00e9pess\u00e9geinek b\u0151v\u00edt\u00e9s\u00e9ben.<\/p>\n","protected":false},"excerpt":{"rendered":"<p>B\u0151v\u00edtse IBM Lenovo ThinkPad X220 vagy X230 t\u00e1rhely\u00e9t ezzel a haszn\u00e1lt HDD Caddy Coverrel \u00e9s 2 gumis\u00ednnel. T\u00f6k\u00e9letes a laptop merevlemez-h\u00e1z\u00e1nak b\u0151v\u00edt\u00e9s\u00e9hez vagy cser\u00e9j\u00e9hez. Kompatibilis az X220, X230, X220i \u00e9s X230i modellekkel.<\/p>\n","protected":false},"featured_media":8713,"template":"","meta":[],"product_brand":[],"product_cat":[16],"product_tag":[26],"class_list":{"0":"post-8654","1":"product","2":"type-product","3":"status-publish","4":"has-post-thumbnail","6":"product_cat-laptop-housing","7":"product_tag-lenovo","9":"first","10":"instock","11":"taxable","12":"shipping-taxable","13":"purchasable","14":"product-type-simple"},"_links":{"self":[{"href":"https:\/\/boreait.com\/hu\/wp-json\/wp\/v2\/product\/8654","targetHints":{"allow":["GET"]}}],"collection":[{"href":"https:\/\/boreait.com\/hu\/wp-json\/wp\/v2\/product"}],"about":[{"href":"https:\/\/boreait.com\/hu\/wp-json\/wp\/v2\/types\/product"}],"wp:featuredmedia":[{"embeddable":true,"href":"https:\/\/boreait.com\/hu\/wp-json\/wp\/v2\/media\/8713"}],"wp:attachment":[{"href":"https:\/\/boreait.com\/hu\/wp-json\/wp\/v2\/media?parent=8654"}],"wp:term":[{"taxonomy":"product_brand","embeddable":true,"href":"https:\/\/boreait.com\/hu\/wp-json\/wp\/v2\/product_brand?post=8654"},{"taxonomy":"product_cat","embeddable":true,"href":"https:\/\/boreait.com\/hu\/wp-json\/wp\/v2\/product_cat?post=8654"},{"taxonomy":"product_tag","embeddable":true,"href":"https:\/\/boreait.com\/hu\/wp-json\/wp\/v2\/product_tag?post=8654"}],"curies":[{"name":"wp","href":"https:\/\/api.w.org\/{rel}","templated":true}]}}