{"id":8652,"date":"2025-09-17T12:10:34","date_gmt":"2025-09-17T10:10:34","guid":{"rendered":"https:\/\/boreait.com\/hu\/?post_type=product&#038;p=8652"},"modified":"2025-09-17T12:11:39","modified_gmt":"2025-09-17T10:11:39","slug":"eredeti-lenovo-thinkpad-x230-erintopad-lapos-kabellel-60-4kh27-012b02","status":"publish","type":"product","link":"https:\/\/boreait.com\/hu\/termek\/eredeti-lenovo-thinkpad-x230-erintopad-lapos-kabellel-60-4kh27-012b02\/","title":{"rendered":"Eredeti Lenovo ThinkPad X230 \u00e9rint\u0151pad lapos k\u00e1bellel 60.4KH27.012B02"},"content":{"rendered":"<p>Fokozza Lenovo ThinkPad X230 laptopja funkcionalit\u00e1s\u00e1t a 60.4KH27.012B02 cikksz\u00e1m\u00fa eredeti \u00e9rint\u0151paddal. Ez a prec\u00edz \u00e9s megb\u00edzhat\u00f3 cserealkatr\u00e9sz z\u00f6kken\u0151mentes navig\u00e1ci\u00f3t \u00e9s egyszer\u0171 telep\u00edt\u00e9st biztos\u00edt.<\/p>\n<p>F\u0151bb jellemz\u0151k:<\/p>\n<p>&#8211; Eredeti Lenovo csere: A kompatibilit\u00e1s \u00e9s a megb\u00edzhat\u00f3s\u00e1g biztos\u00edt\u00e1sa hiteles cserealkatr\u00e9szekkel.<\/p>\n<p>&#8211; K\u00f6nny\u0171 telep\u00edt\u00e9s: Egyszer\u0171 telep\u00edt\u00e9ssel k\u00f6nnyed\u00e9n friss\u00edtheti laptopja \u00e9rint\u0151padj\u00e1t.<\/p>\n<p>&#8211; Tov\u00e1bbfejlesztett funkcionalit\u00e1s: \u00c9lvezze a g\u00f6rd\u00fcl\u00e9keny navig\u00e1ci\u00f3t \u00e9s a prec\u00edz vez\u00e9rl\u00e9st ezzel az eredeti \u00e9rint\u0151paddal.<\/p>\n<p>&#8211; Kompatibilit\u00e1s: \u00dagy tervezt\u00e9k, hogy z\u00f6kken\u0151mentesen m\u0171k\u00f6dj\u00f6n a Lenovo ThinkPad X230 modellekkel.<\/p>\n<p>&#8211; Tart\u00f3s konstrukci\u00f3: \u00fagy k\u00e9sz\u00fclt, hogy ellen\u00e1lljon a napi haszn\u00e1latnak, \u00edgy biztos\u00edtva a hossz\u00fa \u00e9lettartamot \u00e9s a megb\u00edzhat\u00f3s\u00e1got.<\/p>\n<p>Friss\u00edtse Lenovo ThinkPad X230 laptopj\u00e1t m\u00e9g ma az eredeti \u00e9rint\u0151paddal. V\u00e1s\u00e1roljon bizalommal, tudva, hogy min\u0151s\u00e9gi cserealkatr\u00e9szekbe fektet be k\u00e9sz\u00fcl\u00e9k\u00e9hez. Ha k\u00e9rd\u00e9se van, vagy seg\u00edts\u00e9gre van sz\u00fcks\u00e9ge, ne habozzon kapcsolatba l\u00e9pni vel\u00fcnk. Az\u00e9rt vagyunk itt, hogy seg\u00edts\u00fcnk laptopja funkcionalit\u00e1s\u00e1nak jav\u00edt\u00e1s\u00e1ban.<\/p>\n","protected":false},"excerpt":{"rendered":"<p style=\"text-align: left;\">Friss\u00edtse Lenovo ThinkPad X230 \u00e9rint\u0151padj\u00e1t ezzel az eredeti cserealkatr\u00e9szrel. K\u00f6nnyen telep\u00edthet\u0151 \u00e9s kompatibilis a 60.4KH27.012B02 cikksz\u00e1mmal. Fokozza laptopja funkcionalit\u00e1s\u00e1t m\u00e9g ma!<\/p>\n","protected":false},"featured_media":8709,"template":"","meta":[],"product_brand":[],"product_cat":[16],"product_tag":[26],"class_list":{"0":"post-8652","1":"product","2":"type-product","3":"status-publish","4":"has-post-thumbnail","6":"product_cat-laptop-housing","7":"product_tag-lenovo","9":"first","10":"instock","11":"taxable","12":"shipping-taxable","13":"purchasable","14":"product-type-simple"},"_links":{"self":[{"href":"https:\/\/boreait.com\/hu\/wp-json\/wp\/v2\/product\/8652","targetHints":{"allow":["GET"]}}],"collection":[{"href":"https:\/\/boreait.com\/hu\/wp-json\/wp\/v2\/product"}],"about":[{"href":"https:\/\/boreait.com\/hu\/wp-json\/wp\/v2\/types\/product"}],"wp:featuredmedia":[{"embeddable":true,"href":"https:\/\/boreait.com\/hu\/wp-json\/wp\/v2\/media\/8709"}],"wp:attachment":[{"href":"https:\/\/boreait.com\/hu\/wp-json\/wp\/v2\/media?parent=8652"}],"wp:term":[{"taxonomy":"product_brand","embeddable":true,"href":"https:\/\/boreait.com\/hu\/wp-json\/wp\/v2\/product_brand?post=8652"},{"taxonomy":"product_cat","embeddable":true,"href":"https:\/\/boreait.com\/hu\/wp-json\/wp\/v2\/product_cat?post=8652"},{"taxonomy":"product_tag","embeddable":true,"href":"https:\/\/boreait.com\/hu\/wp-json\/wp\/v2\/product_tag?post=8652"}],"curies":[{"name":"wp","href":"https:\/\/api.w.org\/{rel}","templated":true}]}}