{"id":8634,"date":"2025-09-17T12:10:10","date_gmt":"2025-09-17T10:10:10","guid":{"rendered":"https:\/\/boreait.com\/hu\/?post_type=product&#038;p=8634"},"modified":"2025-09-17T12:11:29","modified_gmt":"2025-09-17T10:11:29","slug":"eredeti-lenovo-thinkpad-x230-felso-lcd-fedel-fru-04w6895","status":"publish","type":"product","link":"https:\/\/boreait.com\/hu\/termek\/eredeti-lenovo-thinkpad-x230-felso-lcd-fedel-fru-04w6895\/","title":{"rendered":"Eredeti Lenovo Thinkpad X230 fels\u0151 LCD fed\u00e9l FRU 04W6895"},"content":{"rendered":"<p>N\u00f6velje Lenovo Thinkpad X230 megjelen\u00e9s\u00e9t \u00e9s tart\u00f3ss\u00e1g\u00e1t az eredeti fels\u0151 LCD-fed\u00e9llel. Ez a prec\u00edz \u00e9s megb\u00edzhat\u00f3 cserealkatr\u00e9sz nemcsak laptopja eszt\u00e9tik\u00e1j\u00e1t jav\u00edtja, hanem az LCD-k\u00e9perny\u0151 v\u00e9delm\u00e9t is biztos\u00edtja.<\/p>\n<p>F\u0151bb jellemz\u0151k:<\/p>\n<p>&#8211; Eredeti Lenovo csere: A kompatibilit\u00e1s \u00e9s a megb\u00edzhat\u00f3s\u00e1g biztos\u00edt\u00e1sa hiteles cserealkatr\u00e9szekkel.<\/p>\n<p>&#8211; K\u00f6nny\u0171 telep\u00edt\u00e9s: Egyszer\u0171 telep\u00edt\u00e9ssel k\u00f6nnyed\u00e9n friss\u00edtheti laptopja megjelen\u00e9s\u00e9t, nincs sz\u00fcks\u00e9g szakmai seg\u00edts\u00e9gre.<\/p>\n<p>&#8211; Tov\u00e1bbfejlesztett megjelen\u00e9s: Alak\u00edtsa \u00e1t Lenovo Thinkpad X230 megjelen\u00e9s\u00e9t ezzel az eleg\u00e1ns fels\u0151 LCD-burkolattal.<\/p>\n<p>&#8211; Tov\u00e1bbi v\u00e9delem: Ezzel az er\u0151s burkolattal v\u00e9di az LCD-k\u00e9perny\u0151t a port\u00f3l, a karcol\u00e1sokt\u00f3l \u00e9s az esetleges s\u00e9r\u00fcl\u00e9sekt\u0151l.<\/p>\n<p>K\u00e9rj\u00fck, vegye figyelembe, hogy b\u00e1r a r\u00e9szletes telep\u00edt\u00e9si utas\u00edt\u00e1sokat nem adjuk meg, nyugodtan forduljon hozz\u00e1nk, ha k\u00e9rd\u00e9se van, vagy seg\u00edts\u00e9gre van sz\u00fcks\u00e9ge. A list\u00e1n szerepl\u0151 val\u00f3di term\u00e9kfot\u00f3k pontosan le\u00edrj\u00e1k, hogy mit fog kapni, t\u00fckr\u00f6zve az \u00e1tl\u00e1that\u00f3s\u00e1g \u00e9s az \u00fcgyfelek el\u00e9gedetts\u00e9ge ir\u00e1nti elk\u00f6telezetts\u00e9g\u00fcnket.<\/p>\n<p>Friss\u00edtse Lenovo Thinkpad X230 laptopj\u00e1t m\u00e9g ma az eredeti fels\u0151 LCD-fed\u00e9llel. V\u00e1s\u00e1roljon bizalommal, tudva, hogy laptopja min\u0151s\u00e9gi cserealkatr\u00e9sz\u00e9be fektet be. Ha k\u00e9rd\u00e9se van, vagy tov\u00e1bbi seg\u00edts\u00e9gre van sz\u00fcks\u00e9ge, ne habozzon kapcsolatba l\u00e9pni vel\u00fcnk. Az\u00e9rt vagyunk itt, hogy seg\u00edts\u00fcnk eszk\u00f6ze eszt\u00e9tik\u00e1j\u00e1nak \u00e9s v\u00e9delm\u00e9nek jav\u00edt\u00e1s\u00e1ban.<\/p>\n","protected":false},"excerpt":{"rendered":"<p>Fokozza Lenovo Thinkpad X230 megjelen\u00e9s\u00e9t \u00e9s tart\u00f3ss\u00e1g\u00e1t ezzel az eredeti fels\u0151 LCD-fed\u00e9llel. K\u00f6nnyen telep\u00edthet\u0151 \u00e9s kompatibilis, megb\u00edzhat\u00f3 teljes\u00edtm\u00e9nyt biztos\u00edt. Friss\u00edtse laptopja eszt\u00e9tik\u00e1j\u00e1t m\u00e9g ma!<\/p>\n","protected":false},"featured_media":8703,"template":"","meta":[],"product_brand":[],"product_cat":[16],"product_tag":[26],"class_list":{"0":"post-8634","1":"product","2":"type-product","3":"status-publish","4":"has-post-thumbnail","6":"product_cat-laptop-housing","7":"product_tag-lenovo","9":"first","10":"instock","11":"taxable","12":"shipping-taxable","13":"purchasable","14":"product-type-simple"},"_links":{"self":[{"href":"https:\/\/boreait.com\/hu\/wp-json\/wp\/v2\/product\/8634","targetHints":{"allow":["GET"]}}],"collection":[{"href":"https:\/\/boreait.com\/hu\/wp-json\/wp\/v2\/product"}],"about":[{"href":"https:\/\/boreait.com\/hu\/wp-json\/wp\/v2\/types\/product"}],"wp:featuredmedia":[{"embeddable":true,"href":"https:\/\/boreait.com\/hu\/wp-json\/wp\/v2\/media\/8703"}],"wp:attachment":[{"href":"https:\/\/boreait.com\/hu\/wp-json\/wp\/v2\/media?parent=8634"}],"wp:term":[{"taxonomy":"product_brand","embeddable":true,"href":"https:\/\/boreait.com\/hu\/wp-json\/wp\/v2\/product_brand?post=8634"},{"taxonomy":"product_cat","embeddable":true,"href":"https:\/\/boreait.com\/hu\/wp-json\/wp\/v2\/product_cat?post=8634"},{"taxonomy":"product_tag","embeddable":true,"href":"https:\/\/boreait.com\/hu\/wp-json\/wp\/v2\/product_tag?post=8634"}],"curies":[{"name":"wp","href":"https:\/\/api.w.org\/{rel}","templated":true}]}}