{"id":8632,"date":"2025-09-17T12:10:09","date_gmt":"2025-09-17T10:10:09","guid":{"rendered":"https:\/\/boreait.com\/hu\/?post_type=product&#038;p=8632"},"modified":"2026-01-27T20:12:49","modified_gmt":"2026-01-27T19:12:49","slug":"eredeti-lenovo-thinkpad-x230-laptop-billentyuzet-burkolat-60-4ra02-021-2","status":"publish","type":"product","link":"https:\/\/boreait.com\/hu\/termek\/eredeti-lenovo-thinkpad-x230-laptop-billentyuzet-burkolat-60-4ra02-021-2\/","title":{"rendered":"Eredeti Lenovo Thinkpad X230 laptop billenty\u0171zet burkolat 60.4RA02.021"},"content":{"rendered":"<p>Emelje fel Lenovo Thinkpad X230 laptopja megjelen\u00e9s\u00e9t az eredeti Billenty\u0171zet d\u00edsz\u00edt\u0151burkolattal, cikksz\u00e1m: 60.4RA02.021. A pontoss\u00e1g \u00e9s megb\u00edzhat\u00f3s\u00e1g szem el\u0151tt tart\u00e1s\u00e1val k\u00e9sz\u00fclt, ez az eredeti cserealkatr\u00e9sz nemcsak laptopja megjelen\u00e9s\u00e9t jav\u00edtja, hanem a billenty\u0171zet ter\u00fclet\u00e9t is v\u00e9di.<\/p>\n<p>F\u0151bb jellemz\u0151k:<\/p>\n<p>&#8211; Eredeti Lenovo csere: A kompatibilit\u00e1s \u00e9s a megb\u00edzhat\u00f3s\u00e1g biztos\u00edt\u00e1sa hiteles cserealkatr\u00e9szekkel.<\/p>\n<p>&#8211; K\u00f6nny\u0171 telep\u00edt\u00e9s: Egyszer\u0171 telep\u00edt\u00e9ssel, professzion\u00e1lis seg\u00edts\u00e9g n\u00e9lk\u00fcl, k\u00f6nnyed\u00e9n jav\u00edthatja laptopja eszt\u00e9tik\u00e1j\u00e1t.<\/p>\n<p>&#8211; Tov\u00e1bbfejlesztett megjelen\u00e9s: Alak\u00edtsa \u00e1t Lenovo Thinkpad X230 megjelen\u00e9s\u00e9t ezzel az eleg\u00e1ns billenty\u0171zetbor\u00edt\u00e1ssal.<\/p>\n<p>&#8211; Tov\u00e1bbi v\u00e9delem: Ezzel az er\u0151s burkolattal v\u00e9di a billenty\u0171zet ter\u00fclet\u00e9t a port\u00f3l, t\u00f6rmel\u00e9kt\u0151l \u00e9s az esetleges s\u00e9r\u00fcl\u00e9sekt\u0151l.<\/p>\n<p>Friss\u00edtse Lenovo Thinkpad X230 laptopj\u00e1t m\u00e9g ma az eredeti billenty\u0171zetv\u00e9d\u0151 bor\u00edt\u00e1ssal. V\u00e1s\u00e1roljon bizalommal, tudva, hogy min\u0151s\u00e9gi cserealkatr\u00e9szekbe fektet be k\u00e9sz\u00fcl\u00e9k\u00e9hez. Ha k\u00e9rd\u00e9se van, vagy seg\u00edts\u00e9gre van sz\u00fcks\u00e9ge, ne habozzon kapcsolatba l\u00e9pni vel\u00fcnk. Az\u00e9rt vagyunk itt, hogy seg\u00edts\u00fcnk jav\u00edtani eszk\u00f6ze eszt\u00e9tik\u00e1j\u00e1t.<\/p>\n","protected":false},"excerpt":{"rendered":"<p>N\u00f6velje Lenovo Thinkpad X230 megjelen\u00e9s\u00e9t ezzel az eredeti billenty\u0171zet-d\u00edszbor\u00edt\u00f3val. K\u00f6nnyen telep\u00edthet\u0151 \u00e9s kompatibilis a 60.4RA02.021 cikksz\u00e1mmal. Friss\u00edtse laptopja eszt\u00e9tik\u00e1j\u00e1t m\u00e9g ma!<\/p>\n","protected":false},"featured_media":8688,"template":"","meta":[],"product_brand":[],"product_cat":[16],"product_tag":[26],"class_list":{"0":"post-8632","1":"product","2":"type-product","3":"status-publish","4":"has-post-thumbnail","6":"product_cat-laptop-housing","7":"product_tag-lenovo","9":"first","10":"instock","11":"taxable","12":"shipping-taxable","13":"purchasable","14":"product-type-simple"},"_links":{"self":[{"href":"https:\/\/boreait.com\/hu\/wp-json\/wp\/v2\/product\/8632","targetHints":{"allow":["GET"]}}],"collection":[{"href":"https:\/\/boreait.com\/hu\/wp-json\/wp\/v2\/product"}],"about":[{"href":"https:\/\/boreait.com\/hu\/wp-json\/wp\/v2\/types\/product"}],"wp:featuredmedia":[{"embeddable":true,"href":"https:\/\/boreait.com\/hu\/wp-json\/wp\/v2\/media\/8688"}],"wp:attachment":[{"href":"https:\/\/boreait.com\/hu\/wp-json\/wp\/v2\/media?parent=8632"}],"wp:term":[{"taxonomy":"product_brand","embeddable":true,"href":"https:\/\/boreait.com\/hu\/wp-json\/wp\/v2\/product_brand?post=8632"},{"taxonomy":"product_cat","embeddable":true,"href":"https:\/\/boreait.com\/hu\/wp-json\/wp\/v2\/product_cat?post=8632"},{"taxonomy":"product_tag","embeddable":true,"href":"https:\/\/boreait.com\/hu\/wp-json\/wp\/v2\/product_tag?post=8632"}],"curies":[{"name":"wp","href":"https:\/\/api.w.org\/{rel}","templated":true}]}}